{"id":57209,"date":"2025-11-21T08:52:31","date_gmt":"2025-11-21T07:52:31","guid":{"rendered":"https:\/\/sundar.be\/product\/by-la-nature-callus-softener\/"},"modified":"2025-11-30T16:29:41","modified_gmt":"2025-11-30T15:29:41","slug":"by-la-nature-callus-softener","status":"publish","type":"product","link":"https:\/\/sundar.be\/fr\/produit\/by-la-nature-callus-softener\/","title":{"rendered":"By La Nature Callus Softener"},"content":{"rendered":"<p>Le \u201c<b><span style=\"color: #557e96;\">CALLUS SOFTENER<\/span><\/b>\u201d adoucissant est un traitement efficace et rapide pour \u00e9liminer les cellules mortes et les callosit\u00e9s, tout en r\u00e9parant les pieds ab\u00eem\u00e9s avec des talons fissur\u00e9s.<\/p>\n","protected":false},"excerpt":{"rendered":"<p>By La Nature Callus-Softener est un liquide \u00e0 l\u2019action rapide et puissante pour assouplir les cuticules et les callosit\u00e9s.<\/p>\n","protected":false},"featured_media":57207,"comment_status":"open","ping_status":"closed","template":"","meta":{"_acf_changed":false},"product_brand":[],"product_cat":[6148,6149,4972,5001,4755,5002,5796,5058],"product_tag":[],"class_list":{"0":"post-57209","1":"product","2":"type-product","3":"status-publish","4":"has-post-thumbnail","6":"product_cat-by-la-nature","7":"product_cat-by-la-nature-soins-des-pieds","8":"product_cat-nos-marques","9":"product_cat-outils-pedicure","10":"product_cat-pedicure","11":"product_cat-ramollisseurs-callosites","12":"product_cat-soins-pieds-marque","13":"product_cat-webshop-fr","14":"pa_inhoud-1000-ml-fr","15":"pa_inhoud-5000-ml-fr","17":"first","18":"instock","19":"taxable","20":"shipping-taxable","21":"product-type-variable"},"acf":[],"_links":{"self":[{"href":"https:\/\/sundar.be\/fr\/wp-json\/wp\/v2\/product\/57209","targetHints":{"allow":["GET"]}}],"collection":[{"href":"https:\/\/sundar.be\/fr\/wp-json\/wp\/v2\/product"}],"about":[{"href":"https:\/\/sundar.be\/fr\/wp-json\/wp\/v2\/types\/product"}],"replies":[{"embeddable":true,"href":"https:\/\/sundar.be\/fr\/wp-json\/wp\/v2\/comments?post=57209"}],"wp:featuredmedia":[{"embeddable":true,"href":"https:\/\/sundar.be\/fr\/wp-json\/wp\/v2\/media\/57207"}],"wp:attachment":[{"href":"https:\/\/sundar.be\/fr\/wp-json\/wp\/v2\/media?parent=57209"}],"wp:term":[{"taxonomy":"product_brand","embeddable":true,"href":"https:\/\/sundar.be\/fr\/wp-json\/wp\/v2\/product_brand?post=57209"},{"taxonomy":"product_cat","embeddable":true,"href":"https:\/\/sundar.be\/fr\/wp-json\/wp\/v2\/product_cat?post=57209"},{"taxonomy":"product_tag","embeddable":true,"href":"https:\/\/sundar.be\/fr\/wp-json\/wp\/v2\/product_tag?post=57209"}],"curies":[{"name":"wp","href":"https:\/\/api.w.org\/{rel}","templated":true}]}}