{"id":57201,"date":"2025-11-21T08:43:57","date_gmt":"2025-11-21T07:43:57","guid":{"rendered":"https:\/\/sundar.be\/product\/by-la-nature-callus-body-oil-50ml\/"},"modified":"2025-11-30T16:28:03","modified_gmt":"2025-11-30T15:28:03","slug":"by-la-nature-callus-body-oil-50ml","status":"publish","type":"product","link":"https:\/\/sundar.be\/fr\/produit\/by-la-nature-callus-body-oil-50ml\/","title":{"rendered":"By La Nature Callus &amp; Body Oil 50ml"},"content":{"rendered":"<p><span style=\"color: #557e96;\"><strong>By La Nature Callus &amp; Body Oil<\/strong><\/span> est une huile riche et nourrissante sp\u00e9cialement formul\u00e9e pour traiter la peau dure, les callosit\u00e9s et les zones tr\u00e8s s\u00e8ches du corps. Sa formule enti\u00e8rement v\u00e9g\u00e9tale associe des huiles botaniques luxueuses \u00e0 des actifs naturels qui adoucissent, nourrissent et aident \u00e0 r\u00e9parer la peau. L\u2019huile p\u00e9n\u00e8tre rapidement, ne laisse aucun film gras et enveloppe le corps d\u2019un parfum doux et chaleureux aux notes florales et d\u2019agrumes.  <\/p>\n","protected":false},"excerpt":{"rendered":"<p>Cette huile multifonction r\u00e9duit les callosit\u00e9s et adoucit les zones rugueuses tout en hydratant et nourrissant intens\u00e9ment le reste du corps. Les huiles naturelles am\u00e9liorent l\u2019\u00e9lasticit\u00e9 cutan\u00e9e et procurent une peau souple, lisse et confortable. <\/p>\n","protected":false},"featured_media":57200,"comment_status":"open","ping_status":"closed","template":"","meta":{"_acf_changed":false},"product_brand":[],"product_cat":[6148,6149,5000,4972,4755,4999,5796,5058],"product_tag":[],"class_list":{"0":"post-57201","1":"product","2":"type-product","3":"status-publish","4":"has-post-thumbnail","6":"product_cat-by-la-nature","7":"product_cat-by-la-nature-soins-des-pieds","8":"product_cat-callosites-crevasses","9":"product_cat-nos-marques","10":"product_cat-pedicure","11":"product_cat-soins-specifique-pieds","12":"product_cat-soins-pieds-marque","13":"product_cat-webshop-fr","15":"first","16":"instock","17":"taxable","18":"shipping-taxable","19":"product-type-simple"},"acf":[],"_links":{"self":[{"href":"https:\/\/sundar.be\/fr\/wp-json\/wp\/v2\/product\/57201","targetHints":{"allow":["GET"]}}],"collection":[{"href":"https:\/\/sundar.be\/fr\/wp-json\/wp\/v2\/product"}],"about":[{"href":"https:\/\/sundar.be\/fr\/wp-json\/wp\/v2\/types\/product"}],"replies":[{"embeddable":true,"href":"https:\/\/sundar.be\/fr\/wp-json\/wp\/v2\/comments?post=57201"}],"wp:featuredmedia":[{"embeddable":true,"href":"https:\/\/sundar.be\/fr\/wp-json\/wp\/v2\/media\/57200"}],"wp:attachment":[{"href":"https:\/\/sundar.be\/fr\/wp-json\/wp\/v2\/media?parent=57201"}],"wp:term":[{"taxonomy":"product_brand","embeddable":true,"href":"https:\/\/sundar.be\/fr\/wp-json\/wp\/v2\/product_brand?post=57201"},{"taxonomy":"product_cat","embeddable":true,"href":"https:\/\/sundar.be\/fr\/wp-json\/wp\/v2\/product_cat?post=57201"},{"taxonomy":"product_tag","embeddable":true,"href":"https:\/\/sundar.be\/fr\/wp-json\/wp\/v2\/product_tag?post=57201"}],"curies":[{"name":"wp","href":"https:\/\/api.w.org\/{rel}","templated":true}]}}