{"id":57192,"date":"2025-11-21T08:01:52","date_gmt":"2025-11-21T07:01:52","guid":{"rendered":"https:\/\/sundar.be\/product\/by-la-nature-revitalising-cooling-gel\/"},"modified":"2025-11-21T08:06:39","modified_gmt":"2025-11-21T07:06:39","slug":"by-la-nature-revitalising-cooling-gel","status":"publish","type":"product","link":"https:\/\/sundar.be\/fr\/produit\/by-la-nature-revitalising-cooling-gel\/","title":{"rendered":"By La Nature Revitalising Cooling Gel"},"content":{"rendered":"<p>Gel rafra\u00eechissant aux extraits de plantes aromatiques pour les jambes et les pieds lourds.<\/p>\n<ul>\n<li>Soulage les jambes et les pieds fatigu\u00e9s et stimule la circulation sanguine.<\/li>\n<li>Formul\u00e9 avec des ingr\u00e9dients actifs rafra\u00eechissants qui procurent une sensation ultra-fra\u00eeche et agr\u00e9able.<\/li>\n<\/ul>\n","protected":false},"excerpt":{"rendered":"<p>Gel rafra\u00eechissant aux extraits de plantes aromatiques pour les jambes et les pieds lourds. Soulage les jambes et les pieds fatigu\u00e9s et stimule la circulation sanguine. Formul\u00e9 avec des ingr\u00e9dients actifs rafra\u00eechissants qui procurent une sensation ultra-fra\u00eeche et agr\u00e9able.<\/p>\n","protected":false},"featured_media":57191,"comment_status":"open","ping_status":"closed","template":"","meta":{"_acf_changed":false},"product_brand":[],"product_cat":[6148,6149,5053,5257,4972,4755,4999,5796,4996,5058],"product_tag":[],"class_list":{"0":"post-57192","1":"product","2":"type-product","3":"status-publish","4":"has-post-thumbnail","6":"product_cat-by-la-nature","7":"product_cat-by-la-nature-soins-des-pieds","8":"product_cat-cremes-rafraichissantes","9":"product_cat-jambes-pieds-fatigues","10":"product_cat-nos-marques","11":"product_cat-pedicure","12":"product_cat-soins-specifique-pieds","13":"product_cat-soins-pieds-marque","14":"product_cat-soins-quotidiens-des-pieds","15":"product_cat-webshop-fr","16":"pa_inhoud-150ml-fr","17":"pa_inhoud-50-ml-fr","18":"pa_inhoud-500-ml-fr","20":"first","21":"instock","22":"taxable","23":"shipping-taxable","24":"product-type-variable"},"acf":[],"_links":{"self":[{"href":"https:\/\/sundar.be\/fr\/wp-json\/wp\/v2\/product\/57192","targetHints":{"allow":["GET"]}}],"collection":[{"href":"https:\/\/sundar.be\/fr\/wp-json\/wp\/v2\/product"}],"about":[{"href":"https:\/\/sundar.be\/fr\/wp-json\/wp\/v2\/types\/product"}],"replies":[{"embeddable":true,"href":"https:\/\/sundar.be\/fr\/wp-json\/wp\/v2\/comments?post=57192"}],"wp:featuredmedia":[{"embeddable":true,"href":"https:\/\/sundar.be\/fr\/wp-json\/wp\/v2\/media\/57191"}],"wp:attachment":[{"href":"https:\/\/sundar.be\/fr\/wp-json\/wp\/v2\/media?parent=57192"}],"wp:term":[{"taxonomy":"product_brand","embeddable":true,"href":"https:\/\/sundar.be\/fr\/wp-json\/wp\/v2\/product_brand?post=57192"},{"taxonomy":"product_cat","embeddable":true,"href":"https:\/\/sundar.be\/fr\/wp-json\/wp\/v2\/product_cat?post=57192"},{"taxonomy":"product_tag","embeddable":true,"href":"https:\/\/sundar.be\/fr\/wp-json\/wp\/v2\/product_tag?post=57192"}],"curies":[{"name":"wp","href":"https:\/\/api.w.org\/{rel}","templated":true}]}}