{"id":56813,"date":"2025-09-16T12:08:44","date_gmt":"2025-09-16T10:08:44","guid":{"rendered":"https:\/\/sundar.be\/product\/chi-vertargil-argile-blanche\/"},"modified":"2025-11-14T07:58:44","modified_gmt":"2025-11-14T06:58:44","slug":"chi-vertargil-argile-blanche","status":"publish","type":"product","link":"https:\/\/sundar.be\/fr\/produit\/chi-vertargil-argile-blanche\/","title":{"rendered":"Chi Vertargil Argile Blanche"},"content":{"rendered":"<p>Chi Vertargil Argile Blanche est une argile kaolin naturelle, douce et finement moulue, riche en min\u00e9raux et reconnue pour son action purifiante, absorbante et apaisante sur la peau. Gr\u00e2ce \u00e0 sa texture d\u00e9licate, l\u2019argile blanche convient particuli\u00e8rement aux peaux sensibles et s\u00e8ches : elle \u00e9limine les impuret\u00e9s sans ass\u00e9cher la peau et soutient la capacit\u00e9 naturelle de r\u00e9g\u00e9n\u00e9ration. D\u00e9toxifiante, adoucissante et rafra\u00eechissante, elle rend la peau visiblement lisse, nette et \u00e9clatante.  <\/p>\n","protected":false},"excerpt":{"rendered":"<p>Une argile min\u00e9rale douce qui purifie, adoucit et d\u00e9toxifie la peau sans perturber son \u00e9quilibre naturel. Id\u00e9ale pour les peaux sensibles et pour les masques du visage, compresses et enveloppements. <\/p>\n","protected":false},"featured_media":56811,"comment_status":"open","ping_status":"closed","template":"","meta":{"_acf_changed":false},"product_brand":[],"product_cat":[4767,6090,6106,5238,5239,4972,4920,5058],"product_tag":[],"class_list":{"0":"post-56813","1":"product","2":"type-product","3":"status-publish","4":"has-post-thumbnail","6":"product_cat-beaute","7":"product_cat-chi-natural-life","8":"product_cat-chi-soin-de-la-peau","9":"product_cat-tout-pour-visage-masques","10":"product_cat-masques-argile","11":"product_cat-nos-marques","12":"product_cat-beaute-soins-du-visage","13":"product_cat-webshop-fr","14":"pa_inhoud-100-g-fr","15":"pa_inhoud-250-g-fr-2","17":"first","18":"instock","19":"taxable","20":"shipping-taxable","21":"product-type-variable"},"acf":[],"_links":{"self":[{"href":"https:\/\/sundar.be\/fr\/wp-json\/wp\/v2\/product\/56813","targetHints":{"allow":["GET"]}}],"collection":[{"href":"https:\/\/sundar.be\/fr\/wp-json\/wp\/v2\/product"}],"about":[{"href":"https:\/\/sundar.be\/fr\/wp-json\/wp\/v2\/types\/product"}],"replies":[{"embeddable":true,"href":"https:\/\/sundar.be\/fr\/wp-json\/wp\/v2\/comments?post=56813"}],"wp:featuredmedia":[{"embeddable":true,"href":"https:\/\/sundar.be\/fr\/wp-json\/wp\/v2\/media\/56811"}],"wp:attachment":[{"href":"https:\/\/sundar.be\/fr\/wp-json\/wp\/v2\/media?parent=56813"}],"wp:term":[{"taxonomy":"product_brand","embeddable":true,"href":"https:\/\/sundar.be\/fr\/wp-json\/wp\/v2\/product_brand?post=56813"},{"taxonomy":"product_cat","embeddable":true,"href":"https:\/\/sundar.be\/fr\/wp-json\/wp\/v2\/product_cat?post=56813"},{"taxonomy":"product_tag","embeddable":true,"href":"https:\/\/sundar.be\/fr\/wp-json\/wp\/v2\/product_tag?post=56813"}],"curies":[{"name":"wp","href":"https:\/\/api.w.org\/{rel}","templated":true}]}}