{"id":56809,"date":"2025-09-16T12:11:53","date_gmt":"2025-09-16T10:11:53","guid":{"rendered":"https:\/\/sundar.be\/product\/chi-huile-vegetale-damande-biologique-100ml\/"},"modified":"2025-11-14T07:48:27","modified_gmt":"2025-11-14T06:48:27","slug":"chi-huile-vegetale-damande-biologique-100ml","status":"publish","type":"product","link":"https:\/\/sundar.be\/fr\/produit\/chi-huile-vegetale-damande-biologique-100ml\/","title":{"rendered":"Chi Huile V\u00e9g\u00e9tale d\u2019Amande (Biologique) 100ml"},"content":{"rendered":"<p>Chi Huile V\u00e9g\u00e9tale d\u2019Amande est une huile 100% biologique, press\u00e9e \u00e0 froid \u00e0 partir d\u2019amandes douces, reconnue pour sa richesse en acides gras insatur\u00e9s, vitamine E et min\u00e9raux nourrissants. Douce, peu odorante et tr\u00e8s bien tol\u00e9r\u00e9e par la peau, elle est id\u00e9ale pour les soins cutan\u00e9s quotidiens, le massage et comme huile de base pour l\u2019aromath\u00e9rapie. Sa texture naturelle et l\u00e9g\u00e8re p\u00e9n\u00e8tre facilement sans laisser de film gras, offrant une hydratation durable, de la souplesse et une protection optimale.  <\/p>\n","protected":false},"excerpt":{"rendered":"<p data-start=\"683\" data-end=\"832\">Une huile d\u2019amande pure et biologique qui adoucit et nourrit la peau en profondeur. Parfaite pour les peaux sensibles, le massage et comme base pour les huiles essentielles. <\/p>\n<h3 data-start=\"834\" data-end=\"851\"><\/h3>\n","protected":false},"featured_media":56808,"comment_status":"open","ping_status":"closed","template":"","meta":{"_acf_changed":false},"product_brand":[],"product_cat":[6090,5676,4225,6115,4223,4972,5058],"product_tag":[],"class_list":{"0":"post-56809","1":"product","2":"type-product","3":"status-publish","4":"has-post-thumbnail","6":"product_cat-chi-natural-life","7":"product_cat-chi-natural-life-massage","8":"product_cat-huiles-de-massage-lotions","9":"product_cat-chi-huile-vegetale","10":"product_cat-massage-fr-webshop-fr","11":"product_cat-nos-marques","12":"product_cat-webshop-fr","14":"first","15":"instock","16":"taxable","17":"shipping-taxable","18":"product-type-simple"},"acf":[],"_links":{"self":[{"href":"https:\/\/sundar.be\/fr\/wp-json\/wp\/v2\/product\/56809","targetHints":{"allow":["GET"]}}],"collection":[{"href":"https:\/\/sundar.be\/fr\/wp-json\/wp\/v2\/product"}],"about":[{"href":"https:\/\/sundar.be\/fr\/wp-json\/wp\/v2\/types\/product"}],"replies":[{"embeddable":true,"href":"https:\/\/sundar.be\/fr\/wp-json\/wp\/v2\/comments?post=56809"}],"wp:featuredmedia":[{"embeddable":true,"href":"https:\/\/sundar.be\/fr\/wp-json\/wp\/v2\/media\/56808"}],"wp:attachment":[{"href":"https:\/\/sundar.be\/fr\/wp-json\/wp\/v2\/media?parent=56809"}],"wp:term":[{"taxonomy":"product_brand","embeddable":true,"href":"https:\/\/sundar.be\/fr\/wp-json\/wp\/v2\/product_brand?post=56809"},{"taxonomy":"product_cat","embeddable":true,"href":"https:\/\/sundar.be\/fr\/wp-json\/wp\/v2\/product_cat?post=56809"},{"taxonomy":"product_tag","embeddable":true,"href":"https:\/\/sundar.be\/fr\/wp-json\/wp\/v2\/product_tag?post=56809"}],"curies":[{"name":"wp","href":"https:\/\/api.w.org\/{rel}","templated":true}]}}