{"id":56806,"date":"2025-09-16T12:13:44","date_gmt":"2025-09-16T10:13:44","guid":{"rendered":"https:\/\/sundar.be\/product\/chi-huile-de-noyau-dabricot-biologique-100-ml\/"},"modified":"2025-11-13T17:43:48","modified_gmt":"2025-11-13T16:43:48","slug":"chi-huile-de-noyau-dabricot-biologique-100-ml","status":"publish","type":"product","link":"https:\/\/sundar.be\/fr\/produit\/chi-huile-de-noyau-dabricot-biologique-100-ml\/","title":{"rendered":"Chi Huile de Noyau d\u2019Abricot (Biologique) 100 ml<br>"},"content":{"rendered":"<p>L\u2019huile de noyau d\u2019abricot Chi est une huile pour la peau et les cheveux, douce, l\u00e9g\u00e8re et 100 % naturelle, obtenue \u00e0 partir des noyaux d\u2019abricots press\u00e9s \u00e0 froid. Cette huile est r\u00e9put\u00e9e pour son caract\u00e8re doux et sa facilit\u00e9 d\u2019absorption, ce qui la rend id\u00e9ale pour les peaux sensibles ou s\u00e8ches. <\/p>\n","protected":false},"excerpt":{"rendered":"<article class=\"text-token-text-primary w-full focus:outline-none [--shadow-height:45px] has-data-writing-block:pointer-events-none has-data-writing-block:-mt-(--shadow-height) has-data-writing-block:pt-(--shadow-height) [&amp;:has([data-writing-block])&gt;*]:pointer-events-auto [content-visibility:auto] supports-[content-visibility:auto]:[contain-intrinsic-size:auto_100lvh] scroll-mt-[calc(var(--header-height)+min(200px,max(70px,20svh)))]\" dir=\"auto\" tabindex=\"-1\" data-turn-id=\"request-WEB:ec7d98d3-bb0d-4a34-a997-6b49c27eba25-2\" data-testid=\"conversation-turn-6\" data-scroll-anchor=\"true\" data-turn=\"assistant\">\n<div class=\"text-base my-auto mx-auto pb-10 [--thread-content-margin:--spacing(4)] thread-sm:[--thread-content-margin:--spacing(6)] thread-lg:[--thread-content-margin:--spacing(16)] px-(--thread-content-margin)\">\n<div class=\"[--thread-content-max-width:40rem] thread-lg:[--thread-content-max-width:48rem] mx-auto max-w-(--thread-content-max-width) flex-1 group\/turn-messages focus-visible:outline-hidden relative flex w-full min-w-0 flex-col agent-turn\" tabindex=\"-1\">\n<div class=\"flex max-w-full flex-col grow\">\n<div class=\"min-h-8 text-message relative flex w-full flex-col items-end gap-2 text-start break-words whitespace-normal [.text-message+&amp;]:mt-1\" dir=\"auto\" data-message-author-role=\"assistant\" data-message-id=\"a1e7e4a6-27b4-4b4b-9a82-3916ed5a85d0\" data-message-model-slug=\"gpt-5-1\">\n<div class=\"flex w-full flex-col gap-1 empty:hidden first:pt-[1px]\">\n<div class=\"markdown prose dark:prose-invert w-full break-words light markdown-new-styling\">\n<p data-start=\"953\" data-end=\"1170\" data-is-last-node=\"\" data-is-only-node=\"\">L\u2019huile de noyau d\u2019abricot CHI hydrate et adoucit la peau gr\u00e2ce \u00e0 sa texture l\u00e9g\u00e8re et \u00e0 ses vitamines nourrissantes. L\u2019huile p\u00e9n\u00e8tre rapidement et convient particuli\u00e8rement aux peaux sensibles ou s\u00e8ches.<\/p>\n<p> <\/p>\n<\/div>\n<\/div>\n<\/div>\n<\/div>\n<div class=\"z-0 flex min-h-[46px] justify-start\"><\/div>\n<div class=\"mt-3 w-full empty:hidden\">\n<div class=\"text-center\"><\/div>\n<\/div>\n<\/div>\n<\/div>\n<\/article>\n<div class=\"pointer-events-none h-px w-px\" aria-hidden=\"true\" data-edge=\"true\"><\/div>\n","protected":false},"featured_media":55449,"comment_status":"open","ping_status":"closed","template":"","meta":{"_acf_changed":false},"product_brand":[],"product_cat":[6090,5676,4225,6115,4223,4972,5058],"product_tag":[],"class_list":{"0":"post-56806","1":"product","2":"type-product","3":"status-publish","4":"has-post-thumbnail","6":"product_cat-chi-natural-life","7":"product_cat-chi-natural-life-massage","8":"product_cat-huiles-de-massage-lotions","9":"product_cat-chi-huile-vegetale","10":"product_cat-massage-fr-webshop-fr","11":"product_cat-nos-marques","12":"product_cat-webshop-fr","14":"first","15":"instock","16":"taxable","17":"shipping-taxable","18":"product-type-simple"},"acf":[],"_links":{"self":[{"href":"https:\/\/sundar.be\/fr\/wp-json\/wp\/v2\/product\/56806","targetHints":{"allow":["GET"]}}],"collection":[{"href":"https:\/\/sundar.be\/fr\/wp-json\/wp\/v2\/product"}],"about":[{"href":"https:\/\/sundar.be\/fr\/wp-json\/wp\/v2\/types\/product"}],"replies":[{"embeddable":true,"href":"https:\/\/sundar.be\/fr\/wp-json\/wp\/v2\/comments?post=56806"}],"wp:featuredmedia":[{"embeddable":true,"href":"https:\/\/sundar.be\/fr\/wp-json\/wp\/v2\/media\/55449"}],"wp:attachment":[{"href":"https:\/\/sundar.be\/fr\/wp-json\/wp\/v2\/media?parent=56806"}],"wp:term":[{"taxonomy":"product_brand","embeddable":true,"href":"https:\/\/sundar.be\/fr\/wp-json\/wp\/v2\/product_brand?post=56806"},{"taxonomy":"product_cat","embeddable":true,"href":"https:\/\/sundar.be\/fr\/wp-json\/wp\/v2\/product_cat?post=56806"},{"taxonomy":"product_tag","embeddable":true,"href":"https:\/\/sundar.be\/fr\/wp-json\/wp\/v2\/product_tag?post=56806"}],"curies":[{"name":"wp","href":"https:\/\/api.w.org\/{rel}","templated":true}]}}