{"id":56803,"date":"2025-09-16T12:15:40","date_gmt":"2025-09-16T10:15:40","guid":{"rendered":"https:\/\/sundar.be\/product\/chi-huile-argan-biologique-50ml\/"},"modified":"2025-11-13T17:39:24","modified_gmt":"2025-11-13T16:39:24","slug":"chi-huile-argan-biologique-50ml","status":"publish","type":"product","link":"https:\/\/sundar.be\/fr\/produit\/chi-huile-argan-biologique-50ml\/","title":{"rendered":"Chi Huile Argan (Biologique) 50ml"},"content":{"rendered":"<p>L\u2019huile d\u2019argan CHI press\u00e9e \u00e0 froid est une huile 100 % naturelle obtenue par une extraction douce qui pr\u00e9serve au mieux les vitamines, antioxydants et acides gras essentiels. Cela en fait un soin particuli\u00e8rement nourrissant pour les cheveux et la peau. <\/p>\n","protected":false},"excerpt":{"rendered":"<p>L\u2019huile d\u2019argan CHI press\u00e9e \u00e0 froid nourrit et r\u00e9pare les cheveux et la peau gr\u00e2ce \u00e0 sa richesse en antioxydants et acides gras essentiels. Elle apporte brillance, douceur et hydratation sans alourdir.<\/p>\n<p> <\/p>\n","protected":false},"featured_media":56801,"comment_status":"open","ping_status":"closed","template":"","meta":{"_acf_changed":false},"product_brand":[],"product_cat":[6090,5676,4225,6115,4223,4972,5058],"product_tag":[],"class_list":{"0":"post-56803","1":"product","2":"type-product","3":"status-publish","4":"has-post-thumbnail","6":"product_cat-chi-natural-life","7":"product_cat-chi-natural-life-massage","8":"product_cat-huiles-de-massage-lotions","9":"product_cat-chi-huile-vegetale","10":"product_cat-massage-fr-webshop-fr","11":"product_cat-nos-marques","12":"product_cat-webshop-fr","14":"first","15":"instock","16":"taxable","17":"shipping-taxable","18":"product-type-simple"},"acf":[],"_links":{"self":[{"href":"https:\/\/sundar.be\/fr\/wp-json\/wp\/v2\/product\/56803","targetHints":{"allow":["GET"]}}],"collection":[{"href":"https:\/\/sundar.be\/fr\/wp-json\/wp\/v2\/product"}],"about":[{"href":"https:\/\/sundar.be\/fr\/wp-json\/wp\/v2\/types\/product"}],"replies":[{"embeddable":true,"href":"https:\/\/sundar.be\/fr\/wp-json\/wp\/v2\/comments?post=56803"}],"wp:featuredmedia":[{"embeddable":true,"href":"https:\/\/sundar.be\/fr\/wp-json\/wp\/v2\/media\/56801"}],"wp:attachment":[{"href":"https:\/\/sundar.be\/fr\/wp-json\/wp\/v2\/media?parent=56803"}],"wp:term":[{"taxonomy":"product_brand","embeddable":true,"href":"https:\/\/sundar.be\/fr\/wp-json\/wp\/v2\/product_brand?post=56803"},{"taxonomy":"product_cat","embeddable":true,"href":"https:\/\/sundar.be\/fr\/wp-json\/wp\/v2\/product_cat?post=56803"},{"taxonomy":"product_tag","embeddable":true,"href":"https:\/\/sundar.be\/fr\/wp-json\/wp\/v2\/product_tag?post=56803"}],"curies":[{"name":"wp","href":"https:\/\/api.w.org\/{rel}","templated":true}]}}