{"id":56802,"date":"2025-09-16T12:17:19","date_gmt":"2025-09-16T10:17:19","guid":{"rendered":"https:\/\/sundar.be\/product\/chi-arnica-10-macerat-biologique-100ml\/"},"modified":"2025-11-13T17:37:34","modified_gmt":"2025-11-13T16:37:34","slug":"chi-arnica-10-macerat-biologique-100ml","status":"publish","type":"product","link":"https:\/\/sundar.be\/fr\/produit\/chi-arnica-10-macerat-biologique-100ml\/","title":{"rendered":"Chi Arnica 10% Mac\u00e9rat (Biologique) 100ml"},"content":{"rendered":"<h2><strong>Mac\u00e9rat Bio d\u2019Arnica<\/strong><\/h2>\n<p>Le mac\u00e9rat Bio d\u2019arnica provient de l\u2019arnica, une plante m\u00e9dicinale tr\u00e8s ancienne ayant une longue histoire en Allemagne et en Autriche. L\u2019arnica pure, \u00e9galement appel\u00e9e \u00ab herbe aux chutes \u00bb, est r\u00e9put\u00e9e comme l\u2019huile par excellence pour les muscles et les articulations. Le mac\u00e9rat est id\u00e9al comme huile de massage chauffante au pouvoir apaisant. La plante pousse sur les pentes montagneuses d\u2019Europe et d\u2019Asie occidentale. Ses fleurs jaune dor\u00e9, hautes de 30 \u00e0 60 centim\u00e8tres, apparaissent seules sur des tiges velues et rappellent de petites tournesols. En juin et juillet, les fleurs sont r\u00e9colt\u00e9es, s\u00e9ch\u00e9es puis transform\u00e9es en teintures et en mac\u00e9rats, un processus qui peut durer plusieurs mois. Le nom \u00ab Arnica \u00bb est un ancien terme grec, probablement d\u00e9riv\u00e9 de \u00ab arnakis \u00bb, qui signifie \u00ab peau d\u2019agneau \u00bb, en r\u00e9f\u00e9rence aux feuilles douces de la plante.      <\/p>\n<h2><strong><span data-contrast=\"none\">Action de l\u2019arnica dans les soins de la peau &amp; massage<br \/> <\/span><\/strong><\/h2>\n<p>En soin cutan\u00e9, le mac\u00e9rat d\u2019arnica est utilis\u00e9 pour divers probl\u00e8mes de peau et constitue un bon soutien en cas de vergetures, y compris pendant la grossesse. Le mac\u00e9rat d\u2019arnica est id\u00e9al comme huile de massage pour les muscles fatigu\u00e9s, par exemple apr\u00e8s le sport. Gr\u00e2ce \u00e0 ses propri\u00e9t\u00e9s chauffantes, il est \u00e9galement tr\u00e8s adapt\u00e9 pour des articulations souples, pour les mains et pieds froids, ou comme huile de massage r\u00e9chauffante pendant les mois d\u2019hiver. Pour une huile de massage hivernale ou une huile musculaire, il est recommand\u00e9 de m\u00e9langer le mac\u00e9rat avec une autre huile v\u00e9g\u00e9tale comme le jojoba, l\u2019amande douce ou le noyau d\u2019abricot. Pour 100 millilitres d\u2019huile v\u00e9g\u00e9tale, on peut ajouter en option 10 \u00e0 15 gouttes d\u2019huile essentielle.    <\/p>\n<h2><strong>Qu\u2019est-ce qu\u2019un mac\u00e9rat ?<\/strong><\/h2>\n<p>Un mac\u00e9rat est un produit huileux obtenu en faisant longuement mac\u00e9rer des fleurs ou d\u2019autres parties de plantes dans une huile v\u00e9g\u00e9tale, g\u00e9n\u00e9ralement de l\u2019huile d\u2019olive. Le nom provient du mot latin \u00ab macerare \u00bb, qui signifie \u00ab mettre \u00e0 tremper \u00bb. En laissant les plantes infuser pendant un mois ou plus dans une huile d\u2019olive de haute qualit\u00e9, leurs principes actifs se lib\u00e8rent de mani\u00e8re traditionnelle. Apr\u00e8s filtration, le mac\u00e9rat est pr\u00eat \u00e0 l\u2019emploi. Ce mac\u00e9rat d\u2019arnica contient 10 % d\u2019arnica dans de l\u2019huile d\u2019olive, ce qui signifie qu\u2019il est obtenu avec un m\u00e9lange de 1000 kilos d\u2019huile d\u2019olive et 100 kilos de fleurs d\u2019arnica.    <\/p>\n","protected":false},"excerpt":{"rendered":"<p>Mac\u00e9rat Bio d\u2019Arnica Le mac\u00e9rat Bio d\u2019arnica provient de l\u2019arnica, une plante m\u00e9dicinale tr\u00e8s ancienne ayant une longue histoire en Allemagne et en Autriche. L\u2019arnica pure, \u00e9galement appel\u00e9e \u00ab herbe aux chutes \u00bb, est r\u00e9put\u00e9e comme l\u2019huile par excellence pour les muscles et les articulations. Le mac\u00e9rat est id\u00e9al comme huile de massage chauffante au [&hellip;]<\/p>\n","protected":false},"featured_media":56799,"comment_status":"open","ping_status":"closed","template":"","meta":{"_acf_changed":false},"product_brand":[],"product_cat":[6090,6115,4972],"product_tag":[],"class_list":{"0":"post-56802","1":"product","2":"type-product","3":"status-publish","4":"has-post-thumbnail","6":"product_cat-chi-natural-life","7":"product_cat-chi-huile-vegetale","8":"product_cat-nos-marques","10":"first","11":"instock","12":"taxable","13":"shipping-taxable","14":"product-type-simple"},"acf":[],"_links":{"self":[{"href":"https:\/\/sundar.be\/fr\/wp-json\/wp\/v2\/product\/56802","targetHints":{"allow":["GET"]}}],"collection":[{"href":"https:\/\/sundar.be\/fr\/wp-json\/wp\/v2\/product"}],"about":[{"href":"https:\/\/sundar.be\/fr\/wp-json\/wp\/v2\/types\/product"}],"replies":[{"embeddable":true,"href":"https:\/\/sundar.be\/fr\/wp-json\/wp\/v2\/comments?post=56802"}],"wp:featuredmedia":[{"embeddable":true,"href":"https:\/\/sundar.be\/fr\/wp-json\/wp\/v2\/media\/56799"}],"wp:attachment":[{"href":"https:\/\/sundar.be\/fr\/wp-json\/wp\/v2\/media?parent=56802"}],"wp:term":[{"taxonomy":"product_brand","embeddable":true,"href":"https:\/\/sundar.be\/fr\/wp-json\/wp\/v2\/product_brand?post=56802"},{"taxonomy":"product_cat","embeddable":true,"href":"https:\/\/sundar.be\/fr\/wp-json\/wp\/v2\/product_cat?post=56802"},{"taxonomy":"product_tag","embeddable":true,"href":"https:\/\/sundar.be\/fr\/wp-json\/wp\/v2\/product_tag?post=56802"}],"curies":[{"name":"wp","href":"https:\/\/api.w.org\/{rel}","templated":true}]}}