{"id":56795,"date":"2025-09-16T12:20:28","date_gmt":"2025-09-16T10:20:28","guid":{"rendered":"https:\/\/sundar.be\/product\/chi-macerat-de-calendula-10-biologique-100ml\/"},"modified":"2025-11-13T17:30:38","modified_gmt":"2025-11-13T16:30:38","slug":"chi-macerat-de-calendula-10-biologique-100ml","status":"publish","type":"product","link":"https:\/\/sundar.be\/fr\/produit\/chi-macerat-de-calendula-10-biologique-100ml\/","title":{"rendered":"Chi Mac\u00e9rat de Calendula 10% (Biologique) 100ml"},"content":{"rendered":"<h2 style=\"font-weight: 300;\"><strong style=\"font-weight: 300;\">Mac\u00e9rat de calendula 10%<br \/><span data-ccp-props=\"{\"134233117\":true,\"134233118\":true}\"> <\/span><\/strong><\/h2>\n<p>Le calendula, ou souci, est une plante m\u00e9dicinale ancestrale appr\u00e9ci\u00e9e depuis des mill\u00e9naires pour ses propri\u00e9t\u00e9s r\u00e9g\u00e9n\u00e9ratrices sur la peau. Originaire du bassin m\u00e9diterran\u00e9en et d\u2019Asie, elle est aujourd\u2019hui largement cultiv\u00e9e dans les jardins. Ses fleurs jaune \u00e0 orange dor\u00e9 se distinguent par leur floraison abondante du d\u00e9but du printemps jusqu\u2019\u00e0 la fin de l\u2019automne. Son nom latin, calendula, vient de \u201ccalendae\u201d, le premier jour du mois, en r\u00e9f\u00e9rence \u00e0 sa longue p\u00e9riode de floraison.   <\/p>\n<h2 style=\"font-weight: 300;\"><strong style=\"font-weight: 300;\"><span data-contrast=\"none\">Soin de la peau &amp; massage<br \/> <\/span><\/strong><\/h2>\n<p>Le mac\u00e9rat de calendula 10% peut \u00eatre appliqu\u00e9 pur pour divers probl\u00e8mes cutan\u00e9s et est reconnu comme l\u2019une des meilleures huiles pour les peaux gerc\u00e9es et irrit\u00e9es. Il convient particuli\u00e8rement aux peaux sensibles ou squameuses et peut \u00eatre utilis\u00e9 sans risque sur la peau des b\u00e9b\u00e9s, qui a tendance \u00e0 s\u2019irriter rapidement (notamment en cas d\u2019\u00e9ryth\u00e8me fessier). Gr\u00e2ce \u00e0 ses propri\u00e9t\u00e9s hydratantes et protectrices, le calendula est \u00e9galement id\u00e9al comme huile apr\u00e8s-soleil. Des \u00e9tudes scientifiques montrent que le calendula soutient le pouvoir r\u00e9g\u00e9n\u00e9rant de la peau. Ce mac\u00e9rat constitue en outre un ingr\u00e9dient essentiel de la Calendula Repair Balm, utile aussi bien dans les situations aigu\u00ebs qu\u2019en cas d\u2019irritation persistante.    <\/p>\n<p><span data-contrast=\"none\">Le mac\u00e9rat peut \u00eatre appliqu\u00e9 pur ou m\u00e9lang\u00e9, par exemple, \u00e0 de l\u2019huile d\u2019amande ou de jojoba pour obtenir une huile (de b\u00e9b\u00e9) encore plus douce. Le mac\u00e9rat de calendula est indiqu\u00e9 en cas de :<br \/> <\/span><span data-ccp-props=\"{\"134233117\":true,\"134233118\":true}\"> <\/span><\/p>\n<ul>\n<li><span data-contrast=\"none\">Peaux gerc\u00e9es<\/span><\/li>\n<li><span data-contrast=\"none\">Fissures<\/span><\/li>\n<li><span data-contrast=\"none\">Peau rouge et irrit\u00e9e<\/span><\/li>\n<li><span data-contrast=\"none\">Peau d\u00e9shydrat\u00e9e<\/span><\/li>\n<li><span data-contrast=\"none\">Peau sensible et b\u00e9b\u00e9s<\/span><\/li>\n<li><span data-contrast=\"none\">\u00c9ryth\u00e8me fessier et rougeurs<br \/><\/span><span data-ccp-props=\"{\"134233117\":true,\"134233118\":true}\"> <\/span><\/li>\n<\/ul>\n<p>Pour une huile de massage relaxante, on peut utiliser 100 millilitres d\u2019huile v\u00e9g\u00e9tale grasse et ajouter \u00e9ventuellement 10 \u00e0 15 gouttes d\u2019huile essentielle.<\/p>\n<h2 style=\"font-weight: 300;\"><strong style=\"font-weight: 300;\"><span data-contrast=\"none\">Qu\u2019est-ce qu\u2019un mac\u00e9rat ?<\/span><\/strong><\/h2>\n<p>Un mac\u00e9rat est une huile obtenue en faisant mac\u00e9rer des fleurs ou d\u2019autres parties de plantes dans une huile v\u00e9g\u00e9tale grasse, le plus souvent de l\u2019huile d\u2019olive. Le terme vient du latin \u201cmacerare\u201d, qui signifie \u201cmettre \u00e0 mac\u00e9rer\u201d. En laissant infuser les parties v\u00e9g\u00e9tales pendant un mois ou plus, les principes actifs sont extraits de mani\u00e8re traditionnelle. Une fois filtr\u00e9, le mac\u00e9rat est pr\u00eat \u00e0 l\u2019emploi. Ce mac\u00e9rat particulier contient 10 % de calendula dans de l\u2019huile d\u2019olive, ce qui correspond \u00e0 une pr\u00e9paration compos\u00e9e de 1000 kilos d\u2019huile d\u2019olive et de 100 kilos de fleurs de calendula.    <\/p>\n<p data-start=\"2216\" data-end=\"2753\">Une antioxydant naturel issu de l\u2019extrait de romarin CO\u2082 a \u00e9t\u00e9 ajout\u00e9 afin d\u2019am\u00e9liorer la conservation. Cet extrait biologique, obtenu \u00e0 partir des aiguilles de romarin et dissous dans de l\u2019huile de tournesol, est ajout\u00e9 en petite quantit\u00e9 par l\u2019agriculteur. Les mac\u00e9rats \u00e9tant fabriqu\u00e9s \u00e0 partir de fleurs, feuilles ou racines fra\u00eeches, ils sont naturellement plus sensibles aux contaminations et moisissures. L\u2019ajout de cet extrait conserve le produit de mani\u00e8re douce et naturelle.    <\/p>\n<p data-start=\"2755\" data-end=\"2981\" data-is-last-node=\"\" data-is-only-node=\"\">\n","protected":false},"excerpt":{"rendered":"<p>Mac\u00e9rat de calendula 10% Le calendula, ou souci, est une plante m\u00e9dicinale ancestrale appr\u00e9ci\u00e9e depuis des mill\u00e9naires pour ses propri\u00e9t\u00e9s r\u00e9g\u00e9n\u00e9ratrices sur la peau. Originaire du bassin m\u00e9diterran\u00e9en et d\u2019Asie, elle est aujourd\u2019hui largement cultiv\u00e9e dans les jardins. Ses fleurs jaune \u00e0 orange dor\u00e9 se distinguent par leur floraison abondante du d\u00e9but du printemps jusqu\u2019\u00e0 [&hellip;]<\/p>\n","protected":false},"featured_media":56793,"comment_status":"open","ping_status":"closed","template":"","meta":{"_acf_changed":false},"product_brand":[],"product_cat":[6090,6115,4972],"product_tag":[],"class_list":{"0":"post-56795","1":"product","2":"type-product","3":"status-publish","4":"has-post-thumbnail","6":"product_cat-chi-natural-life","7":"product_cat-chi-huile-vegetale","8":"product_cat-nos-marques","10":"first","11":"instock","12":"taxable","13":"shipping-taxable","14":"product-type-simple"},"acf":[],"_links":{"self":[{"href":"https:\/\/sundar.be\/fr\/wp-json\/wp\/v2\/product\/56795","targetHints":{"allow":["GET"]}}],"collection":[{"href":"https:\/\/sundar.be\/fr\/wp-json\/wp\/v2\/product"}],"about":[{"href":"https:\/\/sundar.be\/fr\/wp-json\/wp\/v2\/types\/product"}],"replies":[{"embeddable":true,"href":"https:\/\/sundar.be\/fr\/wp-json\/wp\/v2\/comments?post=56795"}],"wp:featuredmedia":[{"embeddable":true,"href":"https:\/\/sundar.be\/fr\/wp-json\/wp\/v2\/media\/56793"}],"wp:attachment":[{"href":"https:\/\/sundar.be\/fr\/wp-json\/wp\/v2\/media?parent=56795"}],"wp:term":[{"taxonomy":"product_brand","embeddable":true,"href":"https:\/\/sundar.be\/fr\/wp-json\/wp\/v2\/product_brand?post=56795"},{"taxonomy":"product_cat","embeddable":true,"href":"https:\/\/sundar.be\/fr\/wp-json\/wp\/v2\/product_cat?post=56795"},{"taxonomy":"product_tag","embeddable":true,"href":"https:\/\/sundar.be\/fr\/wp-json\/wp\/v2\/product_tag?post=56795"}],"curies":[{"name":"wp","href":"https:\/\/api.w.org\/{rel}","templated":true}]}}