{"id":56792,"date":"2025-09-16T12:22:09","date_gmt":"2025-09-16T10:22:09","guid":{"rendered":"https:\/\/sundar.be\/product\/chi-huile-de-noisette-biologique-100ml\/"},"modified":"2025-11-13T17:26:35","modified_gmt":"2025-11-13T16:26:35","slug":"chi-huile-de-noisette-biologique-100ml","status":"publish","type":"product","link":"https:\/\/sundar.be\/fr\/produit\/chi-huile-de-noisette-biologique-100ml\/","title":{"rendered":"Chi Huile de Noisette (Biologique) 100ml"},"content":{"rendered":"<h2 style=\"font-weight: 300;\"><strong style=\"font-weight: 300;\">\u00c0 propos de la noisette<br \/><span data-ccp-props=\"{\"134233117\":true,\"134233118\":true}\"> <\/span><\/strong><\/h2>\n<p>L\u2019huile de noisette est une d\u00e9licieuse huile de noix, obtenue par pression \u00e0 froid de noisettes non torr\u00e9fi\u00e9es. Les noisettes contiennent environ 40 % de mati\u00e8res grasses, ce qui signifie qu\u2019il faut environ 2,5 kilos de noisettes pour produire un litre d\u2019huile. <\/p>\n<p>L\u2019huile de noisette laisse un l\u00e9ger parfum de noix sur la peau, g\u00e9n\u00e9ralement per\u00e7u comme agr\u00e9able. Sa composition est similaire \u00e0 celle de l\u2019huile d\u2019amande, mais elle est mieux absorb\u00e9e par la peau. De plus, l\u2019huile de noisette peut \u00e9galement \u00eatre utilis\u00e9e en interne et est d\u00e9licieuse en vinaigrette. Elle n\u2019est pas seulement savoureuse, mais aussi saine, car elle contient les vitamines A, B et E ainsi que les min\u00e9raux zinc, magn\u00e9sium et calcium. La vitamine E prot\u00e8ge la peau des radicaux libres et des rayons UV.    <\/p>\n","protected":false},"excerpt":{"rendered":"<p>\u00c0 propos de la noisette L\u2019huile de noisette est une d\u00e9licieuse huile de noix, obtenue par pression \u00e0 froid de noisettes non torr\u00e9fi\u00e9es. Les noisettes contiennent environ 40 % de mati\u00e8res grasses, ce qui signifie qu\u2019il faut environ 2,5 kilos de noisettes pour produire un litre d\u2019huile. L\u2019huile de noisette laisse un l\u00e9ger parfum de [&hellip;]<\/p>\n","protected":false},"featured_media":56790,"comment_status":"open","ping_status":"closed","template":"","meta":{"_acf_changed":false},"product_brand":[],"product_cat":[6090,5676,6106,4225,4223,4972,5058],"product_tag":[],"class_list":{"0":"post-56792","1":"product","2":"type-product","3":"status-publish","4":"has-post-thumbnail","6":"product_cat-chi-natural-life","7":"product_cat-chi-natural-life-massage","8":"product_cat-chi-soin-de-la-peau","9":"product_cat-huiles-de-massage-lotions","10":"product_cat-massage-fr-webshop-fr","11":"product_cat-nos-marques","12":"product_cat-webshop-fr","14":"first","15":"instock","16":"taxable","17":"shipping-taxable","18":"product-type-simple"},"acf":[],"_links":{"self":[{"href":"https:\/\/sundar.be\/fr\/wp-json\/wp\/v2\/product\/56792","targetHints":{"allow":["GET"]}}],"collection":[{"href":"https:\/\/sundar.be\/fr\/wp-json\/wp\/v2\/product"}],"about":[{"href":"https:\/\/sundar.be\/fr\/wp-json\/wp\/v2\/types\/product"}],"replies":[{"embeddable":true,"href":"https:\/\/sundar.be\/fr\/wp-json\/wp\/v2\/comments?post=56792"}],"wp:featuredmedia":[{"embeddable":true,"href":"https:\/\/sundar.be\/fr\/wp-json\/wp\/v2\/media\/56790"}],"wp:attachment":[{"href":"https:\/\/sundar.be\/fr\/wp-json\/wp\/v2\/media?parent=56792"}],"wp:term":[{"taxonomy":"product_brand","embeddable":true,"href":"https:\/\/sundar.be\/fr\/wp-json\/wp\/v2\/product_brand?post=56792"},{"taxonomy":"product_cat","embeddable":true,"href":"https:\/\/sundar.be\/fr\/wp-json\/wp\/v2\/product_cat?post=56792"},{"taxonomy":"product_tag","embeddable":true,"href":"https:\/\/sundar.be\/fr\/wp-json\/wp\/v2\/product_tag?post=56792"}],"curies":[{"name":"wp","href":"https:\/\/api.w.org\/{rel}","templated":true}]}}