{"id":56789,"date":"2025-09-16T12:25:17","date_gmt":"2025-09-16T10:25:17","guid":{"rendered":"https:\/\/sundar.be\/product\/chi-huile-de-cynorrhodon-biologique-50ml\/"},"modified":"2025-11-13T17:23:21","modified_gmt":"2025-11-13T16:23:21","slug":"chi-huile-de-cynorrhodon-biologique-50ml","status":"publish","type":"product","link":"https:\/\/sundar.be\/fr\/produit\/chi-huile-de-cynorrhodon-biologique-50ml\/","title":{"rendered":"Chi Huile de Cynorrhodon (Biologique) 50ml<br>"},"content":{"rendered":"<h2><strong><span data-contrast=\"none\">Huile de cynorrhodon biologique &#8211; Rosehip oil<br \/><\/span><\/strong><\/h2>\n<p data-start=\"0\" data-end=\"438\">L\u2019huile de cynorrhodon, \u00e9galement connue sous le nom de rosehip oil, est l\u2019une des huiles les plus efficaces pour le soin des rides, des cicatrices et des vergetures. L\u2019huile est extraite des cynorrhodons de la Rosa rubiginosa, l\u2019\u00e9glantier. Ces cynorrhodons sont des fruits renfl\u00e9s contenant de petits ak\u00e8nes. La r\u00e9colte a lieu de fin f\u00e9vrier \u00e0 mars. Comme les graines ne contiennent qu\u2019environ huit pour cent d\u2019huile, le rendement total est faible.    <\/p>\n<p data-start=\"440\" data-end=\"852\">L\u2019huile se compose principalement d\u2019acides gras insatur\u00e9s. Outre l\u2019acide linol\u00e9ique (44\u201350 %) et l\u2019acide ol\u00e9ique (15\u201320 %), l\u2019huile de cynorrhodon contient une teneur \u00e9lev\u00e9e en om\u00e9ga-3 sous forme d\u2019acide alpha-linol\u00e9nique (30\u201335 %). Elle est \u00e9galement riche en substances pr\u00e9cieuses telles que les carot\u00e9no\u00efdes, en particulier le b\u00eata-carot\u00e8ne qui donne une l\u00e9g\u00e8re teinte rouge, la vitamine E, les phytost\u00e9rols et de petites quantit\u00e9s d\u2019acide trans-r\u00e9tino\u00efque.  <\/p>\n<h3>Acide trans-r\u00e9tino\u00efque \u2013 Vitamine A<br \/><\/h3>\n<p>L\u2019acide trans-r\u00e9tino\u00efque, un m\u00e9tabolite de la vitamine A, se trouve uniquement dans l\u2019huile de cynorrhodon press\u00e9e \u00e0 froid et non dans les huiles extraites \u00e0 chaud ou au solvant. Dans l\u2019huile, cet acide est li\u00e9 aux acides gras insatur\u00e9s. Au contact de la peau, il est lib\u00e9r\u00e9 lentement gr\u00e2ce aux enzymes cutan\u00e9es, ce qui permet une action progressive et douce. Il est comparable \u00e0 la tr\u00e9tino\u00efne, la forme synth\u00e9tique utilis\u00e9e en m\u00e9decine et en cosm\u00e9tique, mais sans les effets ind\u00e9sirables connus. Gr\u00e2ce \u00e0 cette composition particuli\u00e8re, l\u2019huile de cynorrhodon peut aider en cas de coups de soleil et apaiser une peau irrit\u00e9e ou rougie par les UV.    <\/p>\n","protected":false},"excerpt":{"rendered":"<p>Huile de cynorrhodon biologique &#8211; Rosehip oil L\u2019huile de cynorrhodon, \u00e9galement connue sous le nom de rosehip oil, est l\u2019une des huiles les plus efficaces pour le soin des rides, des cicatrices et des vergetures. L\u2019huile est extraite des cynorrhodons de la Rosa rubiginosa, l\u2019\u00e9glantier. Ces cynorrhodons sont des fruits renfl\u00e9s contenant de petits ak\u00e8nes. [&hellip;]<\/p>\n","protected":false},"featured_media":56782,"comment_status":"open","ping_status":"closed","template":"","meta":{"_acf_changed":false},"product_brand":[],"product_cat":[6090,6106,4972],"product_tag":[],"class_list":{"0":"post-56789","1":"product","2":"type-product","3":"status-publish","4":"has-post-thumbnail","6":"product_cat-chi-natural-life","7":"product_cat-chi-soin-de-la-peau","8":"product_cat-nos-marques","10":"first","11":"instock","12":"taxable","13":"shipping-taxable","14":"product-type-simple"},"acf":[],"_links":{"self":[{"href":"https:\/\/sundar.be\/fr\/wp-json\/wp\/v2\/product\/56789","targetHints":{"allow":["GET"]}}],"collection":[{"href":"https:\/\/sundar.be\/fr\/wp-json\/wp\/v2\/product"}],"about":[{"href":"https:\/\/sundar.be\/fr\/wp-json\/wp\/v2\/types\/product"}],"replies":[{"embeddable":true,"href":"https:\/\/sundar.be\/fr\/wp-json\/wp\/v2\/comments?post=56789"}],"wp:featuredmedia":[{"embeddable":true,"href":"https:\/\/sundar.be\/fr\/wp-json\/wp\/v2\/media\/56782"}],"wp:attachment":[{"href":"https:\/\/sundar.be\/fr\/wp-json\/wp\/v2\/media?parent=56789"}],"wp:term":[{"taxonomy":"product_brand","embeddable":true,"href":"https:\/\/sundar.be\/fr\/wp-json\/wp\/v2\/product_brand?post=56789"},{"taxonomy":"product_cat","embeddable":true,"href":"https:\/\/sundar.be\/fr\/wp-json\/wp\/v2\/product_cat?post=56789"},{"taxonomy":"product_tag","embeddable":true,"href":"https:\/\/sundar.be\/fr\/wp-json\/wp\/v2\/product_tag?post=56789"}],"curies":[{"name":"wp","href":"https:\/\/api.w.org\/{rel}","templated":true}]}}