{"id":56787,"date":"2025-09-16T12:23:22","date_gmt":"2025-09-16T10:23:22","guid":{"rendered":"https:\/\/sundar.be\/product\/chi-huile-de-macadamia-biologique-100ml\/"},"modified":"2025-11-13T17:14:20","modified_gmt":"2025-11-13T16:14:20","slug":"chi-huile-de-macadamia-biologique-100ml","status":"publish","type":"product","link":"https:\/\/sundar.be\/fr\/produit\/chi-huile-de-macadamia-biologique-100ml\/","title":{"rendered":"Chi Huile de Macadamia (Biologique) 100ml"},"content":{"rendered":"<p>L\u2019huile de macadamia est une huile press\u00e9e \u00e0 froid provenant de la noix de macadamia et se distingue par sa teneur \u00e9lev\u00e9e en acide palmitol\u00e9ique, un acide gras om\u00e9ga-7. Cet acide gras est une substance naturellement pr\u00e9sente dans la peau et constitue un \u00e9l\u00e9ment important du s\u00e9bum, surtout chez les enfants. Des recherches montrent que la production d\u2019acide palmitol\u00e9ique diminue avec l\u2019\u00e2ge, rendant la peau visiblement plus s\u00e8che. C\u2019est pourquoi l\u2019huile de macadamia est particuli\u00e8rement indiqu\u00e9e pour les peaux s\u00e8ches et matures. Elle nourrit intens\u00e9ment, aide \u00e0 pr\u00e9venir l\u2019oxydation des lipides cutan\u00e9s et, gr\u00e2ce \u00e0 l\u2019acide palmitol\u00e9ique, elle est facilement absorb\u00e9e avec un excellent pouvoir de diffusion. De plus, l\u2019huile de macadamia est aussi d\u00e9licieuse dans les salades et les g\u00e2teaux.        <\/p>\n","protected":false},"excerpt":{"rendered":"<p>L\u2019huile de macadamia est une huile press\u00e9e \u00e0 froid provenant de la noix de macadamia et se distingue par sa teneur \u00e9lev\u00e9e en acide palmitol\u00e9ique, un acide gras om\u00e9ga-7. Cet acide gras est une substance naturellement pr\u00e9sente dans la peau et constitue un \u00e9l\u00e9ment important du s\u00e9bum, surtout chez les enfants. Des recherches montrent que [&hellip;]<\/p>\n","protected":false},"featured_media":56786,"comment_status":"open","ping_status":"closed","template":"","meta":{"_acf_changed":false},"product_brand":[],"product_cat":[6090,6106,4972],"product_tag":[],"class_list":{"0":"post-56787","1":"product","2":"type-product","3":"status-publish","4":"has-post-thumbnail","6":"product_cat-chi-natural-life","7":"product_cat-chi-soin-de-la-peau","8":"product_cat-nos-marques","10":"first","11":"instock","12":"taxable","13":"shipping-taxable","14":"product-type-simple"},"acf":[],"_links":{"self":[{"href":"https:\/\/sundar.be\/fr\/wp-json\/wp\/v2\/product\/56787","targetHints":{"allow":["GET"]}}],"collection":[{"href":"https:\/\/sundar.be\/fr\/wp-json\/wp\/v2\/product"}],"about":[{"href":"https:\/\/sundar.be\/fr\/wp-json\/wp\/v2\/types\/product"}],"replies":[{"embeddable":true,"href":"https:\/\/sundar.be\/fr\/wp-json\/wp\/v2\/comments?post=56787"}],"wp:featuredmedia":[{"embeddable":true,"href":"https:\/\/sundar.be\/fr\/wp-json\/wp\/v2\/media\/56786"}],"wp:attachment":[{"href":"https:\/\/sundar.be\/fr\/wp-json\/wp\/v2\/media?parent=56787"}],"wp:term":[{"taxonomy":"product_brand","embeddable":true,"href":"https:\/\/sundar.be\/fr\/wp-json\/wp\/v2\/product_brand?post=56787"},{"taxonomy":"product_cat","embeddable":true,"href":"https:\/\/sundar.be\/fr\/wp-json\/wp\/v2\/product_cat?post=56787"},{"taxonomy":"product_tag","embeddable":true,"href":"https:\/\/sundar.be\/fr\/wp-json\/wp\/v2\/product_tag?post=56787"}],"curies":[{"name":"wp","href":"https:\/\/api.w.org\/{rel}","templated":true}]}}