{"id":56784,"date":"2025-09-16T12:27:10","date_gmt":"2025-09-16T10:27:10","guid":{"rendered":"https:\/\/sundar.be\/product\/chi-huile-de-graines-de-sesame-biologique-100ml\/"},"modified":"2025-11-13T17:09:47","modified_gmt":"2025-11-13T16:09:47","slug":"chi-huile-de-graines-de-sesame-biologique-100ml","status":"publish","type":"product","link":"https:\/\/sundar.be\/fr\/produit\/chi-huile-de-graines-de-sesame-biologique-100ml\/","title":{"rendered":"Chi Huile de Graines de S\u00e9same (Biologique) 100ml"},"content":{"rendered":"<h2 style=\"font-weight: 300;\"><strong style=\"font-weight: 300;\">\u00c0 propos du s\u00e9same<br \/><span data-contrast=\"none\"> <\/span><span data-ccp-props=\"{\"134233117\":true,\"134233118\":true}\"> <\/span><\/strong><\/h2>\n<p><span data-contrast=\"none\">Cette huile de s\u00e9same est press\u00e9e \u00e0 froid \u00e0 partir de graines de s\u00e9same non grill\u00e9es (par extraction au CO\u2082). L\u2019huile est non raffin\u00e9e, avec une l\u00e9g\u00e8re odeur neutre de s\u00e9same, id\u00e9ale pour le massage. Elle r\u00e9chauffe, est rapidement absorb\u00e9e par la peau, adoucit la peau et lui donne un bel \u00e9clat. L\u2019huile de s\u00e9same peut \u00e9galement \u00eatre utilis\u00e9e lorsque la peau a besoin de r\u00e9paration.<br \/>   <\/span><\/p>\n<p>L\u2019huile de graines de s\u00e9same peut \u00eatre utilis\u00e9e pour tous les types de peau, mais elle est particuli\u00e8rement efficace pour la peau grasse. L\u2019huile contient un facteur naturel de protection solaire (3\u20134). Le s\u00e9same est \u00e9galement une huile raffin\u00e9e dans les salades, et elle se conserve longtemps gr\u00e2ce \u00e0 sa forte teneur en vitamine E et en antioxydants (s\u00e9samol et s\u00e9samoline). On trouve aussi en supermarch\u00e9 de l\u2019huile de s\u00e9same, mais celle-ci provient de graines grill\u00e9es et a une odeur et une saveur beaucoup plus fortes.   <\/p>\n","protected":false},"excerpt":{"rendered":"<p>\u00c0 propos du s\u00e9same Cette huile de s\u00e9same est press\u00e9e \u00e0 froid \u00e0 partir de graines de s\u00e9same non grill\u00e9es (par extraction au CO\u2082). L\u2019huile est non raffin\u00e9e, avec une l\u00e9g\u00e8re odeur neutre de s\u00e9same, id\u00e9ale pour le massage. Elle r\u00e9chauffe, est rapidement absorb\u00e9e par la peau, adoucit la peau et lui donne un bel [&hellip;]<\/p>\n","protected":false},"featured_media":56779,"comment_status":"open","ping_status":"closed","template":"","meta":{"_acf_changed":false},"product_brand":[],"product_cat":[6090,5676,6106,4225,4223,4972,5058],"product_tag":[],"class_list":{"0":"post-56784","1":"product","2":"type-product","3":"status-publish","4":"has-post-thumbnail","6":"product_cat-chi-natural-life","7":"product_cat-chi-natural-life-massage","8":"product_cat-chi-soin-de-la-peau","9":"product_cat-huiles-de-massage-lotions","10":"product_cat-massage-fr-webshop-fr","11":"product_cat-nos-marques","12":"product_cat-webshop-fr","14":"first","15":"instock","16":"taxable","17":"shipping-taxable","18":"product-type-simple"},"acf":[],"_links":{"self":[{"href":"https:\/\/sundar.be\/fr\/wp-json\/wp\/v2\/product\/56784","targetHints":{"allow":["GET"]}}],"collection":[{"href":"https:\/\/sundar.be\/fr\/wp-json\/wp\/v2\/product"}],"about":[{"href":"https:\/\/sundar.be\/fr\/wp-json\/wp\/v2\/types\/product"}],"replies":[{"embeddable":true,"href":"https:\/\/sundar.be\/fr\/wp-json\/wp\/v2\/comments?post=56784"}],"wp:featuredmedia":[{"embeddable":true,"href":"https:\/\/sundar.be\/fr\/wp-json\/wp\/v2\/media\/56779"}],"wp:attachment":[{"href":"https:\/\/sundar.be\/fr\/wp-json\/wp\/v2\/media?parent=56784"}],"wp:term":[{"taxonomy":"product_brand","embeddable":true,"href":"https:\/\/sundar.be\/fr\/wp-json\/wp\/v2\/product_brand?post=56784"},{"taxonomy":"product_cat","embeddable":true,"href":"https:\/\/sundar.be\/fr\/wp-json\/wp\/v2\/product_cat?post=56784"},{"taxonomy":"product_tag","embeddable":true,"href":"https:\/\/sundar.be\/fr\/wp-json\/wp\/v2\/product_tag?post=56784"}],"curies":[{"name":"wp","href":"https:\/\/api.w.org\/{rel}","templated":true}]}}