{"id":56781,"date":"2025-09-16T12:28:50","date_gmt":"2025-09-16T10:28:50","guid":{"rendered":"https:\/\/sundar.be\/product\/chi-beurre-de-karite-biologique-100ml\/"},"modified":"2025-11-13T17:06:46","modified_gmt":"2025-11-13T16:06:46","slug":"chi-beurre-de-karite-biologique-100ml","status":"publish","type":"product","link":"https:\/\/sundar.be\/fr\/produit\/chi-beurre-de-karite-biologique-100ml\/","title":{"rendered":"Chi Beurre de Karit\u00e9 (Biologique) 100ml"},"content":{"rendered":"<p>Le beurre de karit\u00e9 est un indispensable pour le soin quotidien de la peau ! Il garde la peau douce et souple et contribue \u00e0 une peau ferme. Le beurre de karit\u00e9 est un beurre press\u00e9 \u00e0 froid issu des noix de l\u2019arbre \u00e0 karit\u00e9 et est utilis\u00e9 en Afrique depuis des si\u00e8cles dans les soins de la peau.  <\/p>\n<p>Le beurre de karit\u00e9 est un produit pr\u00e9cieux de haute qualit\u00e9 pour le soin de la peau. Compar\u00e9 \u00e0 toutes les autres graisses et huiles v\u00e9g\u00e9tales, le beurre de karit\u00e9 poss\u00e8de la plus grande teneur en substances dites accompagnatrices des graisses, dont surtout les alcools triterp\u00e9niques, la vitamine E, la provitamine A et l\u2019allanto\u00efne. <\/p>\n","protected":false},"excerpt":{"rendered":"<p>Le beurre de karit\u00e9 est un indispensable pour le soin quotidien de la peau ! Il garde la peau douce et souple et contribue \u00e0 une peau ferme. Le beurre de karit\u00e9 est un beurre press\u00e9 \u00e0 froid issu des noix de l\u2019arbre \u00e0 karit\u00e9 et est utilis\u00e9 en Afrique depuis des si\u00e8cles dans les [&hellip;]<\/p>\n","protected":false},"featured_media":56776,"comment_status":"open","ping_status":"closed","template":"","meta":{"_acf_changed":false},"product_brand":[],"product_cat":[6090,6106,4972],"product_tag":[],"class_list":{"0":"post-56781","1":"product","2":"type-product","3":"status-publish","4":"has-post-thumbnail","6":"product_cat-chi-natural-life","7":"product_cat-chi-soin-de-la-peau","8":"product_cat-nos-marques","10":"first","11":"instock","12":"taxable","13":"shipping-taxable","14":"product-type-simple"},"acf":[],"_links":{"self":[{"href":"https:\/\/sundar.be\/fr\/wp-json\/wp\/v2\/product\/56781","targetHints":{"allow":["GET"]}}],"collection":[{"href":"https:\/\/sundar.be\/fr\/wp-json\/wp\/v2\/product"}],"about":[{"href":"https:\/\/sundar.be\/fr\/wp-json\/wp\/v2\/types\/product"}],"replies":[{"embeddable":true,"href":"https:\/\/sundar.be\/fr\/wp-json\/wp\/v2\/comments?post=56781"}],"wp:featuredmedia":[{"embeddable":true,"href":"https:\/\/sundar.be\/fr\/wp-json\/wp\/v2\/media\/56776"}],"wp:attachment":[{"href":"https:\/\/sundar.be\/fr\/wp-json\/wp\/v2\/media?parent=56781"}],"wp:term":[{"taxonomy":"product_brand","embeddable":true,"href":"https:\/\/sundar.be\/fr\/wp-json\/wp\/v2\/product_brand?post=56781"},{"taxonomy":"product_cat","embeddable":true,"href":"https:\/\/sundar.be\/fr\/wp-json\/wp\/v2\/product_cat?post=56781"},{"taxonomy":"product_tag","embeddable":true,"href":"https:\/\/sundar.be\/fr\/wp-json\/wp\/v2\/product_tag?post=56781"}],"curies":[{"name":"wp","href":"https:\/\/api.w.org\/{rel}","templated":true}]}}