{"id":56775,"date":"2025-09-16T12:31:33","date_gmt":"2025-09-16T10:31:33","guid":{"rendered":"https:\/\/sundar.be\/product\/chi-huile-vegetale-de-tamanu-biologique-50ml\/"},"modified":"2025-11-13T16:52:22","modified_gmt":"2025-11-13T15:52:22","slug":"chi-huile-vegetale-de-tamanu-biologique-50ml","status":"publish","type":"product","link":"https:\/\/sundar.be\/fr\/produit\/chi-huile-vegetale-de-tamanu-biologique-50ml\/","title":{"rendered":"Chi Huile V\u00e9g\u00e9tale de Tamanu (Biologique) 50ml"},"content":{"rendered":"<p>Le tamanu est un arbre toujours vert qui pousse sur les c\u00f4tes et les \u00eeles de l\u2019oc\u00e9an Indien et du Pacifique, notamment en Polyn\u00e9sie. Une huile vert olive est press\u00e9e \u00e0 partir des graines de ses fruits. L\u2019odeur de cette huile rappelle l\u00e9g\u00e8rement celle des noix avec une note de liv\u00e8che. Cette huile tropicale est traditionnellement utilis\u00e9e pour les peaux rouges et irrit\u00e9es et pour le soin des cicatrices.   <\/p>\n<p>En fait, en tant qu\u2019huile v\u00e9g\u00e9tale, le tamanu est le num\u00e9ro 1 pour les peaux rouges et irrit\u00e9es. L\u2019huile est purifiante, adoucissante et hydratante. Le soutien du pouvoir r\u00e9g\u00e9n\u00e9rant de la peau, l\u2019action antibact\u00e9rienne et l\u2019usage sur les peaux impures sont aujourd\u2019hui confirm\u00e9s par la recherche. La grande polyvalence de cette huile en dit long sur la puissance du tamanu. Un indispensable \u00e0 avoir chez soi.    <\/p>\n","protected":false},"excerpt":{"rendered":"<p>Le tamanu est un arbre toujours vert qui pousse sur les c\u00f4tes et les \u00eeles de l\u2019oc\u00e9an Indien et du Pacifique, notamment en Polyn\u00e9sie. Une huile vert olive est press\u00e9e \u00e0 partir des graines de ses fruits. L\u2019odeur de cette huile rappelle l\u00e9g\u00e8rement celle des noix avec une note de liv\u00e8che. Cette huile tropicale est [&hellip;]<\/p>\n","protected":false},"featured_media":56771,"comment_status":"open","ping_status":"closed","template":"","meta":{"_acf_changed":false},"product_brand":[],"product_cat":[6090,6115,4972],"product_tag":[],"class_list":{"0":"post-56775","1":"product","2":"type-product","3":"status-publish","4":"has-post-thumbnail","6":"product_cat-chi-natural-life","7":"product_cat-chi-huile-vegetale","8":"product_cat-nos-marques","10":"first","11":"instock","12":"taxable","13":"shipping-taxable","14":"product-type-simple"},"acf":[],"_links":{"self":[{"href":"https:\/\/sundar.be\/fr\/wp-json\/wp\/v2\/product\/56775","targetHints":{"allow":["GET"]}}],"collection":[{"href":"https:\/\/sundar.be\/fr\/wp-json\/wp\/v2\/product"}],"about":[{"href":"https:\/\/sundar.be\/fr\/wp-json\/wp\/v2\/types\/product"}],"replies":[{"embeddable":true,"href":"https:\/\/sundar.be\/fr\/wp-json\/wp\/v2\/comments?post=56775"}],"wp:featuredmedia":[{"embeddable":true,"href":"https:\/\/sundar.be\/fr\/wp-json\/wp\/v2\/media\/56771"}],"wp:attachment":[{"href":"https:\/\/sundar.be\/fr\/wp-json\/wp\/v2\/media?parent=56775"}],"wp:term":[{"taxonomy":"product_brand","embeddable":true,"href":"https:\/\/sundar.be\/fr\/wp-json\/wp\/v2\/product_brand?post=56775"},{"taxonomy":"product_cat","embeddable":true,"href":"https:\/\/sundar.be\/fr\/wp-json\/wp\/v2\/product_cat?post=56775"},{"taxonomy":"product_tag","embeddable":true,"href":"https:\/\/sundar.be\/fr\/wp-json\/wp\/v2\/product_tag?post=56775"}],"curies":[{"name":"wp","href":"https:\/\/api.w.org\/{rel}","templated":true}]}}