{"id":56772,"date":"2025-09-16T12:33:10","date_gmt":"2025-09-16T10:33:10","guid":{"rendered":"https:\/\/sundar.be\/product\/chi-huile-vegetale-donagre-biologique-50ml\/"},"modified":"2025-11-13T16:51:11","modified_gmt":"2025-11-13T15:51:11","slug":"chi-huile-vegetale-donagre-biologique-50ml","status":"publish","type":"product","link":"https:\/\/sundar.be\/fr\/produit\/chi-huile-vegetale-donagre-biologique-50ml\/","title":{"rendered":"Chi Huile V\u00e9g\u00e9tale d\u2019Onagre (Biologique) 50ml"},"content":{"rendered":"<p>Une huile \u00e0 haute teneur en acide gamma-linol\u00e9nique (GLA), un acide gras om\u00e9ga-6 important. L\u2019huile d\u2019onagre est hydratante, adoucissante et poss\u00e8de une forte action anti-rides. Elle soutient la capacit\u00e9 de r\u00e9g\u00e9n\u00e9ration de la peau. Elle peut \u00eatre utilis\u00e9e aussi bien en usage interne qu\u2019externe pour une peau plus belle et plus saine et partout o\u00f9 la peau a besoin de r\u00e9paration. Il est pr\u00e9f\u00e9rable de conserver l\u2019onagre au r\u00e9frig\u00e9rateur.    <\/p>\n","protected":false},"excerpt":{"rendered":"<p>Une huile \u00e0 haute teneur en acide gamma-linol\u00e9nique (GLA), un acide gras om\u00e9ga-6 important. L\u2019huile d\u2019onagre est hydratante, adoucissante et poss\u00e8de une forte action anti-rides. Elle soutient la capacit\u00e9 de r\u00e9g\u00e9n\u00e9ration de la peau. Elle peut \u00eatre utilis\u00e9e aussi bien en usage interne qu\u2019externe pour une peau plus belle et plus saine et partout o\u00f9 [&hellip;]<\/p>\n","protected":false},"featured_media":56769,"comment_status":"open","ping_status":"closed","template":"","meta":{"_acf_changed":false},"product_brand":[],"product_cat":[6090,6106,4972],"product_tag":[],"class_list":{"0":"post-56772","1":"product","2":"type-product","3":"status-publish","4":"has-post-thumbnail","6":"product_cat-chi-natural-life","7":"product_cat-chi-soin-de-la-peau","8":"product_cat-nos-marques","10":"first","11":"instock","12":"taxable","13":"shipping-taxable","14":"product-type-simple"},"acf":[],"_links":{"self":[{"href":"https:\/\/sundar.be\/fr\/wp-json\/wp\/v2\/product\/56772","targetHints":{"allow":["GET"]}}],"collection":[{"href":"https:\/\/sundar.be\/fr\/wp-json\/wp\/v2\/product"}],"about":[{"href":"https:\/\/sundar.be\/fr\/wp-json\/wp\/v2\/types\/product"}],"replies":[{"embeddable":true,"href":"https:\/\/sundar.be\/fr\/wp-json\/wp\/v2\/comments?post=56772"}],"wp:featuredmedia":[{"embeddable":true,"href":"https:\/\/sundar.be\/fr\/wp-json\/wp\/v2\/media\/56769"}],"wp:attachment":[{"href":"https:\/\/sundar.be\/fr\/wp-json\/wp\/v2\/media?parent=56772"}],"wp:term":[{"taxonomy":"product_brand","embeddable":true,"href":"https:\/\/sundar.be\/fr\/wp-json\/wp\/v2\/product_brand?post=56772"},{"taxonomy":"product_cat","embeddable":true,"href":"https:\/\/sundar.be\/fr\/wp-json\/wp\/v2\/product_cat?post=56772"},{"taxonomy":"product_tag","embeddable":true,"href":"https:\/\/sundar.be\/fr\/wp-json\/wp\/v2\/product_tag?post=56772"}],"curies":[{"name":"wp","href":"https:\/\/api.w.org\/{rel}","templated":true}]}}