{"id":56766,"date":"2025-09-16T12:37:06","date_gmt":"2025-09-16T10:37:06","guid":{"rendered":"https:\/\/sundar.be\/product\/chi-huile-de-ricin-biologique-100ml\/"},"modified":"2025-11-13T16:46:42","modified_gmt":"2025-11-13T15:46:42","slug":"chi-huile-de-ricin-biologique-100ml","status":"publish","type":"product","link":"https:\/\/sundar.be\/fr\/produit\/chi-huile-de-ricin-biologique-100ml\/","title":{"rendered":"Chi Huile de Ricin (Biologique) 100ml<br>"},"content":{"rendered":"<h2><strong>Qu\u2019est-ce que l\u2019huile de ricin ?<\/strong><\/h2>\n<p>L\u2019huile de ricin est extraite des graines du Ricinus communis \u2013 l\u2019arbre \u00e0 ricin \u2013 \u00e9galement appel\u00e9 \u00ab arbre aux merveilles \u00bb. Ce n\u2019est pas sans raison : cette huile de ricin poss\u00e8de des propri\u00e9t\u00e9s extraordinaires et l\u2019arbre a une force de croissance impressionnante. L\u2019huile de ricin n\u2019est pas seulement une huile populaire aujourd\u2019hui, elle est utilis\u00e9e depuis des si\u00e8cles. Dans l\u2019\u00c9gypte ancienne, on retrouvait les graines dans les tombes, car l\u2019huile de ricin servait alors de base aux onguents aromatiques. L\u2019\u00e9crivain grec H\u00e9rodote (485-425 av. J.-C.) mentionnait d\u00e9j\u00e0 l\u2019huile de ricin comme une huile qui favorise la pousse des cheveux. En Inde et dans l\u2019Ayurveda, l\u2019huile de ricin est \u00e9galement connue depuis tr\u00e8s longtemps, utilis\u00e9e tant en interne qu\u2019en externe.     <\/p>\n<h2><strong>\u00c0 quoi sert l\u2019huile de ricin (press\u00e9e \u00e0 froid) ?<\/strong><\/h2>\n<p>L\u2019huile de ricin est une huile \u00e9paisse (environ 10 fois plus visqueuse que l\u2019huile d\u2019olive) et est donc l\u2019huile id\u00e9ale pour nourrir les cheveux et prot\u00e9ger la peau contre la perte d\u2019humidit\u00e9. Voici toutes les possibilit\u00e9s avec l\u2019huile de ricin biologique : <\/p>\n","protected":false},"excerpt":{"rendered":"<p>Qu\u2019est-ce que l\u2019huile de ricin ? L\u2019huile de ricin est extraite des graines du Ricinus communis \u2013 l\u2019arbre \u00e0 ricin \u2013 \u00e9galement appel\u00e9 \u00ab arbre aux merveilles \u00bb. Ce n\u2019est pas sans raison : cette huile de ricin poss\u00e8de des propri\u00e9t\u00e9s extraordinaires et l\u2019arbre a une force de croissance impressionnante. L\u2019huile de ricin n\u2019est pas [&hellip;]<\/p>\n","protected":false},"featured_media":56765,"comment_status":"open","ping_status":"closed","template":"","meta":{"_acf_changed":false},"product_brand":[],"product_cat":[6090,5676,6106,4225,4223,4972,5058],"product_tag":[],"class_list":{"0":"post-56766","1":"product","2":"type-product","3":"status-publish","4":"has-post-thumbnail","6":"product_cat-chi-natural-life","7":"product_cat-chi-natural-life-massage","8":"product_cat-chi-soin-de-la-peau","9":"product_cat-huiles-de-massage-lotions","10":"product_cat-massage-fr-webshop-fr","11":"product_cat-nos-marques","12":"product_cat-webshop-fr","14":"first","15":"instock","16":"taxable","17":"shipping-taxable","18":"product-type-simple"},"acf":[],"_links":{"self":[{"href":"https:\/\/sundar.be\/fr\/wp-json\/wp\/v2\/product\/56766","targetHints":{"allow":["GET"]}}],"collection":[{"href":"https:\/\/sundar.be\/fr\/wp-json\/wp\/v2\/product"}],"about":[{"href":"https:\/\/sundar.be\/fr\/wp-json\/wp\/v2\/types\/product"}],"replies":[{"embeddable":true,"href":"https:\/\/sundar.be\/fr\/wp-json\/wp\/v2\/comments?post=56766"}],"wp:featuredmedia":[{"embeddable":true,"href":"https:\/\/sundar.be\/fr\/wp-json\/wp\/v2\/media\/56765"}],"wp:attachment":[{"href":"https:\/\/sundar.be\/fr\/wp-json\/wp\/v2\/media?parent=56766"}],"wp:term":[{"taxonomy":"product_brand","embeddable":true,"href":"https:\/\/sundar.be\/fr\/wp-json\/wp\/v2\/product_brand?post=56766"},{"taxonomy":"product_cat","embeddable":true,"href":"https:\/\/sundar.be\/fr\/wp-json\/wp\/v2\/product_cat?post=56766"},{"taxonomy":"product_tag","embeddable":true,"href":"https:\/\/sundar.be\/fr\/wp-json\/wp\/v2\/product_tag?post=56766"}],"curies":[{"name":"wp","href":"https:\/\/api.w.org\/{rel}","templated":true}]}}