{"id":56764,"date":"2025-09-16T12:38:52","date_gmt":"2025-09-16T10:38:52","guid":{"rendered":"https:\/\/sundar.be\/product\/chi-huile-de-plante-sacha-inchi-biologique-50ml\/"},"modified":"2025-11-13T16:43:30","modified_gmt":"2025-11-13T15:43:30","slug":"chi-huile-de-plante-sacha-inchi-biologique-50ml","status":"publish","type":"product","link":"https:\/\/sundar.be\/fr\/produit\/chi-huile-de-plante-sacha-inchi-biologique-50ml\/","title":{"rendered":"Chi Huile de Plante Sacha Inchi (Biologique) 50ml"},"content":{"rendered":"<p>Le sacha inchi poss\u00e8de la teneur en om\u00e9ga-3 la plus \u00e9lev\u00e9e de toutes les huiles v\u00e9g\u00e9tales et est donc tr\u00e8s sain : de l\u2019int\u00e9rieur (comme aliment) et de l\u2019ext\u00e9rieur (pour la peau) ! Cette huile biologique particuli\u00e8re du P\u00e9rou est id\u00e9ale pour les peaux s\u00e8ches, rouges et sensibles et p\u00e9n\u00e8tre rapidement. Comme huile alimentaire, cette plante inca est l\u2019alternative parfaite \u00e0 l\u2019huile de lin : elle est mieux tol\u00e9r\u00e9e et a un go\u00fbt fantastique.  <\/p>\n<p>Dans les soins de la peau, le sacha inchi est une tr\u00e8s bonne huile pour traiter les peaux irrit\u00e9es, les peaux s\u00e8ches et les cheveux secs. Elle est b\u00e9n\u00e9fique pour le tissu conjonctif de la peau et maintient celle-ci \u00e9lastique. La teneur \u00e9lev\u00e9e en acide linol\u00e9ique et en acide alpha-linol\u00e9nique fait de cette huile particuli\u00e8re un bon choix pour l\u2019acn\u00e9 et pour limiter la formation de cicatrices. L\u2019huile se marie tr\u00e8s bien avec des huiles comme le beurre de karit\u00e9 et l\u2019avocat, qui aident \u00e0 faire p\u00e9n\u00e9trer les acides gras insatur\u00e9s dans la peau.   <\/p>\n<p>Le sacha inchi contient un certain nombre d\u2019antioxydants, tels que les vitamines A et E, qui aident \u00e0 la r\u00e9paration et \u00e0 la protection de la peau face aux agressions environnementales et au soleil. La vitamine E assure \u00e9galement une plus longue conservation de cette huile. Le buisson de sacha inchi produit des graines tout au long de l\u2019ann\u00e9e, permettant plusieurs r\u00e9coltes par an, ce qui est tr\u00e8s positif pour les agriculteurs avec lesquels nous collaborons.  <\/p>\n","protected":false},"excerpt":{"rendered":"<p>Le sacha inchi poss\u00e8de la teneur en om\u00e9ga-3 la plus \u00e9lev\u00e9e de toutes les huiles v\u00e9g\u00e9tales et est donc tr\u00e8s sain : de l\u2019int\u00e9rieur (comme aliment) et de l\u2019ext\u00e9rieur (pour la peau) ! Cette huile biologique particuli\u00e8re du P\u00e9rou est id\u00e9ale pour les peaux s\u00e8ches, rouges et sensibles et p\u00e9n\u00e8tre rapidement. Comme huile alimentaire, cette [&hellip;]<\/p>\n","protected":false},"featured_media":56761,"comment_status":"open","ping_status":"closed","template":"","meta":{"_acf_changed":false},"product_brand":[],"product_cat":[6090,6115,4972],"product_tag":[],"class_list":{"0":"post-56764","1":"product","2":"type-product","3":"status-publish","4":"has-post-thumbnail","6":"product_cat-chi-natural-life","7":"product_cat-chi-huile-vegetale","8":"product_cat-nos-marques","10":"first","11":"instock","12":"taxable","13":"shipping-taxable","14":"product-type-simple"},"acf":[],"_links":{"self":[{"href":"https:\/\/sundar.be\/fr\/wp-json\/wp\/v2\/product\/56764","targetHints":{"allow":["GET"]}}],"collection":[{"href":"https:\/\/sundar.be\/fr\/wp-json\/wp\/v2\/product"}],"about":[{"href":"https:\/\/sundar.be\/fr\/wp-json\/wp\/v2\/types\/product"}],"replies":[{"embeddable":true,"href":"https:\/\/sundar.be\/fr\/wp-json\/wp\/v2\/comments?post=56764"}],"wp:featuredmedia":[{"embeddable":true,"href":"https:\/\/sundar.be\/fr\/wp-json\/wp\/v2\/media\/56761"}],"wp:attachment":[{"href":"https:\/\/sundar.be\/fr\/wp-json\/wp\/v2\/media?parent=56764"}],"wp:term":[{"taxonomy":"product_brand","embeddable":true,"href":"https:\/\/sundar.be\/fr\/wp-json\/wp\/v2\/product_brand?post=56764"},{"taxonomy":"product_cat","embeddable":true,"href":"https:\/\/sundar.be\/fr\/wp-json\/wp\/v2\/product_cat?post=56764"},{"taxonomy":"product_tag","embeddable":true,"href":"https:\/\/sundar.be\/fr\/wp-json\/wp\/v2\/product_tag?post=56764"}],"curies":[{"name":"wp","href":"https:\/\/api.w.org\/{rel}","templated":true}]}}