{"id":56758,"date":"2025-09-16T15:08:12","date_gmt":"2025-09-16T13:08:12","guid":{"rendered":"https:\/\/sundar.be\/product\/chi-huile-de-coco-biologique-100ml\/"},"modified":"2025-11-13T16:29:15","modified_gmt":"2025-11-13T15:29:15","slug":"chi-huile-de-coco-biologique-100ml","status":"publish","type":"product","link":"https:\/\/sundar.be\/fr\/produit\/chi-huile-de-coco-biologique-100ml\/","title":{"rendered":"Chi Huile de Coco (Biologique) 100ml"},"content":{"rendered":"<h2><strong>Huile de coco biologique : bonne pour votre peau<\/strong><\/h2>\n<p>La noix de coco convient \u00e0 tous les types de peau, en particulier aux peaux s\u00e8ches. L\u2019huile de coco biologique Chi a une action hydratante, relaxante et l\u00e9g\u00e8rement rafra\u00eechissante. L\u2019effet de l\u2019huile de coco sur la peau donne comme r\u00e9sultat une peau \u00e9clatante. Associ\u00e9e \u00e0 l\u2019huile de jojoba, la noix de coco est id\u00e9ale pour une peau rugueuse et les ger\u00e7ures sur les mains et les pieds.   <\/p>\n<p>L\u2019huile de coco pure est une bonne protection contre la perte d\u2019humidit\u00e9. Appliqu\u00e9e sur la peau, l\u2019huile de coco p\u00e9n\u00e8tre relativement rapidement car les principales mol\u00e9cules d\u2019acides gras (acide laurique et acide myristique) sont petites. Ainsi, l\u2019huile ne laisse pas de film gras sur la peau. Une utilisation r\u00e9guli\u00e8re rend la peau douce et \u00e9lastique. Cette huile de coco biologique non raffin\u00e9e contient beaucoup de vitamine E et de tocotri\u00e9nols. Ces antioxydants ralentissent les effets du vieillissement cutan\u00e9 et sont b\u00e9n\u00e9fiques pour la peau. En \u00e9t\u00e9, l\u2019huile de coco est l\u2019aftersun id\u00e9ale gr\u00e2ce \u00e0 son action rafra\u00eechissante et apaisante. Notre huile de coco aide \u00e9galement \u00e0 hydrater la peau. Utilisez aussi l\u2019huile de coco comme d\u00e9maquillant naturel.        <\/p>\n","protected":false},"excerpt":{"rendered":"<p>Huile de coco biologique : bonne pour votre peau La noix de coco convient \u00e0 tous les types de peau, en particulier aux peaux s\u00e8ches. L\u2019huile de coco biologique Chi a une action hydratante, relaxante et l\u00e9g\u00e8rement rafra\u00eechissante. L\u2019effet de l\u2019huile de coco sur la peau donne comme r\u00e9sultat une peau \u00e9clatante. Associ\u00e9e \u00e0 l\u2019huile [&hellip;]<\/p>\n","protected":false},"featured_media":56756,"comment_status":"open","ping_status":"closed","template":"","meta":{"_acf_changed":false},"product_brand":[],"product_cat":[6090,6106,4972],"product_tag":[],"class_list":{"0":"post-56758","1":"product","2":"type-product","3":"status-publish","4":"has-post-thumbnail","6":"product_cat-chi-natural-life","7":"product_cat-chi-soin-de-la-peau","8":"product_cat-nos-marques","10":"first","11":"instock","12":"taxable","13":"shipping-taxable","14":"product-type-simple"},"acf":[],"_links":{"self":[{"href":"https:\/\/sundar.be\/fr\/wp-json\/wp\/v2\/product\/56758","targetHints":{"allow":["GET"]}}],"collection":[{"href":"https:\/\/sundar.be\/fr\/wp-json\/wp\/v2\/product"}],"about":[{"href":"https:\/\/sundar.be\/fr\/wp-json\/wp\/v2\/types\/product"}],"replies":[{"embeddable":true,"href":"https:\/\/sundar.be\/fr\/wp-json\/wp\/v2\/comments?post=56758"}],"wp:featuredmedia":[{"embeddable":true,"href":"https:\/\/sundar.be\/fr\/wp-json\/wp\/v2\/media\/56756"}],"wp:attachment":[{"href":"https:\/\/sundar.be\/fr\/wp-json\/wp\/v2\/media?parent=56758"}],"wp:term":[{"taxonomy":"product_brand","embeddable":true,"href":"https:\/\/sundar.be\/fr\/wp-json\/wp\/v2\/product_brand?post=56758"},{"taxonomy":"product_cat","embeddable":true,"href":"https:\/\/sundar.be\/fr\/wp-json\/wp\/v2\/product_cat?post=56758"},{"taxonomy":"product_tag","embeddable":true,"href":"https:\/\/sundar.be\/fr\/wp-json\/wp\/v2\/product_tag?post=56758"}],"curies":[{"name":"wp","href":"https:\/\/api.w.org\/{rel}","templated":true}]}}