{"id":56755,"date":"2025-09-16T15:09:44","date_gmt":"2025-09-16T13:09:44","guid":{"rendered":"https:\/\/sundar.be\/product\/chi-huile-de-jojoba-biologique-100-ml\/"},"modified":"2025-11-13T16:18:14","modified_gmt":"2025-11-13T15:18:14","slug":"chi-huile-de-jojoba-biologique-100-ml","status":"publish","type":"product","link":"https:\/\/sundar.be\/fr\/produit\/chi-huile-de-jojoba-biologique-100-ml\/","title":{"rendered":"Chi Huile de Jojoba (Biologique) 100 ml"},"content":{"rendered":"<h2 style=\"font-weight: 300;\"><strong style=\"font-weight: 300;\"><span data-contrast=\"none\">Qu\u2019est-ce que l\u2019huile de jojoba ?<\/span><span data-ccp-props=\"{\"335559738\":40}\"> <\/span><\/strong><\/h2>\n<p><span data-contrast=\"auto\">Le jojoba est une huile de base importante et convient \u00e0 tous les types de peau. C\u2019est l\u2019une de nos huiles v\u00e9g\u00e9tales pr\u00e9f\u00e9r\u00e9es. <\/span><span data-contrast=\"auto\"> <\/span>Presque tous les produits de soin de Chi contiennent de la cire de jojoba,<span data-contrast=\"none\">et ce n\u2019est pas sans raison. C\u2019est un soin nourrissant et protecteur fantastique qui aide \u00e0 maintenir l\u2019hydratation de la peau et la rend soyeuse.  <\/span>Le jojoba est bien absorb\u00e9 par la peau et ne laisse pas de film gras. Il raffermit, adoucit, r\u00e9gule la production de s\u00e9bum, maintient le niveau d\u2019hydratation et soutient le pouvoir de r\u00e9g\u00e9n\u00e9ration de la peau.<span data-contrast=\"none\"> <\/span><span data-ccp-props=\"{}\"> <\/span><\/p>\n<p>La structure de l\u2019huile de jojoba ressemble fortement \u00e0 celle du s\u00e9bum humain et r\u00e9gule ainsi la production de s\u00e9bum.<span data-contrast=\"none\">. Cela rend l\u2019huile adapt\u00e9e aux peaux grasses, mais si vous avez une peau s\u00e8che, le jojoba forme une sorte de couche protectrice.<\/span><span data-ccp-props=\"{}\"> <\/span><\/p>\n<p>Le jojoba n\u2019est en r\u00e9alit\u00e9 pas une huile mais une cire v\u00e9g\u00e9tale, press\u00e9e \u00e0 partir des graines de Simmondsia<span data-contrast=\"none\"> <\/span>californica. Cette huile presque inodore est \u00e9galement appel\u00e9e \u00ab or liquide \u00bb en raison de sa couleur dor\u00e9e.<\/p>\n","protected":false},"excerpt":{"rendered":"<p>Qu\u2019est-ce que l\u2019huile de jojoba ? Le jojoba est une huile de base importante et convient \u00e0 tous les types de peau. C\u2019est l\u2019une de nos huiles v\u00e9g\u00e9tales pr\u00e9f\u00e9r\u00e9es. Presque tous les produits de soin de Chi contiennent de la cire de jojoba,et ce n\u2019est pas sans raison. C\u2019est un soin nourrissant et protecteur fantastique [&hellip;]<\/p>\n","protected":false},"featured_media":56753,"comment_status":"open","ping_status":"closed","template":"","meta":{"_acf_changed":false},"product_brand":[],"product_cat":[6090,5676,4225,6115,4223,4972,5058],"product_tag":[],"class_list":{"0":"post-56755","1":"product","2":"type-product","3":"status-publish","4":"has-post-thumbnail","6":"product_cat-chi-natural-life","7":"product_cat-chi-natural-life-massage","8":"product_cat-huiles-de-massage-lotions","9":"product_cat-chi-huile-vegetale","10":"product_cat-massage-fr-webshop-fr","11":"product_cat-nos-marques","12":"product_cat-webshop-fr","14":"first","15":"instock","16":"taxable","17":"shipping-taxable","18":"product-type-simple"},"acf":[],"_links":{"self":[{"href":"https:\/\/sundar.be\/fr\/wp-json\/wp\/v2\/product\/56755","targetHints":{"allow":["GET"]}}],"collection":[{"href":"https:\/\/sundar.be\/fr\/wp-json\/wp\/v2\/product"}],"about":[{"href":"https:\/\/sundar.be\/fr\/wp-json\/wp\/v2\/types\/product"}],"replies":[{"embeddable":true,"href":"https:\/\/sundar.be\/fr\/wp-json\/wp\/v2\/comments?post=56755"}],"wp:featuredmedia":[{"embeddable":true,"href":"https:\/\/sundar.be\/fr\/wp-json\/wp\/v2\/media\/56753"}],"wp:attachment":[{"href":"https:\/\/sundar.be\/fr\/wp-json\/wp\/v2\/media?parent=56755"}],"wp:term":[{"taxonomy":"product_brand","embeddable":true,"href":"https:\/\/sundar.be\/fr\/wp-json\/wp\/v2\/product_brand?post=56755"},{"taxonomy":"product_cat","embeddable":true,"href":"https:\/\/sundar.be\/fr\/wp-json\/wp\/v2\/product_cat?post=56755"},{"taxonomy":"product_tag","embeddable":true,"href":"https:\/\/sundar.be\/fr\/wp-json\/wp\/v2\/product_tag?post=56755"}],"curies":[{"name":"wp","href":"https:\/\/api.w.org\/{rel}","templated":true}]}}