{"id":56748,"date":"2025-09-16T15:15:00","date_gmt":"2025-09-16T13:15:00","guid":{"rendered":"https:\/\/sundar.be\/?post_type=product&#038;p=56748"},"modified":"2025-11-13T16:01:23","modified_gmt":"2025-11-13T15:01:23","slug":"chi-hydrolat-de-camomille-biologique-150-ml","status":"publish","type":"product","link":"https:\/\/sundar.be\/fr\/produit\/chi-hydrolat-de-camomille-biologique-150-ml\/","title":{"rendered":"Chi Hydrolat de Camomille (Biologique) 150 ml"},"content":{"rendered":"<p>L\u2019eau florale issue des petites fleurs blanches de la camomille romaine. Une eau au parfum d\u00e9licieusement sucr\u00e9, l\u00e9g\u00e8rement miell\u00e9. Un hydrolat universel, l\u00e9g\u00e8rement astringent, qui adoucit et apaise la peau en cas d\u2019inflammation, de sensibilit\u00e9 ou de boutons. Id\u00e9al dans les soins pour b\u00e9b\u00e9s, o\u00f9 il apaise l\u2019\u00e9ryth\u00e8me fessier. Vous pouvez utiliser l\u2019hydrolat de camomille pour enlever le maquillage et nettoyer la peau, ainsi que comme compresse apaisante pour les yeux irrit\u00e9s ou fatigu\u00e9s : versez un peu de camomille sur un coton et appliquez-le sur les yeux. Un trait d\u2019hydrolat de camomille dans un verre d\u2019eau ou une tasse de th\u00e9 apaise le syst\u00e8me digestif et contribue \u00e0 un bon sommeil.<\/p>\n","protected":false},"excerpt":{"rendered":"<p>L\u2019eau florale issue des petites fleurs blanches de la camomille romaine. Une eau au parfum d\u00e9licieusement sucr\u00e9, l\u00e9g\u00e8rement miell\u00e9. Un hydrolat universel, l\u00e9g\u00e8rement astringent, qui adoucit et apaise la peau en cas d\u2019inflammation, de sensibilit\u00e9 ou de boutons. Id\u00e9al dans les soins pour b\u00e9b\u00e9s, o\u00f9 il apaise l\u2019\u00e9ryth\u00e8me fessier. Vous pouvez utiliser l\u2019hydrolat de camomille [&hellip;]<\/p>\n","protected":false},"featured_media":56746,"comment_status":"open","ping_status":"closed","template":"","meta":{"_acf_changed":false},"product_brand":[],"product_cat":[6090,6106,4972],"product_tag":[],"class_list":{"0":"post-56748","1":"product","2":"type-product","3":"status-publish","4":"has-post-thumbnail","6":"product_cat-chi-natural-life","7":"product_cat-chi-soin-de-la-peau","8":"product_cat-nos-marques","10":"first","11":"instock","12":"taxable","13":"shipping-taxable","14":"product-type-simple"},"acf":[],"_links":{"self":[{"href":"https:\/\/sundar.be\/fr\/wp-json\/wp\/v2\/product\/56748","targetHints":{"allow":["GET"]}}],"collection":[{"href":"https:\/\/sundar.be\/fr\/wp-json\/wp\/v2\/product"}],"about":[{"href":"https:\/\/sundar.be\/fr\/wp-json\/wp\/v2\/types\/product"}],"replies":[{"embeddable":true,"href":"https:\/\/sundar.be\/fr\/wp-json\/wp\/v2\/comments?post=56748"}],"wp:featuredmedia":[{"embeddable":true,"href":"https:\/\/sundar.be\/fr\/wp-json\/wp\/v2\/media\/56746"}],"wp:attachment":[{"href":"https:\/\/sundar.be\/fr\/wp-json\/wp\/v2\/media?parent=56748"}],"wp:term":[{"taxonomy":"product_brand","embeddable":true,"href":"https:\/\/sundar.be\/fr\/wp-json\/wp\/v2\/product_brand?post=56748"},{"taxonomy":"product_cat","embeddable":true,"href":"https:\/\/sundar.be\/fr\/wp-json\/wp\/v2\/product_cat?post=56748"},{"taxonomy":"product_tag","embeddable":true,"href":"https:\/\/sundar.be\/fr\/wp-json\/wp\/v2\/product_tag?post=56748"}],"curies":[{"name":"wp","href":"https:\/\/api.w.org\/{rel}","templated":true}]}}