{"id":56739,"date":"2025-09-16T15:20:33","date_gmt":"2025-09-16T13:20:33","guid":{"rendered":"https:\/\/sundar.be\/product\/chi-rosewater-skinspray-biologique-100-ml\/"},"modified":"2025-11-13T15:55:06","modified_gmt":"2025-11-13T14:55:06","slug":"chi-rosewater-skinspray-biologique-100-ml","status":"publish","type":"product","link":"https:\/\/sundar.be\/fr\/produit\/chi-rosewater-skinspray-biologique-100-ml\/","title":{"rendered":"Chi Rosewater Skinspray (Biologique) 100 ml"},"content":{"rendered":"<h2><strong>Spray \u00e0 l\u2019eau de rose : soin suppl\u00e9mentaire pour le visage et la peau<\/strong><\/h2>\n<p>L\u2019eau de rose est un produit fantastique et polyvalent pour la peau. Elle nettoie, rafra\u00eechit, d\u00e9tend et tonifie la peau. L\u2019eau de rose est tr\u00e8s douce, calmante et convient donc \u00e0 tous les types de peau, particuli\u00e8rement aux peaux sensibles ou impures. Vous pouvez utiliser l\u2019eau de rose de diff\u00e9rentes mani\u00e8res. Contrairement \u00e0 l\u2019huile essentielle de rose, l\u2019eau de rose peut \u00eatre utilis\u00e9e pure. Utilisez-la pour le visage dans des masques, des appareils de vapeur, des compresses (pour les yeux) et comme apr\u00e8s-rasage en raison de son parfum et de ses effets. Une spray \u00e0 l\u2019eau de rose est souvent utilis\u00e9e comme lotion tonique naturelle pour nettoyer le visage et les pores. En vaporisant l\u2019eau de rose sur un coton, vous profitez de son nettoyage doux, de ses soins et de son parfum agr\u00e9able. Quelques gouttes d\u2019eau de rose sont \u00e9galement b\u00e9n\u00e9fiques pour les yeux fatigu\u00e9s. Essayez aussi d\u2019ajouter une bonne dose d\u2019eau de rose dans l\u2019eau du bain : elle aide \u00e0 se d\u00e9tendre et \u00e0 dorloter la peau. Les bienfaits de l\u2019eau de rose pour la peau :          <\/p>\n<ul>\n<li>Astringente<\/li>\n<li>Tonifiante<\/li>\n<li>R\u00e9g\u00e9n\u00e9ratrice cellulaire<\/li>\n<li>Adoucissante<\/li>\n<li>Rafra\u00eechissante<\/li>\n<li>Purifiante<\/li>\n<li>R\u00e9gulatrice d\u2019hydratation<\/li>\n<\/ul>\n","protected":false},"excerpt":{"rendered":"<p>Spray \u00e0 l\u2019eau de rose : soin suppl\u00e9mentaire pour le visage et la peau L\u2019eau de rose est un produit fantastique et polyvalent pour la peau. Elle nettoie, rafra\u00eechit, d\u00e9tend et tonifie la peau. L\u2019eau de rose est tr\u00e8s douce, calmante et convient donc \u00e0 tous les types de peau, particuli\u00e8rement aux peaux sensibles ou [&hellip;]<\/p>\n","protected":false},"featured_media":56737,"comment_status":"open","ping_status":"closed","template":"","meta":{"_acf_changed":false},"product_brand":[],"product_cat":[6090,6106,4972],"product_tag":[],"class_list":{"0":"post-56739","1":"product","2":"type-product","3":"status-publish","4":"has-post-thumbnail","6":"product_cat-chi-natural-life","7":"product_cat-chi-soin-de-la-peau","8":"product_cat-nos-marques","10":"first","11":"instock","12":"taxable","13":"shipping-taxable","14":"product-type-simple"},"acf":[],"_links":{"self":[{"href":"https:\/\/sundar.be\/fr\/wp-json\/wp\/v2\/product\/56739","targetHints":{"allow":["GET"]}}],"collection":[{"href":"https:\/\/sundar.be\/fr\/wp-json\/wp\/v2\/product"}],"about":[{"href":"https:\/\/sundar.be\/fr\/wp-json\/wp\/v2\/types\/product"}],"replies":[{"embeddable":true,"href":"https:\/\/sundar.be\/fr\/wp-json\/wp\/v2\/comments?post=56739"}],"wp:featuredmedia":[{"embeddable":true,"href":"https:\/\/sundar.be\/fr\/wp-json\/wp\/v2\/media\/56737"}],"wp:attachment":[{"href":"https:\/\/sundar.be\/fr\/wp-json\/wp\/v2\/media?parent=56739"}],"wp:term":[{"taxonomy":"product_brand","embeddable":true,"href":"https:\/\/sundar.be\/fr\/wp-json\/wp\/v2\/product_brand?post=56739"},{"taxonomy":"product_cat","embeddable":true,"href":"https:\/\/sundar.be\/fr\/wp-json\/wp\/v2\/product_cat?post=56739"},{"taxonomy":"product_tag","embeddable":true,"href":"https:\/\/sundar.be\/fr\/wp-json\/wp\/v2\/product_tag?post=56739"}],"curies":[{"name":"wp","href":"https:\/\/api.w.org\/{rel}","templated":true}]}}