{"id":56734,"date":"2025-09-16T15:24:20","date_gmt":"2025-09-16T13:24:20","guid":{"rendered":"https:\/\/sundar.be\/product\/chi-hydrolat-de-lavande-biologique-150-ml\/"},"modified":"2025-11-13T15:52:38","modified_gmt":"2025-11-13T14:52:38","slug":"chi-hydrolat-de-lavande-biologique-150-ml","status":"publish","type":"product","link":"https:\/\/sundar.be\/fr\/produit\/chi-hydrolat-de-lavande-biologique-150-ml\/","title":{"rendered":"Chi Hydrolat de Lavande (Biologique) 150 ml"},"content":{"rendered":"<h2>\u00c0 propos de l\u2019hydrolat de lavande<br \/><\/h2>\n<p>L\u2019eau issue des sommit\u00e9s fleuries du v\u00e9ritable buisson de lavande. Le doux hydrolat de lavande est principalement utilis\u00e9 dans les soins de la peau et les soins pour b\u00e9b\u00e9s. L\u2019hydrolat de lavande purifie et nettoie la peau et favorise sa r\u00e9g\u00e9n\u00e9ration. Cet hydrolat convient \u00e0 tous les types de peau, mais particuli\u00e8rement aux peaux grasses et impures. La lavande rafra\u00eechit et apaise la peau, par exemple apr\u00e8s un apr\u00e8s-midi au soleil ou apr\u00e8s l\u2019\u00e9pilation. Vaporiser de la lavande apporte un effet rafra\u00eechissant lors des chaudes journ\u00e9es d\u2019\u00e9t\u00e9. Un bain du soir ou une tasse de th\u00e9 avec de l\u2019hydrolat de lavande permet de cl\u00f4turer la journ\u00e9e en douceur pour bien dormir !       <\/p>\n<h2>Pourquoi l\u2019hydrolat de lavande ne sent-il pas l\u2019huile de lavande ?<\/h2>\n<p>Avez-vous d\u00e9j\u00e0 travers\u00e9 un champ de lavande en Provence ? Le parfum de la lavande en fleurs, du soleil et des herbes s\u00e9ch\u00e9es s\u2019y m\u00ealent. Cette exp\u00e9rience et cette odeur se retrouvent dans l\u2019eau de lavande. \u00c9tonnamment, on n\u2019y sent pas seulement la lavande, mais aussi l\u2019herbe s\u00e9ch\u00e9e et le soleil. D\u00e9licieux ! Et incomparable \u00e0 l\u2019odeur de l\u2019huile essentielle pure. On peut mieux d\u00e9crire l\u2019odeur de l\u2019hydrolat de lavande comme miell\u00e9e, herbac\u00e9e et l\u00e9g\u00e8rement am\u00e8re-acidul\u00e9e. L\u2019eau de lavande poss\u00e8de de nombreuses nuances olfactives, car elle contient des composants tr\u00e8s diff\u00e9rents de ceux de l\u2019huile essentielle. C\u2019est en fait le second produit de la distillation. Les hydrolats contiennent peu de mol\u00e9cules liposolubles pr\u00e9sentes dans les huiles essentielles, comme les esters responsables de l\u2019odeur. L\u2019eau de lavande ne contient pas ces composants et sent donc moins la lavande. Cette eau merveilleuse tonifie, rafra\u00eechit et renforce la peau.             <\/p>\n<h2>Que sont les hydrolats ?<br \/><\/h2>\n<p>Lors de la distillation des plantes, deux produits apparaissent : l\u2019huile essentielle et l\u2019hydrolat. Un hydrolat contient des composants et actifs diff\u00e9rents de ceux de l\u2019huile essentielle issue de la m\u00eame mati\u00e8re v\u00e9g\u00e9tale. Les hydrolats sont moins puissants que les huiles essentielles mais certainement pas moins qualitatifs ! Ils sont polyvalents et faciles \u00e0 utiliser : de la simple fra\u00eecheur au soin d\u2019une peau tr\u00e8s sensible.   <\/p>\n","protected":false},"excerpt":{"rendered":"<p>\u00c0 propos de l\u2019hydrolat de lavande L\u2019eau issue des sommit\u00e9s fleuries du v\u00e9ritable buisson de lavande. Le doux hydrolat de lavande est principalement utilis\u00e9 dans les soins de la peau et les soins pour b\u00e9b\u00e9s. L\u2019hydrolat de lavande purifie et nettoie la peau et favorise sa r\u00e9g\u00e9n\u00e9ration. Cet hydrolat convient \u00e0 tous les types de [&hellip;]<\/p>\n","protected":false},"featured_media":56733,"comment_status":"open","ping_status":"closed","template":"","meta":{"_acf_changed":false},"product_brand":[],"product_cat":[6090,6106,4972],"product_tag":[],"class_list":{"0":"post-56734","1":"product","2":"type-product","3":"status-publish","4":"has-post-thumbnail","6":"product_cat-chi-natural-life","7":"product_cat-chi-soin-de-la-peau","8":"product_cat-nos-marques","9":"pa_inhoud-150ml-fr","10":"pa_inhoud-500-ml-fr","12":"first","13":"instock","14":"taxable","15":"shipping-taxable","16":"product-type-variable"},"acf":[],"_links":{"self":[{"href":"https:\/\/sundar.be\/fr\/wp-json\/wp\/v2\/product\/56734","targetHints":{"allow":["GET"]}}],"collection":[{"href":"https:\/\/sundar.be\/fr\/wp-json\/wp\/v2\/product"}],"about":[{"href":"https:\/\/sundar.be\/fr\/wp-json\/wp\/v2\/types\/product"}],"replies":[{"embeddable":true,"href":"https:\/\/sundar.be\/fr\/wp-json\/wp\/v2\/comments?post=56734"}],"wp:featuredmedia":[{"embeddable":true,"href":"https:\/\/sundar.be\/fr\/wp-json\/wp\/v2\/media\/56733"}],"wp:attachment":[{"href":"https:\/\/sundar.be\/fr\/wp-json\/wp\/v2\/media?parent=56734"}],"wp:term":[{"taxonomy":"product_brand","embeddable":true,"href":"https:\/\/sundar.be\/fr\/wp-json\/wp\/v2\/product_brand?post=56734"},{"taxonomy":"product_cat","embeddable":true,"href":"https:\/\/sundar.be\/fr\/wp-json\/wp\/v2\/product_cat?post=56734"},{"taxonomy":"product_tag","embeddable":true,"href":"https:\/\/sundar.be\/fr\/wp-json\/wp\/v2\/product_tag?post=56734"}],"curies":[{"name":"wp","href":"https:\/\/api.w.org\/{rel}","templated":true}]}}