{"id":56726,"date":"2025-09-16T15:27:48","date_gmt":"2025-09-16T13:27:48","guid":{"rendered":"https:\/\/sundar.be\/?post_type=product&#038;p=56726"},"modified":"2025-11-13T15:44:43","modified_gmt":"2025-11-13T14:44:43","slug":"chi-huile-hydrophile-neutre-biologique","status":"publish","type":"product","link":"https:\/\/sundar.be\/fr\/produit\/chi-huile-hydrophile-neutre-biologique\/","title":{"rendered":"Chi Huile Hydrophile Neutre (Biologique)"},"content":{"rendered":"<p>La nouvelle huile hydrophile neutre de Chi est compos\u00e9e d\u2019huiles v\u00e9g\u00e9tales biologiques et d\u2019un \u00e9mulsifiant naturel. Cette combinaison permet \u00e0 l\u2019huile de bien se dissoudre dans l\u2019eau ; au contact de l\u2019eau, elle devient une solution lact\u00e9e. L\u2019huile hydrophile convient parfaitement comme d\u00e9maquillant et nettoie la peau en profondeur tout en laissant une sensation agr\u00e9able. L\u2019huile hydrophile neutre peut \u00e9galement \u00eatre utilis\u00e9e comme huile de bain neutre.<\/p>\n","protected":false},"excerpt":{"rendered":"<p>La nouvelle huile hydrophile neutre de Chi est compos\u00e9e d\u2019huiles v\u00e9g\u00e9tales biologiques et d\u2019un \u00e9mulsifiant naturel. Cette combinaison permet \u00e0 l\u2019huile de bien se dissoudre dans l\u2019eau ; au contact de l\u2019eau, elle devient une solution lact\u00e9e. L\u2019huile hydrophile convient parfaitement comme d\u00e9maquillant et nettoie la peau en profondeur tout en laissant une sensation agr\u00e9able. [&hellip;]<\/p>\n","protected":false},"featured_media":56723,"comment_status":"open","ping_status":"closed","template":"","meta":{"_acf_changed":false},"product_brand":[],"product_cat":[6090,6106,4972],"product_tag":[],"class_list":{"0":"post-56726","1":"product","2":"type-product","3":"status-publish","4":"has-post-thumbnail","6":"product_cat-chi-natural-life","7":"product_cat-chi-soin-de-la-peau","8":"product_cat-nos-marques","9":"pa_inhoud-1000-ml-fr","10":"pa_inhoud-150ml-fr","12":"first","13":"instock","14":"taxable","15":"shipping-taxable","16":"product-type-variable"},"acf":[],"_links":{"self":[{"href":"https:\/\/sundar.be\/fr\/wp-json\/wp\/v2\/product\/56726","targetHints":{"allow":["GET"]}}],"collection":[{"href":"https:\/\/sundar.be\/fr\/wp-json\/wp\/v2\/product"}],"about":[{"href":"https:\/\/sundar.be\/fr\/wp-json\/wp\/v2\/types\/product"}],"replies":[{"embeddable":true,"href":"https:\/\/sundar.be\/fr\/wp-json\/wp\/v2\/comments?post=56726"}],"wp:featuredmedia":[{"embeddable":true,"href":"https:\/\/sundar.be\/fr\/wp-json\/wp\/v2\/media\/56723"}],"wp:attachment":[{"href":"https:\/\/sundar.be\/fr\/wp-json\/wp\/v2\/media?parent=56726"}],"wp:term":[{"taxonomy":"product_brand","embeddable":true,"href":"https:\/\/sundar.be\/fr\/wp-json\/wp\/v2\/product_brand?post=56726"},{"taxonomy":"product_cat","embeddable":true,"href":"https:\/\/sundar.be\/fr\/wp-json\/wp\/v2\/product_cat?post=56726"},{"taxonomy":"product_tag","embeddable":true,"href":"https:\/\/sundar.be\/fr\/wp-json\/wp\/v2\/product_tag?post=56726"}],"curies":[{"name":"wp","href":"https:\/\/api.w.org\/{rel}","templated":true}]}}