{"id":56721,"date":"2025-09-16T15:31:44","date_gmt":"2025-09-16T13:31:44","guid":{"rendered":"https:\/\/sundar.be\/product\/chi-superskin-aftersun-oil-biologique-100-ml\/"},"modified":"2025-11-13T15:32:58","modified_gmt":"2025-11-13T14:32:58","slug":"chi-superskin-aftersun-oil-biologique-100-ml","status":"publish","type":"product","link":"https:\/\/sundar.be\/fr\/produit\/chi-superskin-aftersun-oil-biologique-100-ml\/","title":{"rendered":"Chi Superskin Aftersun Oil (Biologique) 100 ml<br>"},"content":{"rendered":"<p>Une huile apr\u00e8s-soleil va de pair avec un conseil \u00ab pr\u00e9-soleil \u00bb ! Tout le monde sait que le soleil est \u00e0 la base de toute vie sur terre. Le soleil est bon pour tout le monde ! Mais une exposition excessive, donc bronzer jusqu\u2019\u00e0 br\u00fbler, est tr\u00e8s mauvais pour la peau et n\u00e9faste pour la sant\u00e9 \u00e0 long terme. Tout le monde le sait d\u00e9sormais, mais saviez-vous que de courtes p\u00e9riodes d\u2019exposition, disons 3 fois par jour 15 minutes, permettent \u00e9galement d\u2019obtenir un joli bronzage ? Le corps a ainsi le temps de r\u00e9aliser le processus de bronzage, c\u2019est-\u00e0-dire de g\u00e9rer l\u2019exposition au soleil. Saviez-vous aussi que vous bronzez m\u00eame sous la plupart des parasols, car ils laissent passer beaucoup de rayons UV ? Alors prenez soin de votre peau : profitez, exposez-vous intelligemment et obtenez tout de m\u00eame un beau bronzage !       <\/p>\n","protected":false},"excerpt":{"rendered":"<p>Une huile apr\u00e8s-soleil va de pair avec un conseil \u00ab pr\u00e9-soleil \u00bb ! Tout le monde sait que le soleil est \u00e0 la base de toute vie sur terre. Le soleil est bon pour tout le monde ! Mais une exposition excessive, donc bronzer jusqu\u2019\u00e0 br\u00fbler, est tr\u00e8s mauvais pour la peau et n\u00e9faste pour [&hellip;]<\/p>\n","protected":false},"featured_media":56717,"comment_status":"open","ping_status":"closed","template":"","meta":{"_acf_changed":false},"product_brand":[],"product_cat":[6090,6106,4972],"product_tag":[],"class_list":{"0":"post-56721","1":"product","2":"type-product","3":"status-publish","4":"has-post-thumbnail","6":"product_cat-chi-natural-life","7":"product_cat-chi-soin-de-la-peau","8":"product_cat-nos-marques","10":"first","11":"instock","12":"taxable","13":"shipping-taxable","14":"product-type-simple"},"acf":[],"_links":{"self":[{"href":"https:\/\/sundar.be\/fr\/wp-json\/wp\/v2\/product\/56721","targetHints":{"allow":["GET"]}}],"collection":[{"href":"https:\/\/sundar.be\/fr\/wp-json\/wp\/v2\/product"}],"about":[{"href":"https:\/\/sundar.be\/fr\/wp-json\/wp\/v2\/types\/product"}],"replies":[{"embeddable":true,"href":"https:\/\/sundar.be\/fr\/wp-json\/wp\/v2\/comments?post=56721"}],"wp:featuredmedia":[{"embeddable":true,"href":"https:\/\/sundar.be\/fr\/wp-json\/wp\/v2\/media\/56717"}],"wp:attachment":[{"href":"https:\/\/sundar.be\/fr\/wp-json\/wp\/v2\/media?parent=56721"}],"wp:term":[{"taxonomy":"product_brand","embeddable":true,"href":"https:\/\/sundar.be\/fr\/wp-json\/wp\/v2\/product_brand?post=56721"},{"taxonomy":"product_cat","embeddable":true,"href":"https:\/\/sundar.be\/fr\/wp-json\/wp\/v2\/product_cat?post=56721"},{"taxonomy":"product_tag","embeddable":true,"href":"https:\/\/sundar.be\/fr\/wp-json\/wp\/v2\/product_tag?post=56721"}],"curies":[{"name":"wp","href":"https:\/\/api.w.org\/{rel}","templated":true}]}}