{"id":56716,"date":"2025-09-16T15:33:25","date_gmt":"2025-09-16T13:33:25","guid":{"rendered":"https:\/\/sundar.be\/product\/chi-na-de-beet-roller-10ml\/"},"modified":"2025-11-13T15:30:14","modified_gmt":"2025-11-13T14:30:14","slug":"chi-na-de-beet-roller-10ml","status":"publish","type":"product","link":"https:\/\/sundar.be\/fr\/produit\/chi-na-de-beet-roller-10ml\/","title":{"rendered":"Chi Na De Beet Roller 10ml"},"content":{"rendered":"<p>Chi Na De Beet est <em>depuis 25 ans la formule 100 % naturelle<\/em> la plus efficace pour le soin et l\u2019apaisement de la peau apr\u00e8s des piq\u00fbres d\u2019insectes ou de m\u00e9duses. Na De Beet est compos\u00e9 d\u2019un m\u00e9lange soigneusement \u00e9labor\u00e9 d\u2019huiles essentielles associ\u00e9es \u00e0 une huile de jojoba nourrissante. <\/p>\n<p>Les huiles essentielles peuvent \u00eatre tr\u00e8s utiles en cas d\u2019insectes, aussi bien en pr\u00e9vention que apr\u00e8s une piq\u00fbre. Nous avons r\u00e9uni ces huiles essentielles efficaces dans le Na De Beet Roller : citronnelle, eucalyptus citronn\u00e9, c\u00e8dre, g\u00e9ranium, cataire, feuille de cannelle, clou de girofle, lavandin, litsea et menthe poivr\u00e9e. Ensemble, elles soignent et apaisent la peau apr\u00e8s les piq\u00fbres d\u2019insectes !  <\/p>\n<p>Les huiles essentielles de g\u00e9ranium, cataire et lavandin ont une action large dans cette composition. Elles sont naturellement bienfaisantes pour la peau et soutiennent sa capacit\u00e9 de r\u00e9g\u00e9n\u00e9ration. Le c\u00e8dre et l\u2019eucalyptus citronn\u00e9 ont un effet calmant. Les huiles du roller NaDeBeet renforcent les qualit\u00e9s les unes des autres et cr\u00e9ent ainsi une synergie parfaite.   <\/p>\n","protected":false},"excerpt":{"rendered":"<p>Chi Na De Beet est depuis 25 ans la formule 100 % naturelle la plus efficace pour le soin et l\u2019apaisement de la peau apr\u00e8s des piq\u00fbres d\u2019insectes ou de m\u00e9duses. Na De Beet est compos\u00e9 d\u2019un m\u00e9lange soigneusement \u00e9labor\u00e9 d\u2019huiles essentielles associ\u00e9es \u00e0 une huile de jojoba nourrissante. Les huiles essentielles peuvent \u00eatre tr\u00e8s [&hellip;]<\/p>\n","protected":false},"featured_media":56714,"comment_status":"open","ping_status":"closed","template":"","meta":{"_acf_changed":false},"product_brand":[],"product_cat":[6090,6106,4972],"product_tag":[],"class_list":{"0":"post-56716","1":"product","2":"type-product","3":"status-publish","4":"has-post-thumbnail","6":"product_cat-chi-natural-life","7":"product_cat-chi-soin-de-la-peau","8":"product_cat-nos-marques","10":"first","11":"instock","12":"taxable","13":"shipping-taxable","14":"product-type-simple"},"acf":[],"_links":{"self":[{"href":"https:\/\/sundar.be\/fr\/wp-json\/wp\/v2\/product\/56716","targetHints":{"allow":["GET"]}}],"collection":[{"href":"https:\/\/sundar.be\/fr\/wp-json\/wp\/v2\/product"}],"about":[{"href":"https:\/\/sundar.be\/fr\/wp-json\/wp\/v2\/types\/product"}],"replies":[{"embeddable":true,"href":"https:\/\/sundar.be\/fr\/wp-json\/wp\/v2\/comments?post=56716"}],"wp:featuredmedia":[{"embeddable":true,"href":"https:\/\/sundar.be\/fr\/wp-json\/wp\/v2\/media\/56714"}],"wp:attachment":[{"href":"https:\/\/sundar.be\/fr\/wp-json\/wp\/v2\/media?parent=56716"}],"wp:term":[{"taxonomy":"product_brand","embeddable":true,"href":"https:\/\/sundar.be\/fr\/wp-json\/wp\/v2\/product_brand?post=56716"},{"taxonomy":"product_cat","embeddable":true,"href":"https:\/\/sundar.be\/fr\/wp-json\/wp\/v2\/product_cat?post=56716"},{"taxonomy":"product_tag","embeddable":true,"href":"https:\/\/sundar.be\/fr\/wp-json\/wp\/v2\/product_tag?post=56716"}],"curies":[{"name":"wp","href":"https:\/\/api.w.org\/{rel}","templated":true}]}}