{"id":56713,"date":"2025-09-16T15:35:05","date_gmt":"2025-09-16T13:35:05","guid":{"rendered":"https:\/\/sundar.be\/product\/chi-chimalaya-sel-de-bain-750-g\/"},"modified":"2025-11-13T15:28:28","modified_gmt":"2025-11-13T14:28:28","slug":"chi-chimalaya-sel-de-bain-750-g","status":"publish","type":"product","link":"https:\/\/sundar.be\/fr\/produit\/chi-chimalaya-sel-de-bain-750-g\/","title":{"rendered":"Chi Chimalaya Sel de Bain 750 g"},"content":{"rendered":"<p>Le sel de bain Chimalaya est incroyablement riche en min\u00e9raux et en oligo-\u00e9l\u00e9ments qui peuvent \u00eatre tr\u00e8s bien absorb\u00e9s par le corps. Ce sel \u00e9nerg\u00e9tique a plus de <strong>250 millions d\u2019ann\u00e9es<\/strong> et est extrait \u00e0 <strong>2000 m\u00e8tres<\/strong> d\u2019altitude. Le seul traitement appliqu\u00e9 \u00e0 ce sel authentique est un broyage fin pour obtenir ce sel de bain de qualit\u00e9 A. Le sel est parfaitement adapt\u00e9 pour purifier le corps tout en apportant relaxation. Il nettoie la peau, \u00e9quilibre le pH cutan\u00e9 et apaise les peaux rouges ou sensibles.    <\/p>\n<p>Le sel de bain Chimalaya est rest\u00e9 unique en termes de composition, de puret\u00e9 et d\u2019assimilabilit\u00e9. L\u2019\u00e9nergie solaire \u00ab emprisonn\u00e9e \u00bb dans le sel est tout simplement ph\u00e9nom\u00e9nale ! <\/p>\n","protected":false},"excerpt":{"rendered":"<p>Le sel de bain Chimalaya est incroyablement riche en min\u00e9raux et en oligo-\u00e9l\u00e9ments qui peuvent \u00eatre tr\u00e8s bien absorb\u00e9s par le corps. Ce sel \u00e9nerg\u00e9tique a plus de 250 millions d\u2019ann\u00e9es et est extrait \u00e0 2000 m\u00e8tres d\u2019altitude. Le seul traitement appliqu\u00e9 \u00e0 ce sel authentique est un broyage fin pour obtenir ce sel de [&hellip;]<\/p>\n","protected":false},"featured_media":56710,"comment_status":"open","ping_status":"closed","template":"","meta":{"_acf_changed":false},"product_brand":[],"product_cat":[6090,6106,4972],"product_tag":[],"class_list":{"0":"post-56713","1":"product","2":"type-product","3":"status-publish","4":"has-post-thumbnail","6":"product_cat-chi-natural-life","7":"product_cat-chi-soin-de-la-peau","8":"product_cat-nos-marques","10":"first","11":"instock","12":"taxable","13":"shipping-taxable","14":"product-type-simple"},"acf":[],"_links":{"self":[{"href":"https:\/\/sundar.be\/fr\/wp-json\/wp\/v2\/product\/56713","targetHints":{"allow":["GET"]}}],"collection":[{"href":"https:\/\/sundar.be\/fr\/wp-json\/wp\/v2\/product"}],"about":[{"href":"https:\/\/sundar.be\/fr\/wp-json\/wp\/v2\/types\/product"}],"replies":[{"embeddable":true,"href":"https:\/\/sundar.be\/fr\/wp-json\/wp\/v2\/comments?post=56713"}],"wp:featuredmedia":[{"embeddable":true,"href":"https:\/\/sundar.be\/fr\/wp-json\/wp\/v2\/media\/56710"}],"wp:attachment":[{"href":"https:\/\/sundar.be\/fr\/wp-json\/wp\/v2\/media?parent=56713"}],"wp:term":[{"taxonomy":"product_brand","embeddable":true,"href":"https:\/\/sundar.be\/fr\/wp-json\/wp\/v2\/product_brand?post=56713"},{"taxonomy":"product_cat","embeddable":true,"href":"https:\/\/sundar.be\/fr\/wp-json\/wp\/v2\/product_cat?post=56713"},{"taxonomy":"product_tag","embeddable":true,"href":"https:\/\/sundar.be\/fr\/wp-json\/wp\/v2\/product_tag?post=56713"}],"curies":[{"name":"wp","href":"https:\/\/api.w.org\/{rel}","templated":true}]}}