{"id":56709,"date":"2025-09-16T15:36:57","date_gmt":"2025-09-16T13:36:57","guid":{"rendered":"https:\/\/sundar.be\/product\/chi-davos-huile-de-bain-voies-respiratoires-150-ml\/"},"modified":"2025-11-13T15:26:08","modified_gmt":"2025-11-13T14:26:08","slug":"chi-davos-huile-de-bain-voies-respiratoires-150-ml","status":"publish","type":"product","link":"https:\/\/sundar.be\/fr\/produit\/chi-davos-huile-de-bain-voies-respiratoires-150-ml\/","title":{"rendered":"Chi Davos Huile de Bain Voies Respiratoires 150 ml"},"content":{"rendered":"<p>Davos est synonyme de purification de l\u2019air, d\u2019un effet apaisant sur les voies respiratoires et de plus d\u2019aisance respiratoire ! L\u2019huile de bain Davos est un m\u00e9lange pr\u00eat \u00e0 l\u2019emploi contenant les huiles essentielles bien connues Davos Air : <g id=\"gid_0\">pin sylvestre, eucalyptus, menthe poivr\u00e9e et menthe des champs<\/g>. Davos Air est notre parfum le plus populaire et procure une v\u00e9ritable sensation de bien-\u00eatre. Les huiles essentielles de cette huile de bain sont compl\u00e9t\u00e9es par de l\u2019huile d\u2019amande nourrissante et un \u00e9mulsifiant naturel pour rendre l\u2019huile soluble dans l\u2019eau.  <\/p>\n","protected":false},"excerpt":{"rendered":"<p>Davos est synonyme de purification de l\u2019air, d\u2019un effet apaisant sur les voies respiratoires et de plus d\u2019aisance respiratoire ! L\u2019huile de bain Davos est un m\u00e9lange pr\u00eat \u00e0 l\u2019emploi contenant les huiles essentielles bien connues Davos Air : pin sylvestre, eucalyptus, menthe poivr\u00e9e et menthe des champs. Davos Air est notre parfum le plus [&hellip;]<\/p>\n","protected":false},"featured_media":56706,"comment_status":"open","ping_status":"closed","template":"","meta":{"_acf_changed":false},"product_brand":[],"product_cat":[6090,6106,4972],"product_tag":[],"class_list":{"0":"post-56709","1":"product","2":"type-product","3":"status-publish","4":"has-post-thumbnail","6":"product_cat-chi-natural-life","7":"product_cat-chi-soin-de-la-peau","8":"product_cat-nos-marques","10":"first","11":"instock","12":"taxable","13":"shipping-taxable","14":"product-type-simple"},"acf":[],"_links":{"self":[{"href":"https:\/\/sundar.be\/fr\/wp-json\/wp\/v2\/product\/56709","targetHints":{"allow":["GET"]}}],"collection":[{"href":"https:\/\/sundar.be\/fr\/wp-json\/wp\/v2\/product"}],"about":[{"href":"https:\/\/sundar.be\/fr\/wp-json\/wp\/v2\/types\/product"}],"replies":[{"embeddable":true,"href":"https:\/\/sundar.be\/fr\/wp-json\/wp\/v2\/comments?post=56709"}],"wp:featuredmedia":[{"embeddable":true,"href":"https:\/\/sundar.be\/fr\/wp-json\/wp\/v2\/media\/56706"}],"wp:attachment":[{"href":"https:\/\/sundar.be\/fr\/wp-json\/wp\/v2\/media?parent=56709"}],"wp:term":[{"taxonomy":"product_brand","embeddable":true,"href":"https:\/\/sundar.be\/fr\/wp-json\/wp\/v2\/product_brand?post=56709"},{"taxonomy":"product_cat","embeddable":true,"href":"https:\/\/sundar.be\/fr\/wp-json\/wp\/v2\/product_cat?post=56709"},{"taxonomy":"product_tag","embeddable":true,"href":"https:\/\/sundar.be\/fr\/wp-json\/wp\/v2\/product_tag?post=56709"}],"curies":[{"name":"wp","href":"https:\/\/api.w.org\/{rel}","templated":true}]}}