{"id":56705,"date":"2025-09-16T15:39:18","date_gmt":"2025-09-16T13:39:18","guid":{"rendered":"https:\/\/sundar.be\/product\/chi-porte-barre-avec-aimant\/"},"modified":"2025-11-13T15:24:37","modified_gmt":"2025-11-13T14:24:37","slug":"chi-porte-barre-avec-aimant","status":"publish","type":"product","link":"https:\/\/sundar.be\/fr\/produit\/chi-porte-barre-avec-aimant\/","title":{"rendered":"Chi Porte-Barre avec Aimant"},"content":{"rendered":"<h2><span class=\"ui-provider ed biu bmb bmc bmd bme bmf bmg bmh bmi bmj bmk bml bmm bmn bmo bmp bmq bmr bms bmt bmu bmv bmw bmx bmy bmz bna bnb bnc bnd bne bnf bng bnh\" dir=\"ltr\"><strong>Comment installer le porte-barre magn\u00e9tique ? <\/strong><\/span><\/h2>\n<p><span class=\"ui-provider ed biu bmb bmc bmd bme bmf bmg bmh bmi bmj bmk bml bmm bmn bmo bmp bmq bmr bms bmt bmu bmv bmw bmx bmy bmz bna bnb bnc bnd bne bnf bng bnh\" dir=\"ltr\">1. Nettoyez et s\u00e9chez la surface.<br \/>\n2. Retirez le film plastique de la bande adh\u00e9sive.<br \/>\n3. Collez le porte-barre contre le mur.<\/span><\/p>\n<h2><span class=\"ui-provider ed biu bmb bmc bmd bme bmf bmg bmh bmi bmj bmk bml bmm bmn bmo bmp bmq bmr bms bmt bmu bmv bmw bmx bmy bmz bna bnb bnc bnd bne bnf bng bnh\" dir=\"ltr\"><strong>Comment fixer l\u2019aimant \u00e0 la barre ?<\/strong><\/span><\/h2>\n<p><span class=\"ui-provider ed biu bmb bmc bmd bme bmf bmg bmh bmi bmj bmk bml bmm bmn bmo bmp bmq bmr bms bmt bmu bmv bmw bmx bmy bmz bna bnb bnc bnd bne bnf bng bnh\" dir=\"ltr\">1. Enfoncez la petite plaque m\u00e9tallique dans la barre.<br \/>\n2. Laissez le disque m\u00e9tallique de la barre se connecter \u00e0 l\u2019aimant dans le porte-barre.<br \/>\n3. Et voil\u00e0 !<\/span><\/p>\n<h2><strong>Pourquoi choisir les Tea Tree Bars ?<\/strong><\/h2>\n<ul>\n<li>Soin 100 % naturel<\/li>\n<li>Avec huile essentielle biologique de tea tree<\/li>\n<li>Emballage sans plastique : durable et respectueux de l\u2019environnement<\/li>\n<li>Nettoyage doux du visage, de la peau et des cheveux<\/li>\n<li>Parfum agr\u00e9able gr\u00e2ce aux huiles essentielles Chi<\/li>\n<li>D\u00e9veloppement interne : garantie de qualit\u00e9 Chi<\/li>\n<li>Sans additifs synth\u00e9tiques ni superflus<\/li>\n<\/ul>\n","protected":false},"excerpt":{"rendered":"<p>Comment installer le porte-barre magn\u00e9tique ? 1. Nettoyez et s\u00e9chez la surface. 2. Retirez le film plastique de la bande adh\u00e9sive. 3. Collez le porte-barre contre le mur. Comment fixer l\u2019aimant \u00e0 la barre ? 1. Enfoncez la petite plaque m\u00e9tallique dans la barre. 2. Laissez le disque m\u00e9tallique de la barre se connecter \u00e0 [&hellip;]<\/p>\n","protected":false},"featured_media":56703,"comment_status":"open","ping_status":"closed","template":"","meta":{"_acf_changed":false},"product_brand":[],"product_cat":[6090,6106,4972],"product_tag":[],"class_list":{"0":"post-56705","1":"product","2":"type-product","3":"status-publish","4":"has-post-thumbnail","6":"product_cat-chi-natural-life","7":"product_cat-chi-soin-de-la-peau","8":"product_cat-nos-marques","10":"first","11":"instock","12":"taxable","13":"shipping-taxable","14":"product-type-simple"},"acf":[],"_links":{"self":[{"href":"https:\/\/sundar.be\/fr\/wp-json\/wp\/v2\/product\/56705","targetHints":{"allow":["GET"]}}],"collection":[{"href":"https:\/\/sundar.be\/fr\/wp-json\/wp\/v2\/product"}],"about":[{"href":"https:\/\/sundar.be\/fr\/wp-json\/wp\/v2\/types\/product"}],"replies":[{"embeddable":true,"href":"https:\/\/sundar.be\/fr\/wp-json\/wp\/v2\/comments?post=56705"}],"wp:featuredmedia":[{"embeddable":true,"href":"https:\/\/sundar.be\/fr\/wp-json\/wp\/v2\/media\/56703"}],"wp:attachment":[{"href":"https:\/\/sundar.be\/fr\/wp-json\/wp\/v2\/media?parent=56705"}],"wp:term":[{"taxonomy":"product_brand","embeddable":true,"href":"https:\/\/sundar.be\/fr\/wp-json\/wp\/v2\/product_brand?post=56705"},{"taxonomy":"product_cat","embeddable":true,"href":"https:\/\/sundar.be\/fr\/wp-json\/wp\/v2\/product_cat?post=56705"},{"taxonomy":"product_tag","embeddable":true,"href":"https:\/\/sundar.be\/fr\/wp-json\/wp\/v2\/product_tag?post=56705"}],"curies":[{"name":"wp","href":"https:\/\/api.w.org\/{rel}","templated":true}]}}