{"id":56702,"date":"2025-09-16T15:41:07","date_gmt":"2025-09-16T13:41:07","guid":{"rendered":"https:\/\/sundar.be\/product\/chi-davos-sauna-concentre-dinfusion-150-ml\/"},"modified":"2025-11-13T15:23:28","modified_gmt":"2025-11-13T14:23:28","slug":"chi-davos-sauna-concentre-dinfusion-150-ml","status":"publish","type":"product","link":"https:\/\/sundar.be\/fr\/produit\/chi-davos-sauna-concentre-dinfusion-150-ml\/","title":{"rendered":"Chi Davos Sauna Concentr\u00e9 d\u2019Infusion 150 ml<br>"},"content":{"rendered":"<p>Apportez la for\u00eat de pins dans votre sauna : Davos Air est notre parfum le plus populaire et procure une v\u00e9ritable sensation de bien-\u00eatre. Les huiles essentielles de ce concentr\u00e9 d\u2019infusion purifient l\u2019air, apaisent les voies respiratoires et aident \u00e0 respirer plus librement. <\/p>\n<p>Davos Air kuurolie est un m\u00e9lange d\u2019huiles essentielles pures, id\u00e9al pour une utilisation en sauna. C\u2019est comme si vous faisiez entrer la for\u00eat de pins dans le sauna. Vous cr\u00e9ez ainsi une atmosph\u00e8re agr\u00e9able et profitez du d\u00e9licieux parfum de l\u2019huile Davos Air. La combinaison fra\u00eeche de l\u2019huile purifiante de pin sylvestre et des huiles d\u2019eucalyptus, de menthe poivr\u00e9e et de menthe des champs est parfaite pour le sauna.   <\/p>\n","protected":false},"excerpt":{"rendered":"<p>Apportez la for\u00eat de pins dans votre sauna : Davos Air est notre parfum le plus populaire et procure une v\u00e9ritable sensation de bien-\u00eatre. Les huiles essentielles de ce concentr\u00e9 d\u2019infusion purifient l\u2019air, apaisent les voies respiratoires et aident \u00e0 respirer plus librement. Davos Air kuurolie est un m\u00e9lange d\u2019huiles essentielles pures, id\u00e9al pour une [&hellip;]<\/p>\n","protected":false},"featured_media":56700,"comment_status":"open","ping_status":"closed","template":"","meta":{"_acf_changed":false},"product_brand":[],"product_cat":[6090,6106,4972],"product_tag":[],"class_list":{"0":"post-56702","1":"product","2":"type-product","3":"status-publish","4":"has-post-thumbnail","6":"product_cat-chi-natural-life","7":"product_cat-chi-soin-de-la-peau","8":"product_cat-nos-marques","10":"first","11":"instock","12":"taxable","13":"shipping-taxable","14":"product-type-simple"},"acf":[],"_links":{"self":[{"href":"https:\/\/sundar.be\/fr\/wp-json\/wp\/v2\/product\/56702","targetHints":{"allow":["GET"]}}],"collection":[{"href":"https:\/\/sundar.be\/fr\/wp-json\/wp\/v2\/product"}],"about":[{"href":"https:\/\/sundar.be\/fr\/wp-json\/wp\/v2\/types\/product"}],"replies":[{"embeddable":true,"href":"https:\/\/sundar.be\/fr\/wp-json\/wp\/v2\/comments?post=56702"}],"wp:featuredmedia":[{"embeddable":true,"href":"https:\/\/sundar.be\/fr\/wp-json\/wp\/v2\/media\/56700"}],"wp:attachment":[{"href":"https:\/\/sundar.be\/fr\/wp-json\/wp\/v2\/media?parent=56702"}],"wp:term":[{"taxonomy":"product_brand","embeddable":true,"href":"https:\/\/sundar.be\/fr\/wp-json\/wp\/v2\/product_brand?post=56702"},{"taxonomy":"product_cat","embeddable":true,"href":"https:\/\/sundar.be\/fr\/wp-json\/wp\/v2\/product_cat?post=56702"},{"taxonomy":"product_tag","embeddable":true,"href":"https:\/\/sundar.be\/fr\/wp-json\/wp\/v2\/product_tag?post=56702"}],"curies":[{"name":"wp","href":"https:\/\/api.w.org\/{rel}","templated":true}]}}