{"id":56699,"date":"2025-09-16T15:43:31","date_gmt":"2025-09-16T13:43:31","guid":{"rendered":"https:\/\/sundar.be\/product\/chi-bois-de-ho-huile-essentielle-cultivar-10-ml\/"},"modified":"2025-11-13T15:22:11","modified_gmt":"2025-11-13T14:22:11","slug":"chi-bois-de-ho-huile-essentielle-cultivar-10-ml","status":"publish","type":"product","link":"https:\/\/sundar.be\/fr\/produit\/chi-bois-de-ho-huile-essentielle-cultivar-10-ml\/","title":{"rendered":"Chi Bois de H\u00f4 Huile Essentielle (Cultivar) 10 ml"},"content":{"rendered":"<h2>Qu\u2019est-ce que l\u2019huile essentielle de bois de h\u00f4 ?<\/h2>\n<p>Le bois de h\u00f4 est une huile particuli\u00e8re dont l\u2019odeur et l\u2019action sont comparables \u00e0 celles de l\u2019huile de bois de rose.<\/p>\n<p>Le bois de h\u00f4 provient du Cinnamomum camphora, un camphrier originellement pr\u00e9sent \u00e0 Ta\u00efwan, pouvant atteindre 25 m\u00e8tres de haut. Le bois est utilis\u00e9 comme bois de construction et les copeaux sont transform\u00e9s en huile essentielle. <\/p>\n<p>Le bois de h\u00f4 est compos\u00e9 presque enti\u00e8rement d\u2019un seul constituant chimique : le linalol, l\u00e9g\u00e8rement stimulant. Il s\u2019agit \u00e9galement d\u2019un compos\u00e9 important pr\u00e9sent dans la lavande et le bois de rose. <\/p>\n<p>La composition chimique du bois de h\u00f4 est tr\u00e8s proche de celle du bois de rose, ce qui explique qu\u2019il puisse en \u00eatre un substitut. Le bois de rose n\u2019est presque plus utilis\u00e9, car son exploitation contribue \u00e0 la destruction de la for\u00eat tropicale. Cela est d\u2019autant plus vrai depuis que le commerce de l\u2019huile de bois de rose est interdit (depuis 2010). Contrairement au bois de h\u00f4, les arbres de bois de rose ne peuvent (pas encore) \u00eatre cultiv\u00e9s en plantation.   <\/p>\n","protected":false},"excerpt":{"rendered":"<p>Qu\u2019est-ce que l\u2019huile essentielle de bois de h\u00f4 ? Le bois de h\u00f4 est une huile particuli\u00e8re dont l\u2019odeur et l\u2019action sont comparables \u00e0 celles de l\u2019huile de bois de rose. Le bois de h\u00f4 provient du Cinnamomum camphora, un camphrier originellement pr\u00e9sent \u00e0 Ta\u00efwan, pouvant atteindre 25 m\u00e8tres de haut. Le bois est utilis\u00e9 [&hellip;]<\/p>\n","protected":false},"featured_media":56698,"comment_status":"open","ping_status":"closed","template":"","meta":{"_acf_changed":false},"product_brand":[],"product_cat":[6090,5678,6112,4972],"product_tag":[],"class_list":{"0":"post-56699","1":"product","2":"type-product","3":"status-publish","4":"has-post-thumbnail","6":"product_cat-chi-natural-life","7":"product_cat-huile-essentielles","8":"product_cat-huiles-essentielles-cultivees","9":"product_cat-nos-marques","11":"first","12":"instock","13":"taxable","14":"shipping-taxable","15":"product-type-simple"},"acf":[],"_links":{"self":[{"href":"https:\/\/sundar.be\/fr\/wp-json\/wp\/v2\/product\/56699","targetHints":{"allow":["GET"]}}],"collection":[{"href":"https:\/\/sundar.be\/fr\/wp-json\/wp\/v2\/product"}],"about":[{"href":"https:\/\/sundar.be\/fr\/wp-json\/wp\/v2\/types\/product"}],"replies":[{"embeddable":true,"href":"https:\/\/sundar.be\/fr\/wp-json\/wp\/v2\/comments?post=56699"}],"wp:featuredmedia":[{"embeddable":true,"href":"https:\/\/sundar.be\/fr\/wp-json\/wp\/v2\/media\/56698"}],"wp:attachment":[{"href":"https:\/\/sundar.be\/fr\/wp-json\/wp\/v2\/media?parent=56699"}],"wp:term":[{"taxonomy":"product_brand","embeddable":true,"href":"https:\/\/sundar.be\/fr\/wp-json\/wp\/v2\/product_brand?post=56699"},{"taxonomy":"product_cat","embeddable":true,"href":"https:\/\/sundar.be\/fr\/wp-json\/wp\/v2\/product_cat?post=56699"},{"taxonomy":"product_tag","embeddable":true,"href":"https:\/\/sundar.be\/fr\/wp-json\/wp\/v2\/product_tag?post=56699"}],"curies":[{"name":"wp","href":"https:\/\/api.w.org\/{rel}","templated":true}]}}