{"id":56696,"date":"2025-09-16T15:45:06","date_gmt":"2025-09-16T13:45:06","guid":{"rendered":"https:\/\/sundar.be\/product\/chi-bois-de-santal-inde-huile-essentielle-sauvage-25-ml\/"},"modified":"2025-11-13T15:19:58","modified_gmt":"2025-11-13T14:19:58","slug":"chi-bois-de-santal-inde-huile-essentielle-sauvage-25-ml","status":"publish","type":"product","link":"https:\/\/sundar.be\/fr\/produit\/chi-bois-de-santal-inde-huile-essentielle-sauvage-25-ml\/","title":{"rendered":"Chi Bois de Santal Inde Huile Essentielle (Sauvage) 2,5 ml"},"content":{"rendered":"<h2><strong>\u00c0 propos du bois de santal sauvage <\/strong><\/h2>\n<p>Le bois de santal sauvage est l\u2019une des mati\u00e8res premi\u00e8res les plus importantes pour le parfumeur : chaude, douce et bois\u00e9e. C\u2019est \u00e9galement la base des attars indiens (voir rose et motia attar). Dans l\u2019Ayurv\u00e9da, le parfum du bois de santal est associ\u00e9 \u00e0 la paix de l\u2019\u00e2me. L\u2019huile est li\u00e9e \u00e0 la stabilit\u00e9 et \u00e0 l\u2019\u00e9quilibre. Une huile fantastique qui peut cr\u00e9er une atmosph\u00e8re m\u00e9ditative. Le bois de santal est un excellent soin pour la peau et, m\u00e9lang\u00e9 \u00e0 une huile de base, il convient \u00e0 tous les types de peau. Le bois de santal est adoucissant, a un effet positif sur la circulation et agit comme hydratant.      <\/p>\n<p>La combinaison ci-dessous est d\u00e9licieuse dans un diffuseur ! Vous pouvez \u00e9galement en faire une huile pour la peau ou une huile de bain, en m\u00e9langeant 5 gouttes d\u2019huile essentielle dans 20 ml d\u2019huile v\u00e9g\u00e9tale ou d\u2019huile de bain. <\/p>\n<p>* 3 gouttes de bois de santal et 2 gouttes de patchouli<\/p>\n<p><strong>Attention : <\/strong>cette mati\u00e8re premi\u00e8re est tr\u00e8s pr\u00e9cieuse et n\u2019est donc disponible qu\u2019en petit conditionnement. Le contenu de 2,5 ml correspond \u00e0 environ 50 gouttes, selon l\u2019\u00e9paisseur de la mati\u00e8re premi\u00e8re. Tenez-en compte lors de l\u2019achat. Vous recevez un flacon de 6 ml, rempli avec 2,5 ml du produit. En raison des exigences l\u00e9gales, l\u2019emballage ne peut pas \u00eatre plus petit que 6 ml. Cela peut donner l\u2019impression que le flacon n\u2019est pas totalement rempli, mais il contient bien la quantit\u00e9 correcte : 2,5 ml.    <\/p>\n<h4><strong>Avertissement<\/strong><\/h4>\n<p>Peut provoquer une r\u00e9action allergique cutan\u00e9e. Tenir hors de port\u00e9e des enfants. En cas de contact avec la peau : laver abondamment \u00e0 l\u2019eau et au savon. En cas d\u2019irritation ou d\u2019\u00e9ruption cutan\u00e9e : consulter un m\u00e9decin.   <\/p>\n","protected":false},"excerpt":{"rendered":"<p>\u00c0 propos du bois de santal sauvage Le bois de santal sauvage est l\u2019une des mati\u00e8res premi\u00e8res les plus importantes pour le parfumeur : chaude, douce et bois\u00e9e. C\u2019est \u00e9galement la base des attars indiens (voir rose et motia attar). Dans l\u2019Ayurv\u00e9da, le parfum du bois de santal est associ\u00e9 \u00e0 la paix de l\u2019\u00e2me. [&hellip;]<\/p>\n","protected":false},"featured_media":56695,"comment_status":"open","ping_status":"closed","template":"","meta":{"_acf_changed":false},"product_brand":[],"product_cat":[6090,5678,6113,4972],"product_tag":[],"class_list":{"0":"post-56696","1":"product","2":"type-product","3":"status-publish","4":"has-post-thumbnail","6":"product_cat-chi-natural-life","7":"product_cat-huile-essentielles","8":"product_cat-huiles-essentielles-sauvages","9":"product_cat-nos-marques","11":"first","12":"instock","13":"taxable","14":"shipping-taxable","15":"product-type-simple"},"acf":[],"_links":{"self":[{"href":"https:\/\/sundar.be\/fr\/wp-json\/wp\/v2\/product\/56696","targetHints":{"allow":["GET"]}}],"collection":[{"href":"https:\/\/sundar.be\/fr\/wp-json\/wp\/v2\/product"}],"about":[{"href":"https:\/\/sundar.be\/fr\/wp-json\/wp\/v2\/types\/product"}],"replies":[{"embeddable":true,"href":"https:\/\/sundar.be\/fr\/wp-json\/wp\/v2\/comments?post=56696"}],"wp:featuredmedia":[{"embeddable":true,"href":"https:\/\/sundar.be\/fr\/wp-json\/wp\/v2\/media\/56695"}],"wp:attachment":[{"href":"https:\/\/sundar.be\/fr\/wp-json\/wp\/v2\/media?parent=56696"}],"wp:term":[{"taxonomy":"product_brand","embeddable":true,"href":"https:\/\/sundar.be\/fr\/wp-json\/wp\/v2\/product_brand?post=56696"},{"taxonomy":"product_cat","embeddable":true,"href":"https:\/\/sundar.be\/fr\/wp-json\/wp\/v2\/product_cat?post=56696"},{"taxonomy":"product_tag","embeddable":true,"href":"https:\/\/sundar.be\/fr\/wp-json\/wp\/v2\/product_tag?post=56696"}],"curies":[{"name":"wp","href":"https:\/\/api.w.org\/{rel}","templated":true}]}}