{"id":56694,"date":"2025-09-16T15:47:54","date_gmt":"2025-09-16T13:47:54","guid":{"rendered":"https:\/\/sundar.be\/product\/chi-mandarine-huile-essentielle-cultivar-10-ml\/"},"modified":"2025-11-13T15:19:07","modified_gmt":"2025-11-13T14:19:07","slug":"chi-mandarine-huile-essentielle-cultivar-10-ml","status":"publish","type":"product","link":"https:\/\/sundar.be\/fr\/produit\/chi-mandarine-huile-essentielle-cultivar-10-ml\/","title":{"rendered":"Chi Mandarine Huile Essentielle (Cultivar) 10 ml"},"content":{"rendered":"<p>La mandarine apporte un parfum frais et fruit\u00e9 dans chaque pi\u00e8ce. L\u2019odeur de la mandarine est douce et sucr\u00e9e et procure une sensation de r\u00e9confort. C\u2019est probablement la raison pour laquelle presque tous les enfants adorent l\u2019huile de mandarine. Cette huile est donc largement utilis\u00e9e par les m\u00e8res ayant une famille occup\u00e9e. La mandarine offre un moment de pause, et fait donc partie du m\u00e9lange Lavinchi Relax. Comme son parfum rend \u00e9galement joyeux, cette huile fait partie du m\u00e9lange Happiness.     <\/p>\n<p>Saviez-vous que les fleurs et les fruits poussent en m\u00eame temps ? Le mandarinier est originaire d\u2019Asie du Sud-Est et de la r\u00e9gion du Pacifique. Il d\u00e9passe rarement 4 m\u00e8tres de haut et poss\u00e8de des feuilles ovales, brillantes et vert fonc\u00e9, ainsi que de nombreuses fleurs blanches parfum\u00e9es. Le rendement en huile essentielle de mandarine est au maximum de 0,8 %. Cela signifie qu\u2019il faut environ 120 kilos d\u2019\u00e9corces pour produire 1 kilo d\u2019huile. La couleur de l\u2019huile de mandarine varie du jaune \u00e0 l\u2019orange et elle poss\u00e8de parfois une note florale.      <\/p>\n<p>Il existe deux types d\u2019huile de mandarine sur le march\u00e9, selon la maturit\u00e9 des fruits utilis\u00e9s : la mandarine \u00ab verte \u00bb, issue de fruits l\u00e9g\u00e8rement immatures, et la mandarine \u00ab rouge \u00bb, obtenue \u00e0 partir d\u2019\u00e9corces de fruits m\u00fbrs r\u00e9colt\u00e9s en janvier et f\u00e9vrier. Les deux huiles ont les m\u00eames propri\u00e9t\u00e9s, mais la diff\u00e9rence r\u00e9side surtout dans le parfum : les mandarines rouges \u00e9tant plus m\u00fbres, leur huile est l\u00e9g\u00e8rement plus douce. Cette huile de mandarine verte est plus fra\u00eeche et plus fruit\u00e9e.  <\/p>\n","protected":false},"excerpt":{"rendered":"<p>La mandarine apporte un parfum frais et fruit\u00e9 dans chaque pi\u00e8ce. L\u2019odeur de la mandarine est douce et sucr\u00e9e et procure une sensation de r\u00e9confort. C\u2019est probablement la raison pour laquelle presque tous les enfants adorent l\u2019huile de mandarine. Cette huile est donc largement utilis\u00e9e par les m\u00e8res ayant une famille occup\u00e9e. La mandarine offre [&hellip;]<\/p>\n","protected":false},"featured_media":56692,"comment_status":"open","ping_status":"closed","template":"","meta":{"_acf_changed":false},"product_brand":[],"product_cat":[6090,5678,6112,4972],"product_tag":[],"class_list":{"0":"post-56694","1":"product","2":"type-product","3":"status-publish","4":"has-post-thumbnail","6":"product_cat-chi-natural-life","7":"product_cat-huile-essentielles","8":"product_cat-huiles-essentielles-cultivees","9":"product_cat-nos-marques","11":"first","12":"instock","13":"taxable","14":"shipping-taxable","15":"product-type-simple"},"acf":[],"_links":{"self":[{"href":"https:\/\/sundar.be\/fr\/wp-json\/wp\/v2\/product\/56694","targetHints":{"allow":["GET"]}}],"collection":[{"href":"https:\/\/sundar.be\/fr\/wp-json\/wp\/v2\/product"}],"about":[{"href":"https:\/\/sundar.be\/fr\/wp-json\/wp\/v2\/types\/product"}],"replies":[{"embeddable":true,"href":"https:\/\/sundar.be\/fr\/wp-json\/wp\/v2\/comments?post=56694"}],"wp:featuredmedia":[{"embeddable":true,"href":"https:\/\/sundar.be\/fr\/wp-json\/wp\/v2\/media\/56692"}],"wp:attachment":[{"href":"https:\/\/sundar.be\/fr\/wp-json\/wp\/v2\/media?parent=56694"}],"wp:term":[{"taxonomy":"product_brand","embeddable":true,"href":"https:\/\/sundar.be\/fr\/wp-json\/wp\/v2\/product_brand?post=56694"},{"taxonomy":"product_cat","embeddable":true,"href":"https:\/\/sundar.be\/fr\/wp-json\/wp\/v2\/product_cat?post=56694"},{"taxonomy":"product_tag","embeddable":true,"href":"https:\/\/sundar.be\/fr\/wp-json\/wp\/v2\/product_tag?post=56694"}],"curies":[{"name":"wp","href":"https:\/\/api.w.org\/{rel}","templated":true}]}}