{"id":56691,"date":"2025-09-16T15:49:31","date_gmt":"2025-09-16T13:49:31","guid":{"rendered":"https:\/\/sundar.be\/product\/chi-geranium-huile-essentielle-cultivar-10-ml\/"},"modified":"2025-11-13T15:15:32","modified_gmt":"2025-11-13T14:15:32","slug":"chi-geranium-huile-essentielle-cultivar-10-ml","status":"publish","type":"product","link":"https:\/\/sundar.be\/fr\/produit\/chi-geranium-huile-essentielle-cultivar-10-ml\/","title":{"rendered":"Chi G\u00e9ranium Huile Essentielle (Cultivar) 10 ml"},"content":{"rendered":"<p>Avec plus de 200 composants naturels, l\u2019huile de g\u00e9ranium poss\u00e8de un large spectre d\u2019actions. Cela se remarque dans les soins de la peau. L\u2019huile de g\u00e9ranium convient \u00e0 tous les types de peau. Son action est nourrissante, \u00e9quilibrante et apaisante. Le g\u00e9ranium aide \u00e9galement \u00e0 l\u2019entretien des cicatrices. Il a \u00e9t\u00e9 d\u00e9montr\u00e9 que le g\u00e9ranium en huile de massage a un effet relaxant en cas de stress. Le g\u00e9ranium est g\u00e9n\u00e9ralement consid\u00e9r\u00e9 comme une huile f\u00e9minine en raison de son parfum, de son \u00e9nergie et de ses effets.      <\/p>\n<p>Saviez-vous que le g\u00e9ranium est comparable \u00e0 l\u2019huile de rose en raison de son parfum et de certains composants principaux communs ? C\u2019est pourquoi l\u2019huile de rose est malheureusement souvent falsifi\u00e9e avec l\u2019huile de g\u00e9ranium, moins co\u00fbteuse. <\/p>\n<p>Le g\u00e9ranium est largement cultiv\u00e9 et il existe d\u00e9j\u00e0 plus de 1000 hybrides et cultivars. Le g\u00e9ranium est une plante vivace dress\u00e9e, gris-vert, pouvant atteindre 1,5 m\u00e8tre de haut. Au printemps et en \u00e9t\u00e9, la plante produit des fleurs roses. Le g\u00e9ranium est une huile importante en aromath\u00e9rapie en raison de sa composition complexe. Plus de 200 composants ont \u00e9t\u00e9 identifi\u00e9s dans cette huile.    <\/p>\n<p>Saviez-vous que l\u2019huile de g\u00e9ranium est consid\u00e9r\u00e9e comme une huile florale alors qu\u2019elle est en r\u00e9alit\u00e9 fabriqu\u00e9e \u00e0 partir des feuilles ?<\/p>\n","protected":false},"excerpt":{"rendered":"<p>Avec plus de 200 composants naturels, l\u2019huile de g\u00e9ranium poss\u00e8de un large spectre d\u2019actions. Cela se remarque dans les soins de la peau. L\u2019huile de g\u00e9ranium convient \u00e0 tous les types de peau. Son action est nourrissante, \u00e9quilibrante et apaisante. Le g\u00e9ranium aide \u00e9galement \u00e0 l\u2019entretien des cicatrices. Il a \u00e9t\u00e9 d\u00e9montr\u00e9 que le g\u00e9ranium [&hellip;]<\/p>\n","protected":false},"featured_media":56689,"comment_status":"open","ping_status":"closed","template":"","meta":{"_acf_changed":false},"product_brand":[],"product_cat":[6090,5678,6112,4972],"product_tag":[],"class_list":{"0":"post-56691","1":"product","2":"type-product","3":"status-publish","4":"has-post-thumbnail","6":"product_cat-chi-natural-life","7":"product_cat-huile-essentielles","8":"product_cat-huiles-essentielles-cultivees","9":"product_cat-nos-marques","11":"first","12":"instock","13":"taxable","14":"shipping-taxable","15":"product-type-simple"},"acf":[],"_links":{"self":[{"href":"https:\/\/sundar.be\/fr\/wp-json\/wp\/v2\/product\/56691","targetHints":{"allow":["GET"]}}],"collection":[{"href":"https:\/\/sundar.be\/fr\/wp-json\/wp\/v2\/product"}],"about":[{"href":"https:\/\/sundar.be\/fr\/wp-json\/wp\/v2\/types\/product"}],"replies":[{"embeddable":true,"href":"https:\/\/sundar.be\/fr\/wp-json\/wp\/v2\/comments?post=56691"}],"wp:featuredmedia":[{"embeddable":true,"href":"https:\/\/sundar.be\/fr\/wp-json\/wp\/v2\/media\/56689"}],"wp:attachment":[{"href":"https:\/\/sundar.be\/fr\/wp-json\/wp\/v2\/media?parent=56691"}],"wp:term":[{"taxonomy":"product_brand","embeddable":true,"href":"https:\/\/sundar.be\/fr\/wp-json\/wp\/v2\/product_brand?post=56691"},{"taxonomy":"product_cat","embeddable":true,"href":"https:\/\/sundar.be\/fr\/wp-json\/wp\/v2\/product_cat?post=56691"},{"taxonomy":"product_tag","embeddable":true,"href":"https:\/\/sundar.be\/fr\/wp-json\/wp\/v2\/product_tag?post=56691"}],"curies":[{"name":"wp","href":"https:\/\/api.w.org\/{rel}","templated":true}]}}