{"id":56686,"date":"2025-09-16T15:52:49","date_gmt":"2025-09-16T13:52:49","guid":{"rendered":"https:\/\/sundar.be\/product\/chi-cedre-atlas-huile-essentielle-sauvage-10-ml\/"},"modified":"2025-11-13T15:11:02","modified_gmt":"2025-11-13T14:11:02","slug":"chi-cedre-atlas-huile-essentielle-sauvage-10-ml","status":"publish","type":"product","link":"https:\/\/sundar.be\/fr\/produit\/chi-cedre-atlas-huile-essentielle-sauvage-10-ml\/","title":{"rendered":"Chi C\u00e8dre Atlas Huile Essentielle (Sauvage) 10 ml"},"content":{"rendered":"<p>L\u2019huile de c\u00e8dre est une huile chaude et enveloppante qui aide en cas de stress et peut apporter plus d\u2019\u00e9quilibre. L\u2019huile apporte calme et s\u00e9r\u00e9nit\u00e9 et adoucit la col\u00e8re et <span data-contrast=\"none\"> <\/span><span data-contrast=\"none\">l\u2019anxi\u00e9t\u00e9.<\/span><span data-ccp-props=\"{\"> <\/span><span data-contrast=\"none\">Une huile agr\u00e9able en cas de tensions, de stress et de sensation d\u2019agitation. L\u2019huile de c\u00e8dre est purifiante pour l\u2019air et aide \u00e0 respirer plus librement.<br \/>\n<\/span><\/p>\n<p>L\u2019huile essentielle de c\u00e8dre de l\u2019Atlas a une couleur brun dor\u00e9 et est extraite du bois de c\u0153ur du Cedrus atlantica. Le c\u00e8dre doit avoir au moins 20 ans avant que l\u2019on puisse en extraire l\u2019huile. <\/p>\n<p>Il existe quatre sortes de c\u00e8dres, et il est remarquable que le c\u00e8dre de l\u2019Atlas soit d\u00e9j\u00e0 mentionn\u00e9 dans la Bible. Le c\u00e9l\u00e8bre temple de Salomon aurait \u00e9t\u00e9 construit en bois de c\u00e8dre. Les bo\u00eetes \u00e0 cigares sont encore souvent fabriqu\u00e9es en c\u00e8dre, car l\u2019huile essentielle conf\u00e8re au bois un parfum d\u00e9licieux. Dans l\u2019industrie du parfum, l\u2019huile de c\u00e8dre est beaucoup utilis\u00e9e dans les parfums masculins.    <\/p>\n","protected":false},"excerpt":{"rendered":"<p>L\u2019huile de c\u00e8dre est une huile chaude et enveloppante qui aide en cas de stress et peut apporter plus d\u2019\u00e9quilibre. L\u2019huile apporte calme et s\u00e9r\u00e9nit\u00e9 et adoucit la col\u00e8re et l\u2019anxi\u00e9t\u00e9. Une huile agr\u00e9able en cas de tensions, de stress et de sensation d\u2019agitation. L\u2019huile de c\u00e8dre est purifiante pour l\u2019air et aide \u00e0 respirer [&hellip;]<\/p>\n","protected":false},"featured_media":56684,"comment_status":"open","ping_status":"closed","template":"","meta":{"_acf_changed":false},"product_brand":[],"product_cat":[6090,5678,6113,4972],"product_tag":[],"class_list":{"0":"post-56686","1":"product","2":"type-product","3":"status-publish","4":"has-post-thumbnail","6":"product_cat-chi-natural-life","7":"product_cat-huile-essentielles","8":"product_cat-huiles-essentielles-sauvages","9":"product_cat-nos-marques","11":"first","12":"instock","13":"taxable","14":"shipping-taxable","15":"product-type-simple"},"acf":[],"_links":{"self":[{"href":"https:\/\/sundar.be\/fr\/wp-json\/wp\/v2\/product\/56686","targetHints":{"allow":["GET"]}}],"collection":[{"href":"https:\/\/sundar.be\/fr\/wp-json\/wp\/v2\/product"}],"about":[{"href":"https:\/\/sundar.be\/fr\/wp-json\/wp\/v2\/types\/product"}],"replies":[{"embeddable":true,"href":"https:\/\/sundar.be\/fr\/wp-json\/wp\/v2\/comments?post=56686"}],"wp:featuredmedia":[{"embeddable":true,"href":"https:\/\/sundar.be\/fr\/wp-json\/wp\/v2\/media\/56684"}],"wp:attachment":[{"href":"https:\/\/sundar.be\/fr\/wp-json\/wp\/v2\/media?parent=56686"}],"wp:term":[{"taxonomy":"product_brand","embeddable":true,"href":"https:\/\/sundar.be\/fr\/wp-json\/wp\/v2\/product_brand?post=56686"},{"taxonomy":"product_cat","embeddable":true,"href":"https:\/\/sundar.be\/fr\/wp-json\/wp\/v2\/product_cat?post=56686"},{"taxonomy":"product_tag","embeddable":true,"href":"https:\/\/sundar.be\/fr\/wp-json\/wp\/v2\/product_tag?post=56686"}],"curies":[{"name":"wp","href":"https:\/\/api.w.org\/{rel}","templated":true}]}}