{"id":56683,"date":"2025-09-16T15:54:44","date_gmt":"2025-09-16T13:54:44","guid":{"rendered":"https:\/\/sundar.be\/product\/chi-ylang-ylang-huile-essentielle-cultivar-10-ml\/"},"modified":"2025-11-13T15:08:22","modified_gmt":"2025-11-13T14:08:22","slug":"chi-ylang-ylang-huile-essentielle-cultivar-10-ml","status":"publish","type":"product","link":"https:\/\/sundar.be\/fr\/produit\/chi-ylang-ylang-huile-essentielle-cultivar-10-ml\/","title":{"rendered":"Chi Ylang-Ylang Huile Essentielle (Cultivar) 10 ml"},"content":{"rendered":"<h2>Qu\u2019est-ce que l\u2019ylang-ylang ?<\/h2>\n<p>\u00c0 Madagascar pousse un arbre aux fleurs jaune-vert qui d\u00e9gagent un parfum fascinant et enivrant. Ces fleurs produisent l\u2019une des huiles essentielles les plus sucr\u00e9es : l\u2019ylang-ylang. <\/p>\n<p>L\u2019huile essentielle d\u2019ylang-ylang est d\u00e9licieuse comme composant d\u2019un parfum (pour la peau). En aromath\u00e9rapie, l\u2019ylang-ylang est connu pour ses propri\u00e9t\u00e9s apaisantes et b\u00e9n\u00e9fiques pour la peau. L\u2019ylang-ylang exerce sa plus grande influence sur le psychisme : il d\u00e9tend et calme. Dans les soins de la peau, l\u2019huile essentielle d\u2019ylang-ylang est particuli\u00e8rement adapt\u00e9e aux peaux irrit\u00e9es ou grasses.   <\/p>\n<p>Il existe au moins quatre fractions collect\u00e9es au cours de la distillation : la premi\u00e8re, la plus l\u00e9g\u00e8re et la plus volatile (qualit\u00e9 \u00ab extra \u00bb), et les ylang-ylangs collect\u00e9s plus tard dans la distillation (qualit\u00e9s \u00ab 1 \u00bb, \u00ab 2 \u00bb et \u00ab 3 \u00bb). Ces derni\u00e8res sont plus \u00e9paisses et plus fum\u00e9es. L\u2019ylang-ylang de Chi est \u00e9videmment de la meilleure qualit\u00e9 \u00ab extra \u00bb, qui offre une profondeur et une finesse suppl\u00e9mentaires.  <\/p>\n<p>Le rendement en huile essentielle est de 1,5 \u00e0 2 %. Cela signifie qu\u2019il faut entre 50 et 75 kilos de fleurs fra\u00eeches pour obtenir 1 kilo d\u2019huile. <\/p>\n","protected":false},"excerpt":{"rendered":"<p>Qu\u2019est-ce que l\u2019ylang-ylang ? \u00c0 Madagascar pousse un arbre aux fleurs jaune-vert qui d\u00e9gagent un parfum fascinant et enivrant. Ces fleurs produisent l\u2019une des huiles essentielles les plus sucr\u00e9es : l\u2019ylang-ylang. L\u2019huile essentielle d\u2019ylang-ylang est d\u00e9licieuse comme composant d\u2019un parfum (pour la peau). En aromath\u00e9rapie, l\u2019ylang-ylang est connu pour ses propri\u00e9t\u00e9s apaisantes et b\u00e9n\u00e9fiques pour [&hellip;]<\/p>\n","protected":false},"featured_media":56682,"comment_status":"open","ping_status":"closed","template":"","meta":{"_acf_changed":false},"product_brand":[],"product_cat":[6090,5678,6112,4972],"product_tag":[],"class_list":{"0":"post-56683","1":"product","2":"type-product","3":"status-publish","4":"has-post-thumbnail","6":"product_cat-chi-natural-life","7":"product_cat-huile-essentielles","8":"product_cat-huiles-essentielles-cultivees","9":"product_cat-nos-marques","11":"first","12":"instock","13":"taxable","14":"shipping-taxable","15":"product-type-simple"},"acf":[],"_links":{"self":[{"href":"https:\/\/sundar.be\/fr\/wp-json\/wp\/v2\/product\/56683","targetHints":{"allow":["GET"]}}],"collection":[{"href":"https:\/\/sundar.be\/fr\/wp-json\/wp\/v2\/product"}],"about":[{"href":"https:\/\/sundar.be\/fr\/wp-json\/wp\/v2\/types\/product"}],"replies":[{"embeddable":true,"href":"https:\/\/sundar.be\/fr\/wp-json\/wp\/v2\/comments?post=56683"}],"wp:featuredmedia":[{"embeddable":true,"href":"https:\/\/sundar.be\/fr\/wp-json\/wp\/v2\/media\/56682"}],"wp:attachment":[{"href":"https:\/\/sundar.be\/fr\/wp-json\/wp\/v2\/media?parent=56683"}],"wp:term":[{"taxonomy":"product_brand","embeddable":true,"href":"https:\/\/sundar.be\/fr\/wp-json\/wp\/v2\/product_brand?post=56683"},{"taxonomy":"product_cat","embeddable":true,"href":"https:\/\/sundar.be\/fr\/wp-json\/wp\/v2\/product_cat?post=56683"},{"taxonomy":"product_tag","embeddable":true,"href":"https:\/\/sundar.be\/fr\/wp-json\/wp\/v2\/product_tag?post=56683"}],"curies":[{"name":"wp","href":"https:\/\/api.w.org\/{rel}","templated":true}]}}