{"id":56679,"date":"2025-09-16T16:13:19","date_gmt":"2025-09-16T14:13:19","guid":{"rendered":"https:\/\/sundar.be\/product\/chi-citron-huile-essentielle-cultivar\/"},"modified":"2025-11-13T15:05:59","modified_gmt":"2025-11-13T14:05:59","slug":"chi-citron-huile-essentielle-cultivar","status":"publish","type":"product","link":"https:\/\/sundar.be\/fr\/produit\/chi-citron-huile-essentielle-cultivar\/","title":{"rendered":"Chi Citron Huile Essentielle (Cultivar)"},"content":{"rendered":"<p>Le citron est un classique de l\u2019aromath\u00e9rapie. L\u2019une des huiles les plus fra\u00eeches et fruit\u00e9es. L\u2019huile de citron apporte l\u00e9g\u00e8ret\u00e9 et soleil dans une pi\u00e8ce, ce qui met tout le monde de bonne humeur. De plus, l\u2019huile de citron agit g\u00e9n\u00e9ralement comme purificateur de l\u2019air.<br \/>\nL\u2019huile de citron est bonne pour la concentration et aide \u00e0 rester frais et alerte en cas de fatigue.<br \/>\nLe citron est largement utilis\u00e9 dans les parfums en raison de son ar\u00f4me et de sa fra\u00eecheur.   <\/p>\n<p>Saviez-vous que l\u2019huile de citron ne contient pas de vitamine C ? Les gens confondent souvent les propri\u00e9t\u00e9s du jus de citron avec celles de l\u2019huile. Ce n\u2019est pas correct : le jus de citron contient des compos\u00e9s hydrosolubles, tandis que l\u2019huile de citron contient des compos\u00e9s liposolubles. L\u2019huile ne contient donc absolument pas de vitamine C et n\u2019est pas acide, mais plut\u00f4t douce. L\u2019huile de citron est en effet press\u00e9e \u00e0 partir du zeste du fruit.    <\/p>\n<p>Le citron est un petit arbre \u00e0 feuilles persistantes qui peut atteindre environ 6 m\u00e8tres de haut. Les citronniers fleurissent pratiquement toute l\u2019ann\u00e9e, ce qui permet de trouver continuellement des fruits \u00e0 diff\u00e9rents stades de croissance. L\u2019huile est de couleur jaune clair, mais peut foncer en vieillissant. Environ 100 kg de zeste de citron frais sont n\u00e9cessaires pour produire 1 litre d\u2019huile.   <\/p>\n","protected":false},"excerpt":{"rendered":"<p>Le citron est un classique de l\u2019aromath\u00e9rapie. L\u2019une des huiles les plus fra\u00eeches et fruit\u00e9es. L\u2019huile de citron apporte l\u00e9g\u00e8ret\u00e9 et soleil dans une pi\u00e8ce, ce qui met tout le monde de bonne humeur. De plus, l\u2019huile de citron agit g\u00e9n\u00e9ralement comme purificateur de l\u2019air. L\u2019huile de citron est bonne pour la concentration et aide [&hellip;]<\/p>\n","protected":false},"featured_media":56677,"comment_status":"open","ping_status":"closed","template":"","meta":{"_acf_changed":false},"product_brand":[],"product_cat":[6090,5678,6112,4972],"product_tag":[],"class_list":{"0":"post-56679","1":"product","2":"type-product","3":"status-publish","4":"has-post-thumbnail","6":"product_cat-chi-natural-life","7":"product_cat-huile-essentielles","8":"product_cat-huiles-essentielles-cultivees","9":"product_cat-nos-marques","10":"pa_inhoud-10-ml-fr","11":"pa_inhoud-50-ml-fr","13":"first","14":"instock","15":"taxable","16":"shipping-taxable","17":"product-type-variable"},"acf":[],"_links":{"self":[{"href":"https:\/\/sundar.be\/fr\/wp-json\/wp\/v2\/product\/56679","targetHints":{"allow":["GET"]}}],"collection":[{"href":"https:\/\/sundar.be\/fr\/wp-json\/wp\/v2\/product"}],"about":[{"href":"https:\/\/sundar.be\/fr\/wp-json\/wp\/v2\/types\/product"}],"replies":[{"embeddable":true,"href":"https:\/\/sundar.be\/fr\/wp-json\/wp\/v2\/comments?post=56679"}],"wp:featuredmedia":[{"embeddable":true,"href":"https:\/\/sundar.be\/fr\/wp-json\/wp\/v2\/media\/56677"}],"wp:attachment":[{"href":"https:\/\/sundar.be\/fr\/wp-json\/wp\/v2\/media?parent=56679"}],"wp:term":[{"taxonomy":"product_brand","embeddable":true,"href":"https:\/\/sundar.be\/fr\/wp-json\/wp\/v2\/product_brand?post=56679"},{"taxonomy":"product_cat","embeddable":true,"href":"https:\/\/sundar.be\/fr\/wp-json\/wp\/v2\/product_cat?post=56679"},{"taxonomy":"product_tag","embeddable":true,"href":"https:\/\/sundar.be\/fr\/wp-json\/wp\/v2\/product_tag?post=56679"}],"curies":[{"name":"wp","href":"https:\/\/api.w.org\/{rel}","templated":true}]}}