{"id":56676,"date":"2025-09-17T07:35:46","date_gmt":"2025-09-17T05:35:46","guid":{"rendered":"https:\/\/sundar.be\/product\/chi-cypres-huile-essentielle-sauvage-10-ml\/"},"modified":"2025-11-13T15:02:20","modified_gmt":"2025-11-13T14:02:20","slug":"chi-cypres-huile-essentielle-sauvage-10-ml","status":"publish","type":"product","link":"https:\/\/sundar.be\/fr\/produit\/chi-cypres-huile-essentielle-sauvage-10-ml\/","title":{"rendered":"Chi Cypr\u00e8s Huile Essentielle (Sauvage) 10 ml"},"content":{"rendered":"<p>Le cypr\u00e8s est une huile rafra\u00eechissante et \u00e9pic\u00e9e avec un parfum rappelant les aiguilles de pin. L\u2019huile de cypr\u00e8s repr\u00e9sente le calme, la concentration et le focus. <\/p>\n<p>La composition chimique du cypr\u00e8s est particuli\u00e8re en raison de la pr\u00e9sence de diterp\u00e8nes. L\u2019huile est incolore \u00e0 jaune clair avec un rendement de 1,3 %. Cela signifie qu\u2019il faut environ 75 kg d\u2019aiguilles pour obtenir 1 litre d\u2019huile. Parmi toutes les conif\u00e8res, le cypr\u00e8s est celui qui rassemble le plus d\u2019huile essentielle et le moins de substances r\u00e9sineuses.   <\/p>\n","protected":false},"excerpt":{"rendered":"<p>Le cypr\u00e8s est une huile rafra\u00eechissante et \u00e9pic\u00e9e avec un parfum rappelant les aiguilles de pin. L\u2019huile de cypr\u00e8s repr\u00e9sente le calme, la concentration et le focus. La composition chimique du cypr\u00e8s est particuli\u00e8re en raison de la pr\u00e9sence de diterp\u00e8nes. L\u2019huile est incolore \u00e0 jaune clair avec un rendement de 1,3 %. Cela signifie [&hellip;]<\/p>\n","protected":false},"featured_media":56675,"comment_status":"open","ping_status":"closed","template":"","meta":{"_acf_changed":false},"product_brand":[],"product_cat":[6090,5678,6113,4972],"product_tag":[],"class_list":{"0":"post-56676","1":"product","2":"type-product","3":"status-publish","4":"has-post-thumbnail","6":"product_cat-chi-natural-life","7":"product_cat-huile-essentielles","8":"product_cat-huiles-essentielles-sauvages","9":"product_cat-nos-marques","11":"first","12":"instock","13":"taxable","14":"shipping-taxable","15":"product-type-simple"},"acf":[],"_links":{"self":[{"href":"https:\/\/sundar.be\/fr\/wp-json\/wp\/v2\/product\/56676","targetHints":{"allow":["GET"]}}],"collection":[{"href":"https:\/\/sundar.be\/fr\/wp-json\/wp\/v2\/product"}],"about":[{"href":"https:\/\/sundar.be\/fr\/wp-json\/wp\/v2\/types\/product"}],"replies":[{"embeddable":true,"href":"https:\/\/sundar.be\/fr\/wp-json\/wp\/v2\/comments?post=56676"}],"wp:featuredmedia":[{"embeddable":true,"href":"https:\/\/sundar.be\/fr\/wp-json\/wp\/v2\/media\/56675"}],"wp:attachment":[{"href":"https:\/\/sundar.be\/fr\/wp-json\/wp\/v2\/media?parent=56676"}],"wp:term":[{"taxonomy":"product_brand","embeddable":true,"href":"https:\/\/sundar.be\/fr\/wp-json\/wp\/v2\/product_brand?post=56676"},{"taxonomy":"product_cat","embeddable":true,"href":"https:\/\/sundar.be\/fr\/wp-json\/wp\/v2\/product_cat?post=56676"},{"taxonomy":"product_tag","embeddable":true,"href":"https:\/\/sundar.be\/fr\/wp-json\/wp\/v2\/product_tag?post=56676"}],"curies":[{"name":"wp","href":"https:\/\/api.w.org\/{rel}","templated":true}]}}