{"id":56674,"date":"2025-09-17T07:38:21","date_gmt":"2025-09-17T05:38:21","guid":{"rendered":"https:\/\/sundar.be\/product\/chi-jasmin-absolue-huile-essentielle-cultivar-25-ml\/"},"modified":"2025-11-13T14:58:12","modified_gmt":"2025-11-13T13:58:12","slug":"chi-jasmin-absolue-huile-essentielle-cultivar-25-ml","status":"publish","type":"product","link":"https:\/\/sundar.be\/fr\/produit\/chi-jasmin-absolue-huile-essentielle-cultivar-25-ml\/","title":{"rendered":"Chi Jasmin Absolue Huile Essentielle (Cultivar) 2,5 ml"},"content":{"rendered":"<p>\u00c0 partir des fleurs blanches et sucr\u00e9es, on extrait une absolue d\u2019une couleur allant du rouge profond au brun. Le parfum de cette huile est sucr\u00e9, fleuri avec une l\u00e9g\u00e8re note \u00e9pic\u00e9e. Avec l\u2019huile de rose, c\u2019est l\u2019odeur florale la plus recherch\u00e9e au monde. La meilleure qualit\u00e9 du jasmin est son effet positif sur l\u2019esprit.   <\/p>\n<p>Les absolues sont des extractions de fleurs. Un solvant lib\u00e8re l\u2019huile essentielle des fleurs, mais entra\u00eene \u00e9galement les colorants et les cires de la fleur. Le solvant est ensuite \u00e9limin\u00e9 et il reste une masse \u00e9paisse, cireuse et douce : le concr\u00e8te. Les cires sont retir\u00e9es \u00e0 l\u2019aide d\u2019alcool et il reste une absolue.   <\/p>\n<p><strong>Attention : <\/strong>cette mati\u00e8re premi\u00e8re est tr\u00e8s pr\u00e9cieuse et n\u2019est donc disponible qu\u2019en petit conditionnement. Le contenu de 2,5 ml correspond \u00e0 environ 50 gouttes, selon l\u2019\u00e9paisseur de la mati\u00e8re premi\u00e8re. Tenez-en compte lors de l\u2019achat. Vous recevez un flacon de 6 ml, rempli avec 2,5 ml du produit. En raison des exigences l\u00e9gales, l\u2019emballage ne peut pas \u00eatre plus petit que 6 ml. Cela peut donner l\u2019impression que le flacon n\u2019est pas totalement rempli, mais il contient bien la quantit\u00e9 correcte : 2,5 ml.    <\/p>\n","protected":false},"excerpt":{"rendered":"<p>\u00c0 partir des fleurs blanches et sucr\u00e9es, on extrait une absolue d\u2019une couleur allant du rouge profond au brun. Le parfum de cette huile est sucr\u00e9, fleuri avec une l\u00e9g\u00e8re note \u00e9pic\u00e9e. Avec l\u2019huile de rose, c\u2019est l\u2019odeur florale la plus recherch\u00e9e au monde. La meilleure qualit\u00e9 du jasmin est son effet positif sur l\u2019esprit. [&hellip;]<\/p>\n","protected":false},"featured_media":56672,"comment_status":"open","ping_status":"closed","template":"","meta":{"_acf_changed":false},"product_brand":[],"product_cat":[6090,5678,6112,4972],"product_tag":[],"class_list":{"0":"post-56674","1":"product","2":"type-product","3":"status-publish","4":"has-post-thumbnail","6":"product_cat-chi-natural-life","7":"product_cat-huile-essentielles","8":"product_cat-huiles-essentielles-cultivees","9":"product_cat-nos-marques","11":"first","12":"instock","13":"taxable","14":"shipping-taxable","15":"product-type-simple"},"acf":[],"_links":{"self":[{"href":"https:\/\/sundar.be\/fr\/wp-json\/wp\/v2\/product\/56674","targetHints":{"allow":["GET"]}}],"collection":[{"href":"https:\/\/sundar.be\/fr\/wp-json\/wp\/v2\/product"}],"about":[{"href":"https:\/\/sundar.be\/fr\/wp-json\/wp\/v2\/types\/product"}],"replies":[{"embeddable":true,"href":"https:\/\/sundar.be\/fr\/wp-json\/wp\/v2\/comments?post=56674"}],"wp:featuredmedia":[{"embeddable":true,"href":"https:\/\/sundar.be\/fr\/wp-json\/wp\/v2\/media\/56672"}],"wp:attachment":[{"href":"https:\/\/sundar.be\/fr\/wp-json\/wp\/v2\/media?parent=56674"}],"wp:term":[{"taxonomy":"product_brand","embeddable":true,"href":"https:\/\/sundar.be\/fr\/wp-json\/wp\/v2\/product_brand?post=56674"},{"taxonomy":"product_cat","embeddable":true,"href":"https:\/\/sundar.be\/fr\/wp-json\/wp\/v2\/product_cat?post=56674"},{"taxonomy":"product_tag","embeddable":true,"href":"https:\/\/sundar.be\/fr\/wp-json\/wp\/v2\/product_tag?post=56674"}],"curies":[{"name":"wp","href":"https:\/\/api.w.org\/{rel}","templated":true}]}}