{"id":56671,"date":"2025-09-17T07:40:50","date_gmt":"2025-09-17T05:40:50","guid":{"rendered":"https:\/\/sundar.be\/product\/chi-genevrier-huile-essentielle-sauvage-10-ml\/"},"modified":"2025-11-13T14:53:01","modified_gmt":"2025-11-13T13:53:01","slug":"chi-genevrier-huile-essentielle-sauvage-10-ml","status":"publish","type":"product","link":"https:\/\/sundar.be\/fr\/produit\/chi-genevrier-huile-essentielle-sauvage-10-ml\/","title":{"rendered":"Chi Gen\u00e9vrier Huile Essentielle (Sauvage) 10 ml"},"content":{"rendered":"<p>Une huile puissante obtenue \u00e0 partir des baies de gen\u00e9vrier. Son parfum est vert, \u00e9pic\u00e9 avec une note de fond rappelant les aiguilles de pin. Les propri\u00e9t\u00e9s principales de l\u2019huile de gen\u00e9vrier sont stimulantes et drainantes. C\u2019est pourquoi l\u2019huile constitue un bon soutien pour purifier le corps.   <\/p>\n<p>Le gen\u00e9vrier est une huile importante dans la purification de l\u2019air. Le parfum frais et \u00e9pic\u00e9 du gen\u00e9vrier est souvent utilis\u00e9 pour bien dormir pendant les p\u00e9riodes charg\u00e9es. L\u2019huile est une aide pr\u00e9cieuse en cas de fatigue, car le gen\u00e9vrier aide \u00e0 rester frais et alerte.  <\/p>\n<p>Le rendement en huile essentielle pour le gen\u00e9vrier est de 0,2 \u00e0 1 %, selon la r\u00e9colte et l\u2019origine. Cela signifie qu\u2019il faut entre 100 et 500 kilos de baies pour obtenir 1 kilo d\u2019huile. L\u2019huile de gen\u00e9vrier est une huile incolore \u00e0 jaune clair. L\u2019industrie utilise l\u2019huile de gen\u00e9vrier comme composant olfactif dans les parfums pour hommes et les aftershaves. Dans des boissons comme le gin et le geni\u00e8vre, les baies de gen\u00e9vrier donnent leur go\u00fbt caract\u00e9ristique.    <\/p>\n<p>L\u2019huile essentielle de gen\u00e9vrier fait \u00e9galement partie du m\u00e9lange<a href=\"https:\/\/sundar.be\/produit\/chi-forest-walk-mix-olie-10ml\/\"> Forest Walk<\/a>.<\/p>\n","protected":false},"excerpt":{"rendered":"<p>Une huile puissante obtenue \u00e0 partir des baies de gen\u00e9vrier. Son parfum est vert, \u00e9pic\u00e9 avec une note de fond rappelant les aiguilles de pin. Les propri\u00e9t\u00e9s principales de l\u2019huile de gen\u00e9vrier sont stimulantes et drainantes. C\u2019est pourquoi l\u2019huile constitue un bon soutien pour purifier le corps. Le gen\u00e9vrier est une huile importante dans la [&hellip;]<\/p>\n","protected":false},"featured_media":56669,"comment_status":"open","ping_status":"closed","template":"","meta":{"_acf_changed":false},"product_brand":[],"product_cat":[6090,5678,6113,4972],"product_tag":[],"class_list":{"0":"post-56671","1":"product","2":"type-product","3":"status-publish","4":"has-post-thumbnail","6":"product_cat-chi-natural-life","7":"product_cat-huile-essentielles","8":"product_cat-huiles-essentielles-sauvages","9":"product_cat-nos-marques","11":"first","12":"instock","13":"taxable","14":"shipping-taxable","15":"product-type-simple"},"acf":[],"_links":{"self":[{"href":"https:\/\/sundar.be\/fr\/wp-json\/wp\/v2\/product\/56671","targetHints":{"allow":["GET"]}}],"collection":[{"href":"https:\/\/sundar.be\/fr\/wp-json\/wp\/v2\/product"}],"about":[{"href":"https:\/\/sundar.be\/fr\/wp-json\/wp\/v2\/types\/product"}],"replies":[{"embeddable":true,"href":"https:\/\/sundar.be\/fr\/wp-json\/wp\/v2\/comments?post=56671"}],"wp:featuredmedia":[{"embeddable":true,"href":"https:\/\/sundar.be\/fr\/wp-json\/wp\/v2\/media\/56669"}],"wp:attachment":[{"href":"https:\/\/sundar.be\/fr\/wp-json\/wp\/v2\/media?parent=56671"}],"wp:term":[{"taxonomy":"product_brand","embeddable":true,"href":"https:\/\/sundar.be\/fr\/wp-json\/wp\/v2\/product_brand?post=56671"},{"taxonomy":"product_cat","embeddable":true,"href":"https:\/\/sundar.be\/fr\/wp-json\/wp\/v2\/product_cat?post=56671"},{"taxonomy":"product_tag","embeddable":true,"href":"https:\/\/sundar.be\/fr\/wp-json\/wp\/v2\/product_tag?post=56671"}],"curies":[{"name":"wp","href":"https:\/\/api.w.org\/{rel}","templated":true}]}}