{"id":56668,"date":"2025-09-17T07:42:16","date_gmt":"2025-09-17T05:42:16","guid":{"rendered":"https:\/\/sundar.be\/?post_type=product&#038;p=56668"},"modified":"2025-11-13T14:46:36","modified_gmt":"2025-11-13T13:46:36","slug":"chi-camomille-maroc-huile-essentielle-sauvage-25-ml","status":"publish","type":"product","link":"https:\/\/sundar.be\/fr\/produit\/chi-camomille-maroc-huile-essentielle-sauvage-25-ml\/","title":{"rendered":"Chi Camomille Maroc Huile Essentielle (Sauvage) 2,5 ml"},"content":{"rendered":"<p data-start=\"56\" data-end=\"446\">Cette camomille du Maroc est un membre de la famille de la camomille romaine et de la camomille bleue. Son parfum poss\u00e8de la note typique de toutes les camomilles : fleuri, sucr\u00e9, frais et \u00e9pic\u00e9. C\u2019est toutefois la variante la moins sucr\u00e9e de toutes les huiles de camomille. En diffusion, la camomille est une huile qui cr\u00e9e une atmosph\u00e8re apaisante, ce qui la rend tr\u00e8s utilis\u00e9e en soir\u00e9e.<\/p>\n<p data-start=\"448\" data-end=\"728\">Sur la peau, m\u00e9lang\u00e9e \u00e0 une huile de massage ou une huile v\u00e9g\u00e9tale, cette vari\u00e9t\u00e9 de camomille convient \u00e0 une peau sensible et s\u00e8che et est utilis\u00e9e pour une peau rouge et sensible. L\u2019huile aide une peau rugueuse et rouge \u00e0 redevenir douce. Une vraie repr\u00e9sentante des camomilles.<\/p>\n<p data-start=\"730\" data-end=\"1002\"><strong>Attention : il s\u2019agit d\u2019une mati\u00e8re premi\u00e8re pr\u00e9cieuse et elle n\u2019est donc disponible qu\u2019en tr\u00e8s petit conditionnement. 2,5 ml \u00e9quivalent \u00e0 environ 50 gouttes (cela peut varier en fonction de la viscosit\u00e9 de la mati\u00e8re premi\u00e8re). Tenez-en compte lors de l\u2019achat du produit.<\/strong><\/p>\n","protected":false},"excerpt":{"rendered":"<article class=\"text-token-text-primary w-full focus:outline-none [--shadow-height:45px] has-data-writing-block:pointer-events-none has-data-writing-block:-mt-(--shadow-height) has-data-writing-block:pt-(--shadow-height) [&amp;:has([data-writing-block])&gt;*]:pointer-events-auto [content-visibility:auto] supports-[content-visibility:auto]:[contain-intrinsic-size:auto_100lvh] scroll-mt-[calc(var(--header-height)+min(200px,max(70px,20svh)))]\" dir=\"auto\" tabindex=\"-1\" data-turn-id=\"request-WEB:d7b3477a-793b-433c-a471-108e12988634-129\" data-testid=\"conversation-turn-44\" data-scroll-anchor=\"true\" data-turn=\"assistant\">\n<div class=\"text-base my-auto mx-auto pb-10 [--thread-content-margin:--spacing(4)] thread-sm:[--thread-content-margin:--spacing(6)] thread-lg:[--thread-content-margin:--spacing(16)] px-(--thread-content-margin)\">\n<div class=\"[--thread-content-max-width:40rem] thread-lg:[--thread-content-max-width:48rem] mx-auto max-w-(--thread-content-max-width) flex-1 group\/turn-messages focus-visible:outline-hidden relative flex w-full min-w-0 flex-col agent-turn\" tabindex=\"-1\">\n<div class=\"flex max-w-full flex-col grow\">\n<div class=\"min-h-8 text-message relative flex w-full flex-col items-end gap-2 text-start break-words whitespace-normal [.text-message+&amp;]:mt-1\" dir=\"auto\" data-message-author-role=\"assistant\" data-message-id=\"9a9f34c6-860b-4b5c-8bae-faf8af250093\" data-message-model-slug=\"gpt-5-1\">\n<div class=\"flex w-full flex-col gap-1 empty:hidden first:pt-[1px]\">\n<div class=\"markdown prose dark:prose-invert w-full break-words light markdown-new-styling\">\n<p data-start=\"1452\" data-end=\"1618\" data-is-last-node=\"\" data-is-only-node=\"\">La variante la moins sucr\u00e9e de toutes les camomilles, qui en diffusion cr\u00e9e une atmosph\u00e8re apaisante et sur la peau aide une peau rugueuse et rouge \u00e0 redevenir douce.<\/p>\n<\/div>\n<\/div>\n<\/div>\n<\/div>\n<div class=\"z-0 flex min-h-[46px] justify-start\"><\/div>\n<div class=\"mt-3 w-full empty:hidden\">\n<div class=\"text-center\"><\/div>\n<\/div>\n<\/div>\n<\/div>\n<\/article>\n<div class=\"pointer-events-none h-px w-px\" aria-hidden=\"true\" data-edge=\"true\"><\/div>\n","protected":false},"featured_media":56666,"comment_status":"open","ping_status":"closed","template":"","meta":{"_acf_changed":false},"product_brand":[],"product_cat":[6090,5678,6113,4972],"product_tag":[],"class_list":{"0":"post-56668","1":"product","2":"type-product","3":"status-publish","4":"has-post-thumbnail","6":"product_cat-chi-natural-life","7":"product_cat-huile-essentielles","8":"product_cat-huiles-essentielles-sauvages","9":"product_cat-nos-marques","11":"first","12":"instock","13":"taxable","14":"shipping-taxable","15":"product-type-simple"},"acf":[],"_links":{"self":[{"href":"https:\/\/sundar.be\/fr\/wp-json\/wp\/v2\/product\/56668","targetHints":{"allow":["GET"]}}],"collection":[{"href":"https:\/\/sundar.be\/fr\/wp-json\/wp\/v2\/product"}],"about":[{"href":"https:\/\/sundar.be\/fr\/wp-json\/wp\/v2\/types\/product"}],"replies":[{"embeddable":true,"href":"https:\/\/sundar.be\/fr\/wp-json\/wp\/v2\/comments?post=56668"}],"wp:featuredmedia":[{"embeddable":true,"href":"https:\/\/sundar.be\/fr\/wp-json\/wp\/v2\/media\/56666"}],"wp:attachment":[{"href":"https:\/\/sundar.be\/fr\/wp-json\/wp\/v2\/media?parent=56668"}],"wp:term":[{"taxonomy":"product_brand","embeddable":true,"href":"https:\/\/sundar.be\/fr\/wp-json\/wp\/v2\/product_brand?post=56668"},{"taxonomy":"product_cat","embeddable":true,"href":"https:\/\/sundar.be\/fr\/wp-json\/wp\/v2\/product_cat?post=56668"},{"taxonomy":"product_tag","embeddable":true,"href":"https:\/\/sundar.be\/fr\/wp-json\/wp\/v2\/product_tag?post=56668"}],"curies":[{"name":"wp","href":"https:\/\/api.w.org\/{rel}","templated":true}]}}