{"id":56665,"date":"2025-09-17T07:44:19","date_gmt":"2025-09-17T05:44:19","guid":{"rendered":"https:\/\/sundar.be\/product\/chi-manuka-huile-essentielle-sauvage-10-ml\/"},"modified":"2025-11-13T14:42:26","modified_gmt":"2025-11-13T13:42:26","slug":"chi-manuka-huile-essentielle-sauvage-10-ml","status":"publish","type":"product","link":"https:\/\/sundar.be\/fr\/produit\/chi-manuka-huile-essentielle-sauvage-10-ml\/","title":{"rendered":"Chi Manuka Huile Essentielle (Sauvage) 10 ml"},"content":{"rendered":"<p>Les arbres de manuka poussent sur l\u2019\u00eele du Nord en Nouvelle-Z\u00e9lande et appartiennent \u00e0 la grande famille du tea tree. L\u2019odeur de l\u2019huile de manuka est particuli\u00e8re et reconnaissable entre toutes : \u00e9pic\u00e9e, terreuse et l\u00e9g\u00e8rement animale. L\u2019huile n\u2019est pas tr\u00e8s adapt\u00e9e \u00e0 la diffusion en raison de son parfum prononc\u00e9, mais elle est en revanche une tr\u00e8s bonne huile pour la peau. Elle est utile en cas de peau rouge et sensible. Dans un shampooing, le manuka est utilis\u00e9 comme aide en cas de poux de t\u00eate.    <\/p>\n","protected":false},"excerpt":{"rendered":"<p>Les arbres de manuka poussent sur l\u2019\u00eele du Nord en Nouvelle-Z\u00e9lande et appartiennent \u00e0 la grande famille du tea tree. L\u2019odeur de l\u2019huile de manuka est particuli\u00e8re et reconnaissable entre toutes : \u00e9pic\u00e9e, terreuse et l\u00e9g\u00e8rement animale. L\u2019huile n\u2019est pas tr\u00e8s adapt\u00e9e \u00e0 la diffusion en raison de son parfum prononc\u00e9, mais elle est en [&hellip;]<\/p>\n","protected":false},"featured_media":56664,"comment_status":"open","ping_status":"closed","template":"","meta":{"_acf_changed":false},"product_brand":[],"product_cat":[6090,5678,6113,4972],"product_tag":[],"class_list":{"0":"post-56665","1":"product","2":"type-product","3":"status-publish","4":"has-post-thumbnail","6":"product_cat-chi-natural-life","7":"product_cat-huile-essentielles","8":"product_cat-huiles-essentielles-sauvages","9":"product_cat-nos-marques","11":"first","12":"instock","13":"taxable","14":"shipping-taxable","15":"product-type-simple"},"acf":[],"_links":{"self":[{"href":"https:\/\/sundar.be\/fr\/wp-json\/wp\/v2\/product\/56665","targetHints":{"allow":["GET"]}}],"collection":[{"href":"https:\/\/sundar.be\/fr\/wp-json\/wp\/v2\/product"}],"about":[{"href":"https:\/\/sundar.be\/fr\/wp-json\/wp\/v2\/types\/product"}],"replies":[{"embeddable":true,"href":"https:\/\/sundar.be\/fr\/wp-json\/wp\/v2\/comments?post=56665"}],"wp:featuredmedia":[{"embeddable":true,"href":"https:\/\/sundar.be\/fr\/wp-json\/wp\/v2\/media\/56664"}],"wp:attachment":[{"href":"https:\/\/sundar.be\/fr\/wp-json\/wp\/v2\/media?parent=56665"}],"wp:term":[{"taxonomy":"product_brand","embeddable":true,"href":"https:\/\/sundar.be\/fr\/wp-json\/wp\/v2\/product_brand?post=56665"},{"taxonomy":"product_cat","embeddable":true,"href":"https:\/\/sundar.be\/fr\/wp-json\/wp\/v2\/product_cat?post=56665"},{"taxonomy":"product_tag","embeddable":true,"href":"https:\/\/sundar.be\/fr\/wp-json\/wp\/v2\/product_tag?post=56665"}],"curies":[{"name":"wp","href":"https:\/\/api.w.org\/{rel}","templated":true}]}}