{"id":56663,"date":"2025-09-17T07:45:22","date_gmt":"2025-09-17T05:45:22","guid":{"rendered":"https:\/\/sundar.be\/product\/chi-motia-attar-huile-essentielle-cultivar-25-ml\/"},"modified":"2025-11-13T14:41:19","modified_gmt":"2025-11-13T13:41:19","slug":"chi-motia-attar-huile-essentielle-cultivar-25-ml","status":"publish","type":"product","link":"https:\/\/sundar.be\/fr\/produit\/chi-motia-attar-huile-essentielle-cultivar-25-ml\/","title":{"rendered":"Chi Motia Attar Huile Essentielle (Cultivar) 2,5 ml"},"content":{"rendered":"<p>Pour le motia attar, les fleurs du jasmin indien (motia) sont \u00ab captur\u00e9es \u00bb dans l\u2019huile de santal. Une distillation pr\u00e9cieuse qui donne un parfum fantastique : doux et fleuri gr\u00e2ce au jasmin, et doux et bois\u00e9 gr\u00e2ce au santal. Un \u00ab must \u00bb pour un parfum, une cr\u00e8me ou une huile de massage. L\u2019huile combine les propri\u00e9t\u00e9s du jasmin et du santal. Elle a un effet stimulant et s\u2019utilise \u00e9galement tr\u00e8s bien dans les soins de la peau.    <\/p>\n<p><strong>Attention : <\/strong>cette mati\u00e8re premi\u00e8re est tr\u00e8s pr\u00e9cieuse et n\u2019est donc disponible qu\u2019en petit conditionnement. Le contenu de 2,5 ml correspond \u00e0 environ 50 gouttes, selon l\u2019\u00e9paisseur de la mati\u00e8re premi\u00e8re. Tenez-en compte lors de l\u2019achat. Vous recevez un flacon de 6 ml, rempli avec 2,5 ml du produit. En raison des exigences l\u00e9gales, l\u2019emballage ne peut pas \u00eatre plus petit que 6 ml. Cela peut donner l\u2019impression que le flacon n\u2019est pas totalement rempli, mais il contient bien la quantit\u00e9 correcte : 2,5 ml.    <\/p>\n","protected":false},"excerpt":{"rendered":"<p>Pour le motia attar, les fleurs du jasmin indien (motia) sont \u00ab captur\u00e9es \u00bb dans l\u2019huile de santal. Une distillation pr\u00e9cieuse qui donne un parfum fantastique : doux et fleuri gr\u00e2ce au jasmin, et doux et bois\u00e9 gr\u00e2ce au santal. Un \u00ab must \u00bb pour un parfum, une cr\u00e8me ou une huile de massage. L\u2019huile [&hellip;]<\/p>\n","protected":false},"featured_media":56662,"comment_status":"open","ping_status":"closed","template":"","meta":{"_acf_changed":false},"product_brand":[],"product_cat":[6090,5678,6112,4972],"product_tag":[],"class_list":{"0":"post-56663","1":"product","2":"type-product","3":"status-publish","4":"has-post-thumbnail","6":"product_cat-chi-natural-life","7":"product_cat-huile-essentielles","8":"product_cat-huiles-essentielles-cultivees","9":"product_cat-nos-marques","11":"first","12":"instock","13":"taxable","14":"shipping-taxable","15":"product-type-simple"},"acf":[],"_links":{"self":[{"href":"https:\/\/sundar.be\/fr\/wp-json\/wp\/v2\/product\/56663","targetHints":{"allow":["GET"]}}],"collection":[{"href":"https:\/\/sundar.be\/fr\/wp-json\/wp\/v2\/product"}],"about":[{"href":"https:\/\/sundar.be\/fr\/wp-json\/wp\/v2\/types\/product"}],"replies":[{"embeddable":true,"href":"https:\/\/sundar.be\/fr\/wp-json\/wp\/v2\/comments?post=56663"}],"wp:featuredmedia":[{"embeddable":true,"href":"https:\/\/sundar.be\/fr\/wp-json\/wp\/v2\/media\/56662"}],"wp:attachment":[{"href":"https:\/\/sundar.be\/fr\/wp-json\/wp\/v2\/media?parent=56663"}],"wp:term":[{"taxonomy":"product_brand","embeddable":true,"href":"https:\/\/sundar.be\/fr\/wp-json\/wp\/v2\/product_brand?post=56663"},{"taxonomy":"product_cat","embeddable":true,"href":"https:\/\/sundar.be\/fr\/wp-json\/wp\/v2\/product_cat?post=56663"},{"taxonomy":"product_tag","embeddable":true,"href":"https:\/\/sundar.be\/fr\/wp-json\/wp\/v2\/product_tag?post=56663"}],"curies":[{"name":"wp","href":"https:\/\/api.w.org\/{rel}","templated":true}]}}