{"id":56661,"date":"2025-09-17T07:46:47","date_gmt":"2025-09-17T05:46:47","guid":{"rendered":"https:\/\/sundar.be\/product\/chi-patchouli-huile-essentielle-cultivar-10-ml\/"},"modified":"2025-11-13T14:40:14","modified_gmt":"2025-11-13T13:40:14","slug":"chi-patchouli-huile-essentielle-cultivar-10-ml","status":"publish","type":"product","link":"https:\/\/sundar.be\/fr\/produit\/chi-patchouli-huile-essentielle-cultivar-10-ml\/","title":{"rendered":"Chi Patchouli Huile Essentielle (Cultivar) 10 ml"},"content":{"rendered":"<p>Le patchouli est une huile bien connue des ann\u00e9es soixante et soixante-dix. Les v\u00eatements provenant d\u2019Inde \u00e9taient reconnaissables \u00e0 l\u2019odeur de patchouli. La plante de patchouli ressemble un peu \u00e0 notre menthe poivr\u00e9e. Son parfum puissant a ses adeptes et ses d\u00e9tracteurs. Cela ne laisse g\u00e9n\u00e9ralement aucun doute. C\u2019est toutefois une mati\u00e8re premi\u00e8re importante pour l\u2019industrie du parfum. Sur la peau, le patchouli est utile pour les peaux rouges et s\u00e8ches. Le patchouli soutient la capacit\u00e9 de r\u00e9g\u00e9n\u00e9ration de la peau et peut \u00e9galement \u00eatre utilis\u00e9 en cas de boutons. Pour une application cutan\u00e9e, l\u2019huile essentielle doit \u00eatre m\u00e9lang\u00e9e avec une huile de massage ou une huile v\u00e9g\u00e9tale. En diffusion, le patchouli a un effet ancrant et stimulant.         <\/p>\n<p>La combinaison ci-dessous est d\u00e9licieuse dans un diffuseur ! Vous pouvez \u00e9galement en faire une huile pour la peau ou une huile de bain, en m\u00e9langeant 5 gouttes d\u2019huile essentielle dans 20 ml d\u2019huile v\u00e9g\u00e9tale ou d\u2019huile de bain. <\/p>\n<p>* 3 gouttes de bois de santal et 2 gouttes de patchouli<\/p>\n","protected":false},"excerpt":{"rendered":"<p>Le patchouli est une huile bien connue des ann\u00e9es soixante et soixante-dix. Les v\u00eatements provenant d\u2019Inde \u00e9taient reconnaissables \u00e0 l\u2019odeur de patchouli. <\/p>\n","protected":false},"featured_media":56659,"comment_status":"open","ping_status":"closed","template":"","meta":{"_acf_changed":false},"product_brand":[],"product_cat":[6090,5678,6112,4972],"product_tag":[],"class_list":{"0":"post-56661","1":"product","2":"type-product","3":"status-publish","4":"has-post-thumbnail","6":"product_cat-chi-natural-life","7":"product_cat-huile-essentielles","8":"product_cat-huiles-essentielles-cultivees","9":"product_cat-nos-marques","11":"first","12":"instock","13":"taxable","14":"shipping-taxable","15":"product-type-simple"},"acf":[],"_links":{"self":[{"href":"https:\/\/sundar.be\/fr\/wp-json\/wp\/v2\/product\/56661","targetHints":{"allow":["GET"]}}],"collection":[{"href":"https:\/\/sundar.be\/fr\/wp-json\/wp\/v2\/product"}],"about":[{"href":"https:\/\/sundar.be\/fr\/wp-json\/wp\/v2\/types\/product"}],"replies":[{"embeddable":true,"href":"https:\/\/sundar.be\/fr\/wp-json\/wp\/v2\/comments?post=56661"}],"wp:featuredmedia":[{"embeddable":true,"href":"https:\/\/sundar.be\/fr\/wp-json\/wp\/v2\/media\/56659"}],"wp:attachment":[{"href":"https:\/\/sundar.be\/fr\/wp-json\/wp\/v2\/media?parent=56661"}],"wp:term":[{"taxonomy":"product_brand","embeddable":true,"href":"https:\/\/sundar.be\/fr\/wp-json\/wp\/v2\/product_brand?post=56661"},{"taxonomy":"product_cat","embeddable":true,"href":"https:\/\/sundar.be\/fr\/wp-json\/wp\/v2\/product_cat?post=56661"},{"taxonomy":"product_tag","embeddable":true,"href":"https:\/\/sundar.be\/fr\/wp-json\/wp\/v2\/product_tag?post=56661"}],"curies":[{"name":"wp","href":"https:\/\/api.w.org\/{rel}","templated":true}]}}