{"id":56658,"date":"2025-09-17T07:49:03","date_gmt":"2025-09-17T05:49:03","guid":{"rendered":"https:\/\/sundar.be\/product\/chi-rose-attar-huile-essentielle-25-ml\/"},"modified":"2025-11-13T14:39:24","modified_gmt":"2025-11-13T13:39:24","slug":"chi-rose-attar-huile-essentielle-25-ml","status":"publish","type":"product","link":"https:\/\/sundar.be\/fr\/produit\/chi-rose-attar-huile-essentielle-25-ml\/","title":{"rendered":"Chi Rose Attar Huile Essentielle 2,5 ml"},"content":{"rendered":"<p>Dans la merveilleusement parfum\u00e9e rose attar, le d\u00e9licat parfum de rose est captur\u00e9 dans la pr\u00e9cieuse huile de bois de santal. Cette distillation sp\u00e9ciale n\u2019est r\u00e9alis\u00e9e qu\u2019en Inde. La combinaison de bois de santal et de rose donne un parfum doux et exquis : la douceur florale de la rose et le bois\u00e9 aromatique d\u00e9licat du santal. Une fragrance qui m\u00e9rite d\u2019\u00eatre utilis\u00e9e pour cr\u00e9er un parfum, une huile de massage\/de soin de la peau ou une cr\u00e8me. Le parfum procure une sensation de bien-\u00eatre et de protection. Un \u00ab must \u00bb en aromath\u00e9rapie.     <\/p>\n<p><strong>Attention : <\/strong>cette mati\u00e8re premi\u00e8re est tr\u00e8s pr\u00e9cieuse et n\u2019est donc disponible qu\u2019en petit conditionnement. Le contenu de 2,5 ml correspond \u00e0 environ 50 gouttes, selon l\u2019\u00e9paisseur de la mati\u00e8re premi\u00e8re. Tenez-en compte lors de l\u2019achat. Vous recevez un flacon de 6 ml, rempli avec 2,5 ml du produit. En raison des exigences l\u00e9gales, l\u2019emballage ne peut pas \u00eatre plus petit que 6 ml. Cela peut donner l\u2019impression que le flacon n\u2019est pas totalement rempli, mais il contient bien la quantit\u00e9 correcte : 2,5 ml.    <\/p>\n","protected":false},"excerpt":{"rendered":"<p>Dans la merveilleusement parfum\u00e9e rose attar, le d\u00e9licat parfum de rose est captur\u00e9 dans la pr\u00e9cieuse huile de bois de santal. Cette distillation sp\u00e9ciale n\u2019est r\u00e9alis\u00e9e qu\u2019en Inde. La combinaison de bois de santal et de rose donne un parfum doux et exquis : la douceur florale de la rose et le bois\u00e9 aromatique d\u00e9licat [&hellip;]<\/p>\n","protected":false},"featured_media":56657,"comment_status":"open","ping_status":"closed","template":"","meta":{"_acf_changed":false},"product_brand":[],"product_cat":[6090,6106,4972],"product_tag":[],"class_list":{"0":"post-56658","1":"product","2":"type-product","3":"status-publish","4":"has-post-thumbnail","6":"product_cat-chi-natural-life","7":"product_cat-chi-soin-de-la-peau","8":"product_cat-nos-marques","10":"first","11":"instock","12":"taxable","13":"shipping-taxable","14":"product-type-simple"},"acf":[],"_links":{"self":[{"href":"https:\/\/sundar.be\/fr\/wp-json\/wp\/v2\/product\/56658","targetHints":{"allow":["GET"]}}],"collection":[{"href":"https:\/\/sundar.be\/fr\/wp-json\/wp\/v2\/product"}],"about":[{"href":"https:\/\/sundar.be\/fr\/wp-json\/wp\/v2\/types\/product"}],"replies":[{"embeddable":true,"href":"https:\/\/sundar.be\/fr\/wp-json\/wp\/v2\/comments?post=56658"}],"wp:featuredmedia":[{"embeddable":true,"href":"https:\/\/sundar.be\/fr\/wp-json\/wp\/v2\/media\/56657"}],"wp:attachment":[{"href":"https:\/\/sundar.be\/fr\/wp-json\/wp\/v2\/media?parent=56658"}],"wp:term":[{"taxonomy":"product_brand","embeddable":true,"href":"https:\/\/sundar.be\/fr\/wp-json\/wp\/v2\/product_brand?post=56658"},{"taxonomy":"product_cat","embeddable":true,"href":"https:\/\/sundar.be\/fr\/wp-json\/wp\/v2\/product_cat?post=56658"},{"taxonomy":"product_tag","embeddable":true,"href":"https:\/\/sundar.be\/fr\/wp-json\/wp\/v2\/product_tag?post=56658"}],"curies":[{"name":"wp","href":"https:\/\/api.w.org\/{rel}","templated":true}]}}