{"id":56656,"date":"2025-09-17T07:50:34","date_gmt":"2025-09-17T05:50:34","guid":{"rendered":"https:\/\/sundar.be\/product\/chi-myrrhe-huile-essentielle-sauvage-10-ml\/"},"modified":"2025-11-13T14:38:57","modified_gmt":"2025-11-13T13:38:57","slug":"chi-myrrhe-huile-essentielle-sauvage-10-ml","status":"publish","type":"product","link":"https:\/\/sundar.be\/fr\/produit\/chi-myrrhe-huile-essentielle-sauvage-10-ml\/","title":{"rendered":"Chi Myrrhe Huile Essentielle (Sauvage) 10 ml"},"content":{"rendered":"<p>La myrrhe est une huile r\u00e9sineuse au parfum chaud, l\u00e9g\u00e8rement \u00e9pic\u00e9 et sucr\u00e9. L\u2019huile est connue pour son aide \u00e0 la m\u00e9ditation. Diffusez-la dans un espace de m\u00e9ditation. L\u2019huile, un peu sirupeuse, peut \u00e0 cet effet \u00eatre bien m\u00e9lang\u00e9e avec de l\u2019encens ou de l\u2019\u00e9l\u00e9mi. La myrrhe nourrit et prot\u00e8ge la peau et est l\u2019une des meilleures huiles pour les peaux rugueuses et s\u00e8ches. Elle est \u00e9galement beaucoup utilis\u00e9e dans les soins buccaux. Pour une application sur la peau, m\u00e9langez l\u2019huile essentielle avec une huile de massage ou une huile v\u00e9g\u00e9tale.      <\/p>\n<p>Cette combinaison est d\u00e9licieuse dans un diffuseur : 1 goutte d\u2019encens, 1 goutte de myrrhe, 3 gouttes d\u2019orange. Vous pouvez \u00e9galement en faire vous-m\u00eame une huile pour la peau ou pour le bain, en m\u00e9langeant 5 gouttes d\u2019huile essentielle dans 20 ml d\u2019huile v\u00e9g\u00e9tale ou d\u2019huile de bain. <\/p>\n","protected":false},"excerpt":{"rendered":"<p>La myrrhe est une huile r\u00e9sineuse au parfum chaud, l\u00e9g\u00e8rement \u00e9pic\u00e9 et sucr\u00e9. L\u2019huile est connue pour son aide \u00e0 la m\u00e9ditation. Diffusez-la dans un espace de m\u00e9ditation. L\u2019huile, un peu sirupeuse, peut \u00e0 cet effet \u00eatre bien m\u00e9lang\u00e9e avec de l\u2019encens ou de l\u2019\u00e9l\u00e9mi. La myrrhe nourrit et prot\u00e8ge la peau et est l\u2019une [&hellip;]<\/p>\n","protected":false},"featured_media":56655,"comment_status":"open","ping_status":"closed","template":"","meta":{"_acf_changed":false},"product_brand":[],"product_cat":[6090,5678,6113,4972],"product_tag":[],"class_list":{"0":"post-56656","1":"product","2":"type-product","3":"status-publish","4":"has-post-thumbnail","6":"product_cat-chi-natural-life","7":"product_cat-huile-essentielles","8":"product_cat-huiles-essentielles-sauvages","9":"product_cat-nos-marques","11":"first","12":"instock","13":"taxable","14":"shipping-taxable","15":"product-type-simple"},"acf":[],"_links":{"self":[{"href":"https:\/\/sundar.be\/fr\/wp-json\/wp\/v2\/product\/56656","targetHints":{"allow":["GET"]}}],"collection":[{"href":"https:\/\/sundar.be\/fr\/wp-json\/wp\/v2\/product"}],"about":[{"href":"https:\/\/sundar.be\/fr\/wp-json\/wp\/v2\/types\/product"}],"replies":[{"embeddable":true,"href":"https:\/\/sundar.be\/fr\/wp-json\/wp\/v2\/comments?post=56656"}],"wp:featuredmedia":[{"embeddable":true,"href":"https:\/\/sundar.be\/fr\/wp-json\/wp\/v2\/media\/56655"}],"wp:attachment":[{"href":"https:\/\/sundar.be\/fr\/wp-json\/wp\/v2\/media?parent=56656"}],"wp:term":[{"taxonomy":"product_brand","embeddable":true,"href":"https:\/\/sundar.be\/fr\/wp-json\/wp\/v2\/product_brand?post=56656"},{"taxonomy":"product_cat","embeddable":true,"href":"https:\/\/sundar.be\/fr\/wp-json\/wp\/v2\/product_cat?post=56656"},{"taxonomy":"product_tag","embeddable":true,"href":"https:\/\/sundar.be\/fr\/wp-json\/wp\/v2\/product_tag?post=56656"}],"curies":[{"name":"wp","href":"https:\/\/api.w.org\/{rel}","templated":true}]}}