{"id":56654,"date":"2025-09-17T08:07:47","date_gmt":"2025-09-17T06:07:47","guid":{"rendered":"https:\/\/sundar.be\/product\/chi-bourrache-huile-vegetale-biologique-50-ml\/"},"modified":"2025-11-13T14:38:02","modified_gmt":"2025-11-13T13:38:02","slug":"chi-bourrache-huile-vegetale-biologique-50-ml","status":"publish","type":"product","link":"https:\/\/sundar.be\/fr\/produit\/chi-bourrache-huile-vegetale-biologique-50-ml\/","title":{"rendered":"Chi Bourrache Huile V\u00e9g\u00e9tale (Biologique) 50 ml"},"content":{"rendered":"<p>La bourrache (\u00e9galement connue sous le nom de borage ou herbe \u00e0 la bourrache) est obtenue par pression \u00e0 froid des graines de la plante de bourrache.<span data-ccp-props=\"{}\"> <\/span><\/p>\n<p>C\u2019est une huile v\u00e9g\u00e9tale tr\u00e8s particuli\u00e8re, rarement propos\u00e9e en raison de son faible rendement, ce qui la rend pr\u00e9cieuse. L\u2019huile contient une teneur tr\u00e8s \u00e9lev\u00e9e en acides gras polyinsatur\u00e9s : acide linol\u00e9ique et la plus forte source de toutes les huiles v\u00e9g\u00e9tales en vitamines E et F (jusqu\u2019\u00e0 25 %). L\u2019huile de bourrache convient \u00e0 tous les types de peau, y compris les peaux matures. Elle p\u00e9n\u00e8tre bien dans la peau, adoucit et soutient la capacit\u00e9 de r\u00e9g\u00e9n\u00e9ration de la peau. Cette huile v\u00e9g\u00e9tale particuli\u00e8re poss\u00e8de un l\u00e9ger facteur de protection solaire. L\u2019huile de bourrache donne de bons r\u00e9sultats (par exemple en combinaison avec le calendula) sur une peau rouge, sensible et tr\u00e8s s\u00e8che.     <\/p>\n","protected":false},"excerpt":{"rendered":"<p>La bourrache (\u00e9galement connue sous le nom de borage ou herbe \u00e0 la bourrache) est obtenue par pression \u00e0 froid des graines de la plante de bourrache. C\u2019est une huile v\u00e9g\u00e9tale tr\u00e8s particuli\u00e8re, rarement propos\u00e9e en raison de son faible rendement, ce qui la rend pr\u00e9cieuse. L\u2019huile contient une teneur tr\u00e8s \u00e9lev\u00e9e en acides gras [&hellip;]<\/p>\n","protected":false},"featured_media":56653,"comment_status":"open","ping_status":"closed","template":"","meta":{"_acf_changed":false},"product_brand":[],"product_cat":[6090,5676,6106,4225,6115,4223,4972,5058],"product_tag":[],"class_list":{"0":"post-56654","1":"product","2":"type-product","3":"status-publish","4":"has-post-thumbnail","6":"product_cat-chi-natural-life","7":"product_cat-chi-natural-life-massage","8":"product_cat-chi-soin-de-la-peau","9":"product_cat-huiles-de-massage-lotions","10":"product_cat-chi-huile-vegetale","11":"product_cat-massage-fr-webshop-fr","12":"product_cat-nos-marques","13":"product_cat-webshop-fr","15":"first","16":"instock","17":"taxable","18":"shipping-taxable","19":"product-type-simple"},"acf":[],"_links":{"self":[{"href":"https:\/\/sundar.be\/fr\/wp-json\/wp\/v2\/product\/56654","targetHints":{"allow":["GET"]}}],"collection":[{"href":"https:\/\/sundar.be\/fr\/wp-json\/wp\/v2\/product"}],"about":[{"href":"https:\/\/sundar.be\/fr\/wp-json\/wp\/v2\/types\/product"}],"replies":[{"embeddable":true,"href":"https:\/\/sundar.be\/fr\/wp-json\/wp\/v2\/comments?post=56654"}],"wp:featuredmedia":[{"embeddable":true,"href":"https:\/\/sundar.be\/fr\/wp-json\/wp\/v2\/media\/56653"}],"wp:attachment":[{"href":"https:\/\/sundar.be\/fr\/wp-json\/wp\/v2\/media?parent=56654"}],"wp:term":[{"taxonomy":"product_brand","embeddable":true,"href":"https:\/\/sundar.be\/fr\/wp-json\/wp\/v2\/product_brand?post=56654"},{"taxonomy":"product_cat","embeddable":true,"href":"https:\/\/sundar.be\/fr\/wp-json\/wp\/v2\/product_cat?post=56654"},{"taxonomy":"product_tag","embeddable":true,"href":"https:\/\/sundar.be\/fr\/wp-json\/wp\/v2\/product_tag?post=56654"}],"curies":[{"name":"wp","href":"https:\/\/api.w.org\/{rel}","templated":true}]}}