{"id":56652,"date":"2025-09-17T08:09:13","date_gmt":"2025-09-17T06:09:13","guid":{"rendered":"https:\/\/sundar.be\/product\/chi-bleuet-hydrolat-biologique-150-ml\/"},"modified":"2025-11-13T14:33:34","modified_gmt":"2025-11-13T13:33:34","slug":"chi-bleuet-hydrolat-biologique-150-ml","status":"publish","type":"product","link":"https:\/\/sundar.be\/fr\/produit\/chi-bleuet-hydrolat-biologique-150-ml\/","title":{"rendered":"Chi Bleuet Hydrolat (Biologique) 150 ml"},"content":{"rendered":"<p>Un hydrolat floral issu de la plante en fleurs. Son parfum est tr\u00e8s raffin\u00e9, doux et fleuri. Sur la peau, le bleuet agit comme un adoucissant, un calmant et un rafra\u00eechissant, ce qui le rend tr\u00e8s adapt\u00e9 aux peaux s\u00e8ches et matures. C\u2019est un produit fantastique en cas de probl\u00e8mes oculaires et pour les soins de beaut\u00e9 des yeux : offrez \u00e0 vos yeux une compresse quotidienne de bleuet. D\u00e9licieusement rafra\u00eechissant et apaisant pour les yeux fatigu\u00e9s, gonfl\u00e9s ou irrit\u00e9s. En usage interne, le bleuet est calmant et favorise la digestion. Une petite touche dans le th\u00e9 a un effet apaisant en cas de bouff\u00e9es de chaleur.      <\/p>\n","protected":false},"excerpt":{"rendered":"<p>Un hydrolat floral issu de la plante en fleurs. Son parfum est tr\u00e8s raffin\u00e9, doux et fleuri. Sur la peau, le bleuet agit comme un adoucissant, un calmant et un rafra\u00eechissant, ce qui le rend tr\u00e8s adapt\u00e9 aux peaux s\u00e8ches et matures. C\u2019est un produit fantastique en cas de probl\u00e8mes oculaires et pour les soins [&hellip;]<\/p>\n","protected":false},"featured_media":56650,"comment_status":"open","ping_status":"closed","template":"","meta":{"_acf_changed":false},"product_brand":[],"product_cat":[6090,6106,4972],"product_tag":[],"class_list":{"0":"post-56652","1":"product","2":"type-product","3":"status-publish","4":"has-post-thumbnail","6":"product_cat-chi-natural-life","7":"product_cat-chi-soin-de-la-peau","8":"product_cat-nos-marques","10":"first","11":"instock","12":"taxable","13":"shipping-taxable","14":"product-type-simple"},"acf":[],"_links":{"self":[{"href":"https:\/\/sundar.be\/fr\/wp-json\/wp\/v2\/product\/56652","targetHints":{"allow":["GET"]}}],"collection":[{"href":"https:\/\/sundar.be\/fr\/wp-json\/wp\/v2\/product"}],"about":[{"href":"https:\/\/sundar.be\/fr\/wp-json\/wp\/v2\/types\/product"}],"replies":[{"embeddable":true,"href":"https:\/\/sundar.be\/fr\/wp-json\/wp\/v2\/comments?post=56652"}],"wp:featuredmedia":[{"embeddable":true,"href":"https:\/\/sundar.be\/fr\/wp-json\/wp\/v2\/media\/56650"}],"wp:attachment":[{"href":"https:\/\/sundar.be\/fr\/wp-json\/wp\/v2\/media?parent=56652"}],"wp:term":[{"taxonomy":"product_brand","embeddable":true,"href":"https:\/\/sundar.be\/fr\/wp-json\/wp\/v2\/product_brand?post=56652"},{"taxonomy":"product_cat","embeddable":true,"href":"https:\/\/sundar.be\/fr\/wp-json\/wp\/v2\/product_cat?post=56652"},{"taxonomy":"product_tag","embeddable":true,"href":"https:\/\/sundar.be\/fr\/wp-json\/wp\/v2\/product_tag?post=56652"}],"curies":[{"name":"wp","href":"https:\/\/api.w.org\/{rel}","templated":true}]}}