{"id":56649,"date":"2025-09-17T08:10:33","date_gmt":"2025-09-17T06:10:33","guid":{"rendered":"https:\/\/sundar.be\/product\/chi-davos-roller-kids-10ml\/"},"modified":"2025-11-13T14:32:10","modified_gmt":"2025-11-13T13:32:10","slug":"chi-davos-roller-kids-10ml","status":"publish","type":"product","link":"https:\/\/sundar.be\/fr\/produit\/chi-davos-roller-kids-10ml\/","title":{"rendered":"Chi Davos Roller Kids 10ml"},"content":{"rendered":"<p>Davos Roller for Kids aide \u00e0 respirer plus librement et procure \u00e9galement un effet apaisant. Ce roller est 100 % naturel avec la fantastique huile de jojoba, tr\u00e8s douce pour la peau, comme base. Les huiles essentielles ajout\u00e9es ont \u00e9t\u00e9 choisies de mani\u00e8re \u00e0 cr\u00e9er un produit purifiant, doux pour les tout-petits. Ce roller est sp\u00e9cialement con\u00e7u pour le jeune enfant (\u00e0 partir de 1 an) et contient des huiles essentielles b\u00e9n\u00e9fiques pour les voies respiratoires : pin sylvestre (Pinus sylvestris), eucalyptus radiata, menthe poivr\u00e9e fran\u00e7aise (Mentha x piperita), lavande fran\u00e7aise (Lavandula angustifolia) et mandarine (Citrus reticulata). Les qualit\u00e9s nourrissantes de ce produit sont compl\u00e9t\u00e9es par son action sur les voies respiratoires.    <\/p>\n","protected":false},"excerpt":{"rendered":"<p>Davos Roller for Kids aide \u00e0 respirer plus librement et procure \u00e9galement un effet apaisant. Ce roller est 100 % naturel avec la fantastique huile de jojoba, tr\u00e8s douce pour la peau, comme base. Les huiles essentielles ajout\u00e9es ont \u00e9t\u00e9 choisies de mani\u00e8re \u00e0 cr\u00e9er un produit purifiant, doux pour les tout-petits. Ce roller est [&hellip;]<\/p>\n","protected":false},"featured_media":56648,"comment_status":"open","ping_status":"closed","template":"","meta":{"_acf_changed":false},"product_brand":[],"product_cat":[6090,6106,4972],"product_tag":[],"class_list":{"0":"post-56649","1":"product","2":"type-product","3":"status-publish","4":"has-post-thumbnail","6":"product_cat-chi-natural-life","7":"product_cat-chi-soin-de-la-peau","8":"product_cat-nos-marques","10":"first","11":"instock","12":"taxable","13":"shipping-taxable","14":"product-type-simple"},"acf":[],"_links":{"self":[{"href":"https:\/\/sundar.be\/fr\/wp-json\/wp\/v2\/product\/56649","targetHints":{"allow":["GET"]}}],"collection":[{"href":"https:\/\/sundar.be\/fr\/wp-json\/wp\/v2\/product"}],"about":[{"href":"https:\/\/sundar.be\/fr\/wp-json\/wp\/v2\/types\/product"}],"replies":[{"embeddable":true,"href":"https:\/\/sundar.be\/fr\/wp-json\/wp\/v2\/comments?post=56649"}],"wp:featuredmedia":[{"embeddable":true,"href":"https:\/\/sundar.be\/fr\/wp-json\/wp\/v2\/media\/56648"}],"wp:attachment":[{"href":"https:\/\/sundar.be\/fr\/wp-json\/wp\/v2\/media?parent=56649"}],"wp:term":[{"taxonomy":"product_brand","embeddable":true,"href":"https:\/\/sundar.be\/fr\/wp-json\/wp\/v2\/product_brand?post=56649"},{"taxonomy":"product_cat","embeddable":true,"href":"https:\/\/sundar.be\/fr\/wp-json\/wp\/v2\/product_cat?post=56649"},{"taxonomy":"product_tag","embeddable":true,"href":"https:\/\/sundar.be\/fr\/wp-json\/wp\/v2\/product_tag?post=56649"}],"curies":[{"name":"wp","href":"https:\/\/api.w.org\/{rel}","templated":true}]}}