{"id":56647,"date":"2025-09-17T08:14:53","date_gmt":"2025-09-17T06:14:53","guid":{"rendered":"https:\/\/sundar.be\/product\/chi-helichryse-hydrolat-biologique-150-ml\/"},"modified":"2025-11-13T14:31:16","modified_gmt":"2025-11-13T13:31:16","slug":"chi-helichryse-hydrolat-biologique-150-ml","status":"publish","type":"product","link":"https:\/\/sundar.be\/fr\/produit\/chi-helichryse-hydrolat-biologique-150-ml\/","title":{"rendered":"Chi H\u00e9lichryse Hydrolat (Biologique) 150 ml"},"content":{"rendered":"<p>L\u2019hydrolat de cette plante aromatique est r\u00e9g\u00e9n\u00e9rant, fortifiant, aide \u00e0 l\u2019\u00e9limination et \u00e0 la r\u00e9paration des bleus et des cicatrices. L\u2019h\u00e9lichryse est un \u00ab must \u00bb apr\u00e8s une blessure ou une coupure de la peau, surtout en combinaison avec l\u2019huile. C\u2019est un premier choix pour stimuler la capacit\u00e9 de r\u00e9g\u00e9n\u00e9ration de la peau. Utilisez l\u2019hydrolat pur sur la peau, dans le bain, en compresse froide pour les probl\u00e8mes cutan\u00e9s ou en compresse oculaire pour les cernes. Utilisez l\u2019hydrolat d\u2019h\u00e9lichryse sur les petites plaies et apr\u00e8s un tatouage ou un piercing : il d\u00e9sinfecte et r\u00e9pare la peau.    <\/p>\n<p>Les hydrolats sont doux et ne piquent pas car ils sont 100 % purs et donc exempts d\u2019alcool. Id\u00e9al aussi comme bain de bouche (m\u00e9lang\u00e9 50:50 avec de l\u2019eau) apr\u00e8s une visite chez le dentiste. L\u2019h\u00e9lichryse est \u00e9galement connue sous le nom d\u2019\u00ab Immortelle \u00bb. En effet, les petites fleurs de l\u2019h\u00e9lichryse conservent leur couleur jaune vif apr\u00e8s s\u00e9chage et sont donc populaires dans les bouquets secs. Un autre nom est \u00ab plante curry \u00bb, car toute la plante d\u00e9gage une forte odeur de curry. L\u2019hydrolat est obtenu par distillation de la plante en fleurs de l\u2019h\u00e9lichryse. L\u2019odeur de l\u2019hydrolat est plus subtile que celle de l\u2019huile : m\u00e9diterran\u00e9enne, aromatique, miell\u00e9e, avec une note de th\u00e9 et de camomille.      <\/p>\n","protected":false},"excerpt":{"rendered":"<p>L\u2019hydrolat de cette plante aromatique est r\u00e9g\u00e9n\u00e9rant, fortifiant, aide \u00e0 l\u2019\u00e9limination et \u00e0 la r\u00e9paration des bleus et des cicatrices. L\u2019h\u00e9lichryse est un \u00ab must \u00bb apr\u00e8s une blessure ou une coupure de la peau, surtout en combinaison avec l\u2019huile. C\u2019est un premier choix pour stimuler la capacit\u00e9 de r\u00e9g\u00e9n\u00e9ration de la peau. Utilisez l\u2019hydrolat [&hellip;]<\/p>\n","protected":false},"featured_media":56645,"comment_status":"open","ping_status":"closed","template":"","meta":{"_acf_changed":false},"product_brand":[],"product_cat":[6090,6106,4972],"product_tag":[],"class_list":{"0":"post-56647","1":"product","2":"type-product","3":"status-publish","4":"has-post-thumbnail","6":"product_cat-chi-natural-life","7":"product_cat-chi-soin-de-la-peau","8":"product_cat-nos-marques","10":"first","11":"instock","12":"taxable","13":"shipping-taxable","14":"product-type-simple"},"acf":[],"_links":{"self":[{"href":"https:\/\/sundar.be\/fr\/wp-json\/wp\/v2\/product\/56647","targetHints":{"allow":["GET"]}}],"collection":[{"href":"https:\/\/sundar.be\/fr\/wp-json\/wp\/v2\/product"}],"about":[{"href":"https:\/\/sundar.be\/fr\/wp-json\/wp\/v2\/types\/product"}],"replies":[{"embeddable":true,"href":"https:\/\/sundar.be\/fr\/wp-json\/wp\/v2\/comments?post=56647"}],"wp:featuredmedia":[{"embeddable":true,"href":"https:\/\/sundar.be\/fr\/wp-json\/wp\/v2\/media\/56645"}],"wp:attachment":[{"href":"https:\/\/sundar.be\/fr\/wp-json\/wp\/v2\/media?parent=56647"}],"wp:term":[{"taxonomy":"product_brand","embeddable":true,"href":"https:\/\/sundar.be\/fr\/wp-json\/wp\/v2\/product_brand?post=56647"},{"taxonomy":"product_cat","embeddable":true,"href":"https:\/\/sundar.be\/fr\/wp-json\/wp\/v2\/product_cat?post=56647"},{"taxonomy":"product_tag","embeddable":true,"href":"https:\/\/sundar.be\/fr\/wp-json\/wp\/v2\/product_tag?post=56647"}],"curies":[{"name":"wp","href":"https:\/\/api.w.org\/{rel}","templated":true}]}}